{"id":33049,"date":"2019-11-11T09:42:12","date_gmt":"2019-11-11T07:42:12","guid":{"rendered":"https:\/\/rfix.eu\/erilahendused\/"},"modified":"2024-09-16T13:08:15","modified_gmt":"2024-09-16T10:08:15","slug":"speciallosningar","status":"publish","type":"page","link":"https:\/\/rfix.eu\/sv\/speciallosningar\/","title":{"rendered":"Speciall\u00f6sningar"},"content":{"rendered":"\n<p>R-FIX hj\u00e4lper kunder att utf\u00f6ra komplicerade och stora projekt genom att erbjuda teknisk support samt projektering och tillverkning av projektbaserade produkter.<\/p>\n\n\n\n<p>Ibland kan det h\u00e4nda att standardprodukter inte kan anv\u00e4ndas i specialprojekt av kostnadssk\u00e4l, p\u00e5 grund av monteringssv\u00e5righeter eller specifika inf\u00e4stningsbehov.  <\/p>\n\n\n\n<p>Oftast hj\u00e4lper det vid s\u00e5dana fall att anpassa standardprodukten till projektet, t.ex. genom anv\u00e4ndning av s\u00e4rskilda inf\u00e4stningsh\u00e5l eller r\u00e4ckesprofiler med s\u00e4rskild anodisering.  <\/p>\n\n\n\n<p>Men det f\u00f6rekommer \u00e4ven inf\u00e4stningsbehov d\u00e4r det inte r\u00e4cker med anpassning av standarprodukter och s\u00e5dana fall beh\u00f6ver speciall\u00f6sningar. <\/p>\n\n\n<div id=\"acf-block-block_cc146e2dd83ca7df41c6a5a63772fd3e\" class=\" acf-block-element block-bordered\">\n<div class=\"bordered-box text-center\"><img decoding=\"async\" src=\"https:\/\/rfix.eu\/wp-content\/uploads\/2019\/11\/anname-n-u.svg\" class=\"custom-svg\" alt=\"\" \/><h3>Vi ger r\u00e5d i projekteringsskedet, hj\u00e4lper att komplettera arbetsritningar och v\u00e4lja l\u00e4mpliga f\u00e4stbeslag.<\/h3><p>Genom \u00e5ren har vi hj\u00e4lpt b\u00e5de projekt\u00f6rer och byggare att skapa m\u00e5nga s\u00e4kra och kostnadseffektiva glas-och-st\u00e5lkonstruktioner och kan utifr\u00e5n den erfarenheten ge r\u00e5d och tips f\u00f6r b\u00e4sta l\u00f6sningar.<\/p><\/div><\/div>\n\n\n<h2 class=\"wp-block-heading has-text-align-center\"><strong>V\u00e5r arbetsprocess<\/strong><\/h2>\n\n\n<div id=\"acf-block-block_740f52e9841d836256a16ac8829843a6\" class=\"acf-block-element block-iconboxes\">\n<div class=\"gutenberg-iconboxes\"><div class=\"iconbox d-flex flex-wrap\"><div class=\"iconbox-icon\"><div class=\"d-flex flex-wrap align-items-center justify-content-center\"><img decoding=\"async\" src=\"https:\/\/rfix.eu\/wp-content\/uploads\/2019\/11\/samm-1.svg\" class=\"custom-svg\" alt=\"\" \/><\/div><\/div><div class=\"iconbox-content\"><h6 class=\"text-uppercase\">STEG 1<\/h6><div class=\"editor-content\"><p>Vi kartl\u00e4gger kundens behov av f\u00e4stbeslag tillsammans med kunden utifr\u00e5n projektritningar och g\u00e4llande krav. V\u00e5ra erfarna specialister hj\u00e4lper att hitta en l\u00f6sning som \u00e4r b\u00e5de tilltalande, s\u00e4ker och konkurrenskraftig.<\/p>\n<\/div><\/div><\/div><div class=\"iconbox d-flex flex-wrap\"><div class=\"iconbox-icon\"><div class=\"d-flex flex-wrap align-items-center justify-content-center\"><img decoding=\"async\" src=\"https:\/\/rfix.eu\/wp-content\/uploads\/2019\/11\/samm-2.svg\" class=\"custom-svg\" alt=\"\" \/><\/div><\/div><div class=\"iconbox-content\"><h6 class=\"text-uppercase\">STEG 2<\/h6><div class=\"editor-content\"><p>Vi v\u00e4ljer ut l\u00e4mpliga standardprodukter eller designar skr\u00e4ddarsydda produkter f\u00f6r projektet. Vi v\u00e4ljer alltid de mest kostnadseffektiva l\u00f6sningarna f\u00f6r kunden.<br \/>\nI designprocessen utf\u00f6r vi h\u00e5llfasthetsber\u00e4kningar f\u00f6r b\u00e5de glas och f\u00e4stbeslag utifr\u00e5n glasets egenvikt och de laster glaset uts\u00e4tts f\u00f6r s\u00e5som brukslast och vindlast. Beroende p\u00e5 projektets sv\u00e5righetsgrad g\u00f6r vi ber\u00e4kningar b\u00e5de manuellt och anv\u00e4nder programmet Autodesk Nastran f\u00f6r FEM (Finite Element Method) ber\u00e4kningar. <\/p>\n<\/div><\/div><\/div><div class=\"iconbox d-flex flex-wrap\"><div class=\"iconbox-icon\"><div class=\"d-flex flex-wrap align-items-center justify-content-center\"><img decoding=\"async\" src=\"https:\/\/rfix.eu\/wp-content\/uploads\/2019\/11\/samm-3.svg\" class=\"custom-svg\" alt=\"\" \/><\/div><\/div><div class=\"iconbox-content\"><h6 class=\"text-uppercase\">STEG 3<\/h6><div class=\"editor-content\"><p>Vi f\u00f6resl\u00e5r l\u00e4mpliga inf\u00e4stningsl\u00f6sningar f\u00f6r projektet och ger kundens projekt\u00f6rer handledning f\u00f6r korrekt anv\u00e4ndning av v\u00e5ra produkter i projektet.<\/p>\n<\/div><\/div><\/div><div class=\"iconbox d-flex flex-wrap\"><div class=\"iconbox-icon\"><div class=\"d-flex flex-wrap align-items-center justify-content-center\"><img decoding=\"async\" src=\"https:\/\/rfix.eu\/wp-content\/uploads\/2019\/11\/samm-4.svg\" class=\"custom-svg\" alt=\"\" \/><\/div><\/div><div class=\"iconbox-content\"><h6 class=\"text-uppercase\">STEG 4<\/h6><div class=\"editor-content\"><p>Vi tillverkar de f\u00f6r projektet godk\u00e4nda f\u00e4stbeslagen och utf\u00f6r vid behov lasttester i laboratorium f\u00f6r att verifiera deras \u00f6verensst\u00e4mmelse med g\u00e4llande krav.<\/p>\n<\/div><\/div><\/div><div class=\"iconbox d-flex flex-wrap\"><div class=\"iconbox-icon\"><div class=\"d-flex flex-wrap align-items-center justify-content-center\"><img decoding=\"async\" src=\"https:\/\/rfix.eu\/wp-content\/uploads\/2019\/11\/samm-5.svg\" class=\"custom-svg\" alt=\"\" \/><\/div><\/div><div class=\"iconbox-content\"><h6 class=\"text-uppercase\">STEG 5<\/h6><div class=\"editor-content\"><p>Vi levererar produkterna enligt \u00f6verenskommelse till byggplatsen eller till kundens verksamhet. Tillsammans med produkterna \u00f6verl\u00e4mnar vi \u00e4ven alla n\u00f6dv\u00e4ndiga handlingar f\u00f6r projektet &#8211; DoP certifikat och anv\u00e4ndaranvisningar.<\/p>\n<\/div><\/div><\/div><div class=\"iconbox d-flex flex-wrap\"><div class=\"iconbox-icon\"><div class=\"d-flex flex-wrap align-items-center justify-content-center\"><img decoding=\"async\" src=\"https:\/\/rfix.eu\/wp-content\/uploads\/2019\/11\/samm-6.svg\" class=\"custom-svg\" alt=\"\" \/><\/div><\/div><div class=\"iconbox-content\"><h6 class=\"text-uppercase\">STEG 6<\/h6><div class=\"editor-content\"><p>Vi finns alltid tillg\u00e4ngliga f\u00f6r kunden \u00e4ven efter f\u00f6rs\u00e4ljningen och hj\u00e4lper att l\u00f6sa eventuella uppkomna fr\u00e5gor. <\/p>\n<\/div><\/div><\/div><\/div><\/div>","protected":false},"excerpt":{"rendered":"<p>R-FIX hj\u00e4lper kunder att utf\u00f6ra komplicerade och stora projekt genom att erbjuda teknisk support samt projektering och tillverkning av projektbaserade&#8230;<\/p>\n","protected":false},"author":1,"featured_media":0,"parent":0,"menu_order":20,"comment_status":"closed","ping_status":"closed","template":"","meta":{"_acf_changed":false,"inline_featured_image":false,"footnotes":""},"class_list":["post-33049","page","type-page","status-publish","hentry"],"acf":[],"yoast_head":"<!-- This site is optimized with the Yoast SEO plugin v27.2 - https:\/\/yoast.com\/product\/yoast-seo-wordpress\/ -->\n<title>Klaaspiirete, -fassaadide ja -varikatuste erilahendused - R-FIX O\u00dc<\/title>\n<meta name=\"description\" content=\"Anname n\u00f5u projektide koostamise staadiumis, aitame t\u00e4psustada t\u00f6\u00f6projekte ning valida sobivaid kinnitustarvikuid. Loe siit l\u00e4hemalt!\" \/>\n<meta name=\"robots\" content=\"index, follow, max-snippet:-1, max-image-preview:large, max-video-preview:-1\" \/>\n<link rel=\"canonical\" href=\"https:\/\/rfix.eu\/sv\/speciallosningar\/\" \/>\n<meta property=\"og:locale\" content=\"sv_SE\" \/>\n<meta property=\"og:type\" content=\"article\" \/>\n<meta property=\"og:title\" content=\"Klaaspiirete, -fassaadide ja -varikatuste erilahendused - R-FIX O\u00dc\" \/>\n<meta property=\"og:description\" content=\"Anname n\u00f5u projektide koostamise staadiumis, aitame t\u00e4psustada t\u00f6\u00f6projekte ning valida sobivaid kinnitustarvikuid. Loe siit l\u00e4hemalt!\" \/>\n<meta property=\"og:url\" content=\"https:\/\/rfix.eu\/sv\/speciallosningar\/\" \/>\n<meta property=\"og:site_name\" content=\"Rfix.eu\" \/>\n<meta property=\"article:modified_time\" content=\"2024-09-16T10:08:15+00:00\" \/>\n<meta name=\"twitter:card\" content=\"summary_large_image\" \/>\n<meta name=\"twitter:label1\" content=\"Ber\u00e4knad l\u00e4stid\" \/>\n\t<meta name=\"twitter:data1\" content=\"1 minut\" \/>\n<script type=\"application\/ld+json\" class=\"yoast-schema-graph\">{\"@context\":\"https:\/\/schema.org\",\"@graph\":[{\"@type\":\"WebPage\",\"@id\":\"https:\/\/rfix.eu\/sv\/speciallosningar\/\",\"url\":\"https:\/\/rfix.eu\/sv\/speciallosningar\/\",\"name\":\"Klaaspiirete, -fassaadide ja -varikatuste erilahendused - R-FIX O\u00dc\",\"isPartOf\":{\"@id\":\"https:\/\/rfix.eu\/#website\"},\"datePublished\":\"2019-11-11T07:42:12+00:00\",\"dateModified\":\"2024-09-16T10:08:15+00:00\",\"description\":\"Anname n\u00f5u projektide koostamise staadiumis, aitame t\u00e4psustada t\u00f6\u00f6projekte ning valida sobivaid kinnitustarvikuid. Loe siit l\u00e4hemalt!\",\"breadcrumb\":{\"@id\":\"https:\/\/rfix.eu\/sv\/speciallosningar\/#breadcrumb\"},\"inLanguage\":\"sv-SE\",\"potentialAction\":[{\"@type\":\"ReadAction\",\"target\":[\"https:\/\/rfix.eu\/sv\/speciallosningar\/\"]}]},{\"@type\":\"BreadcrumbList\",\"@id\":\"https:\/\/rfix.eu\/sv\/speciallosningar\/#breadcrumb\",\"itemListElement\":[{\"@type\":\"ListItem\",\"position\":1,\"name\":\"Home\",\"item\":\"https:\/\/rfix.eu\/sv\/\"},{\"@type\":\"ListItem\",\"position\":2,\"name\":\"Speciall\u00f6sningar\"}]},{\"@type\":\"WebSite\",\"@id\":\"https:\/\/rfix.eu\/#website\",\"url\":\"https:\/\/rfix.eu\/\",\"name\":\"Rfix.eu\",\"description\":\"Roostevabast terasest kinnitustarvikud professionaalile R-FIX Klaasikinnituste tootja: klaasikinnitused, klaaspiirded, t\u00f5mbid\",\"potentialAction\":[{\"@type\":\"SearchAction\",\"target\":{\"@type\":\"EntryPoint\",\"urlTemplate\":\"https:\/\/rfix.eu\/?s={search_term_string}\"},\"query-input\":{\"@type\":\"PropertyValueSpecification\",\"valueRequired\":true,\"valueName\":\"search_term_string\"}}],\"inLanguage\":\"sv-SE\"}]}<\/script>\n<!-- \/ Yoast SEO plugin. -->","yoast_head_json":{"title":"Klaaspiirete, -fassaadide ja -varikatuste erilahendused - R-FIX O\u00dc","description":"Anname n\u00f5u projektide koostamise staadiumis, aitame t\u00e4psustada t\u00f6\u00f6projekte ning valida sobivaid kinnitustarvikuid. Loe siit l\u00e4hemalt!","robots":{"index":"index","follow":"follow","max-snippet":"max-snippet:-1","max-image-preview":"max-image-preview:large","max-video-preview":"max-video-preview:-1"},"canonical":"https:\/\/rfix.eu\/sv\/speciallosningar\/","og_locale":"sv_SE","og_type":"article","og_title":"Klaaspiirete, -fassaadide ja -varikatuste erilahendused - R-FIX O\u00dc","og_description":"Anname n\u00f5u projektide koostamise staadiumis, aitame t\u00e4psustada t\u00f6\u00f6projekte ning valida sobivaid kinnitustarvikuid. Loe siit l\u00e4hemalt!","og_url":"https:\/\/rfix.eu\/sv\/speciallosningar\/","og_site_name":"Rfix.eu","article_modified_time":"2024-09-16T10:08:15+00:00","twitter_card":"summary_large_image","twitter_misc":{"Ber\u00e4knad l\u00e4stid":"1 minut"},"schema":{"@context":"https:\/\/schema.org","@graph":[{"@type":"WebPage","@id":"https:\/\/rfix.eu\/sv\/speciallosningar\/","url":"https:\/\/rfix.eu\/sv\/speciallosningar\/","name":"Klaaspiirete, -fassaadide ja -varikatuste erilahendused - R-FIX O\u00dc","isPartOf":{"@id":"https:\/\/rfix.eu\/#website"},"datePublished":"2019-11-11T07:42:12+00:00","dateModified":"2024-09-16T10:08:15+00:00","description":"Anname n\u00f5u projektide koostamise staadiumis, aitame t\u00e4psustada t\u00f6\u00f6projekte ning valida sobivaid kinnitustarvikuid. Loe siit l\u00e4hemalt!","breadcrumb":{"@id":"https:\/\/rfix.eu\/sv\/speciallosningar\/#breadcrumb"},"inLanguage":"sv-SE","potentialAction":[{"@type":"ReadAction","target":["https:\/\/rfix.eu\/sv\/speciallosningar\/"]}]},{"@type":"BreadcrumbList","@id":"https:\/\/rfix.eu\/sv\/speciallosningar\/#breadcrumb","itemListElement":[{"@type":"ListItem","position":1,"name":"Home","item":"https:\/\/rfix.eu\/sv\/"},{"@type":"ListItem","position":2,"name":"Speciall\u00f6sningar"}]},{"@type":"WebSite","@id":"https:\/\/rfix.eu\/#website","url":"https:\/\/rfix.eu\/","name":"Rfix.eu","description":"Roostevabast terasest kinnitustarvikud professionaalile R-FIX Klaasikinnituste tootja: klaasikinnitused, klaaspiirded, t\u00f5mbid","potentialAction":[{"@type":"SearchAction","target":{"@type":"EntryPoint","urlTemplate":"https:\/\/rfix.eu\/?s={search_term_string}"},"query-input":{"@type":"PropertyValueSpecification","valueRequired":true,"valueName":"search_term_string"}}],"inLanguage":"sv-SE"}]}},"_links":{"self":[{"href":"https:\/\/rfix.eu\/sv\/wp-json\/wp\/v2\/pages\/33049","targetHints":{"allow":["GET"]}}],"collection":[{"href":"https:\/\/rfix.eu\/sv\/wp-json\/wp\/v2\/pages"}],"about":[{"href":"https:\/\/rfix.eu\/sv\/wp-json\/wp\/v2\/types\/page"}],"author":[{"embeddable":true,"href":"https:\/\/rfix.eu\/sv\/wp-json\/wp\/v2\/users\/1"}],"replies":[{"embeddable":true,"href":"https:\/\/rfix.eu\/sv\/wp-json\/wp\/v2\/comments?post=33049"}],"version-history":[{"count":2,"href":"https:\/\/rfix.eu\/sv\/wp-json\/wp\/v2\/pages\/33049\/revisions"}],"predecessor-version":[{"id":127712,"href":"https:\/\/rfix.eu\/sv\/wp-json\/wp\/v2\/pages\/33049\/revisions\/127712"}],"wp:attachment":[{"href":"https:\/\/rfix.eu\/sv\/wp-json\/wp\/v2\/media?parent=33049"}],"curies":[{"name":"wp","href":"https:\/\/api.w.org\/{rel}","templated":true}]}}