{"id":33000,"date":"2019-11-11T12:56:07","date_gmt":"2019-11-11T10:56:07","guid":{"rendered":"https:\/\/rfix.eu\/kalkulaator\/"},"modified":"2020-05-04T09:27:47","modified_gmt":"2020-05-04T06:27:47","slug":"kalkylator","status":"publish","type":"page","link":"https:\/\/rfix.eu\/sv\/kalkylator\/","title":{"rendered":"Kalkylator f\u00f6r ber\u00e4kning av glasr\u00e4ckets glastjocklek"},"content":{"rendered":"\n<p>R\u00e4tt dimensionerat glas \u00e4r extremt viktigt ur s\u00e4kerhetssynpunkt, eftersom glasets tjocklek har en direkt p\u00e5verkan p\u00e5 glasr\u00e4ckets h\u00e5llfasthet. D\u00e5 ber\u00e4kning av glasets tjocklek kr\u00e4ver specifika kunskaper och erfarenheter kan det ofta upplevas som problemfyllt hos byggare och projekt\u00f6rer. H\u00e4r hittar du en kalkylator f\u00f6r ber\u00e4kning av glastjocklek f\u00f6r helglasr\u00e4cken och som g\u00e4ller f\u00f6r v\u00e5ra GP och GPR profilsystem.<\/p>\n\n\n<div id=\"acf-block-block_5dc9400d43e14\" class=\"acf-block-narrow acf-block-element block-calculator\">\n    <div class=\"calculator-content\"><p class=\"text-center\"><strong>V\u00e4lj r\u00e4ckets h\u00f6jd (profilens + glasets h\u00f6jd) och r\u00e4ckets linjelast enligt ditt projekt och du f\u00e5r fram erforderlig glastjocklek:<\/strong><\/p><form class=\"calculator_form\"><div class=\"row row-form\"><div class=\"col-12 col-md-6\"><fieldset><legend>R\u00e4ckets h\u00f6jd<\/legend><div class=\"form-group\"><select required class=\"form-control\" id=\"rfix_calculator_korgus\"><option value=\"\">V\u00e4lj h\u00f6jd<\/option>    <option value=\"800\">800 mm<\/option>\n    <option value=\"900\">900 mm<\/option>\n    <option value=\"1000\">1000 mm<\/option>\n    <option value=\"1100\">1100 mm<\/option>\n    <option value=\"1200\">1200 mm<\/option>\n    <option value=\"1300\">1300 mm<\/option>\n    <option value=\"1400\">1400 mm<\/option>\n    <option value=\"1500\">1500 mm<\/option>\n    <\/select><\/div><\/fieldset><\/div><div class=\"col-12 col-md-6\"><fieldset><legend>Linjelast<\/legend><div class=\"form-group\"><select required class=\"form-control\" id=\"rfix_calculator_joonkoormus\"><option value=\"\">V\u00e4lj linjelast<\/option>    <option value=\"0.5\">0.5 kN\/m<\/option>\n    <option value=\"1\">1 kN\/m<\/option>\n    <option value=\"1.5\">1.5 kN\/m<\/option>\n    <option value=\"3\">3 kN\/m<\/option>\n    <\/select><\/div><\/fieldset><\/div><div class=\"col-12 text-center\"><button type=\"submit\" class=\"btn btn-primary\">G\u00f6r ber\u00e4kning<svg xmlns=\"http:\/\/www.w3.org\/2000\/svg\" width=\"32\" height=\"16\" viewBox=\"0 0 32 16\"><path fill=\"#fff\" fill-rule=\"nonzero\" d=\"M27.967 3.773l3.81 3.703a.726.726 0 0 1 0 1.048l-3.81 3.703a.777.777 0 0 1-1.077 0 .726.726 0 0 1 0-1.047l2.539-2.47L1.6 8.712a.711.711 0 1 1 0-1.422h27.829l-2.54-2.469a.726.726 0 0 1 0-1.047.777.777 0 0 1 1.078 0z\"><\/path><\/svg><\/button><\/div><\/div><\/form><\/div><div class=\"bordered-box text-center\" style=\"display:none;\"><h3>Ber\u00e4kningsresultat<\/h3><p id=\"rfix_calculator_result\">Vastavalt piirde k\u00f5rgusele ja joonkoormusele peab karastatud-lamineeritud klaasi paksus olema 5+5 mm ja ainult karastatud klaasi paksus 10 mm.<\/p><\/div><\/div>\n\n\n<p>Glastjockleken har ber\u00e4knats utifr\u00e5n till\u00e5ten b\u00f6jsp\u00e4nning enligt standarden EN 16612:2019, med anv\u00e4ndning av FEA-metoden. I ber\u00e4kningar har ingen h\u00e4nsyn tagits till glasr\u00e4ckets maximala till\u00e5tna b\u00f6jstyvhet som kan kr\u00e4vas i olika l\u00e4nders nationella f\u00f6reskrifter.<\/p>\n","protected":false},"excerpt":{"rendered":"<p>R\u00e4tt dimensionerat glas \u00e4r extremt viktigt ur s\u00e4kerhetssynpunkt, eftersom glasets tjocklek har en direkt p\u00e5verkan p\u00e5 glasr\u00e4ckets h\u00e5llfasthet. D\u00e5 ber\u00e4kning&#8230;<\/p>\n","protected":false},"author":1,"featured_media":0,"parent":0,"menu_order":40,"comment_status":"closed","ping_status":"closed","template":"","meta":{"_acf_changed":false,"inline_featured_image":false,"footnotes":""},"class_list":["post-33000","page","type-page","status-publish","hentry"],"acf":[],"yoast_head":"<!-- This site is optimized with the Yoast SEO plugin v27.2 - https:\/\/yoast.com\/product\/yoast-seo-wordpress\/ -->\n<title>Klaasi paksuse kalkulaator - R-FIX O\u00dc<\/title>\n<meta name=\"description\" content=\"Siit leiate t\u00e4isklaaspiirde klaasi paksuse arvutamise kalkulaatori, mis on kehtiv meie GP profiili s\u00fcsteemiga.\" \/>\n<meta name=\"robots\" content=\"index, follow, max-snippet:-1, max-image-preview:large, max-video-preview:-1\" \/>\n<link rel=\"canonical\" href=\"https:\/\/rfix.eu\/sv\/kalkylator\/\" \/>\n<meta property=\"og:locale\" content=\"sv_SE\" \/>\n<meta property=\"og:type\" content=\"article\" \/>\n<meta property=\"og:title\" content=\"Klaasi paksuse kalkulaator - R-FIX O\u00dc\" \/>\n<meta property=\"og:description\" content=\"Siit leiate t\u00e4isklaaspiirde klaasi paksuse arvutamise kalkulaatori, mis on kehtiv meie GP profiili s\u00fcsteemiga.\" \/>\n<meta property=\"og:url\" content=\"https:\/\/rfix.eu\/sv\/kalkylator\/\" \/>\n<meta property=\"og:site_name\" content=\"Rfix.eu\" \/>\n<meta property=\"article:modified_time\" content=\"2020-05-04T06:27:47+00:00\" \/>\n<meta name=\"twitter:card\" content=\"summary_large_image\" \/>\n<meta name=\"twitter:label1\" content=\"Ber\u00e4knad l\u00e4stid\" \/>\n\t<meta name=\"twitter:data1\" content=\"1 minut\" \/>\n<script type=\"application\/ld+json\" class=\"yoast-schema-graph\">{\"@context\":\"https:\/\/schema.org\",\"@graph\":[{\"@type\":\"WebPage\",\"@id\":\"https:\/\/rfix.eu\/sv\/kalkylator\/\",\"url\":\"https:\/\/rfix.eu\/sv\/kalkylator\/\",\"name\":\"Klaasi paksuse kalkulaator - R-FIX O\u00dc\",\"isPartOf\":{\"@id\":\"https:\/\/rfix.eu\/#website\"},\"datePublished\":\"2019-11-11T10:56:07+00:00\",\"dateModified\":\"2020-05-04T06:27:47+00:00\",\"description\":\"Siit leiate t\u00e4isklaaspiirde klaasi paksuse arvutamise kalkulaatori, mis on kehtiv meie GP profiili s\u00fcsteemiga.\",\"breadcrumb\":{\"@id\":\"https:\/\/rfix.eu\/sv\/kalkylator\/#breadcrumb\"},\"inLanguage\":\"sv-SE\",\"potentialAction\":[{\"@type\":\"ReadAction\",\"target\":[\"https:\/\/rfix.eu\/sv\/kalkylator\/\"]}]},{\"@type\":\"BreadcrumbList\",\"@id\":\"https:\/\/rfix.eu\/sv\/kalkylator\/#breadcrumb\",\"itemListElement\":[{\"@type\":\"ListItem\",\"position\":1,\"name\":\"Home\",\"item\":\"https:\/\/rfix.eu\/sv\/\"},{\"@type\":\"ListItem\",\"position\":2,\"name\":\"Kalkylator f\u00f6r ber\u00e4kning av glasr\u00e4ckets glastjocklek\"}]},{\"@type\":\"WebSite\",\"@id\":\"https:\/\/rfix.eu\/#website\",\"url\":\"https:\/\/rfix.eu\/\",\"name\":\"Rfix.eu\",\"description\":\"Roostevabast terasest kinnitustarvikud professionaalile R-FIX Klaasikinnituste tootja: klaasikinnitused, klaaspiirded, t\u00f5mbid\",\"potentialAction\":[{\"@type\":\"SearchAction\",\"target\":{\"@type\":\"EntryPoint\",\"urlTemplate\":\"https:\/\/rfix.eu\/?s={search_term_string}\"},\"query-input\":{\"@type\":\"PropertyValueSpecification\",\"valueRequired\":true,\"valueName\":\"search_term_string\"}}],\"inLanguage\":\"sv-SE\"}]}<\/script>\n<!-- \/ Yoast SEO plugin. -->","yoast_head_json":{"title":"Klaasi paksuse kalkulaator - R-FIX O\u00dc","description":"Siit leiate t\u00e4isklaaspiirde klaasi paksuse arvutamise kalkulaatori, mis on kehtiv meie GP profiili s\u00fcsteemiga.","robots":{"index":"index","follow":"follow","max-snippet":"max-snippet:-1","max-image-preview":"max-image-preview:large","max-video-preview":"max-video-preview:-1"},"canonical":"https:\/\/rfix.eu\/sv\/kalkylator\/","og_locale":"sv_SE","og_type":"article","og_title":"Klaasi paksuse kalkulaator - R-FIX O\u00dc","og_description":"Siit leiate t\u00e4isklaaspiirde klaasi paksuse arvutamise kalkulaatori, mis on kehtiv meie GP profiili s\u00fcsteemiga.","og_url":"https:\/\/rfix.eu\/sv\/kalkylator\/","og_site_name":"Rfix.eu","article_modified_time":"2020-05-04T06:27:47+00:00","twitter_card":"summary_large_image","twitter_misc":{"Ber\u00e4knad l\u00e4stid":"1 minut"},"schema":{"@context":"https:\/\/schema.org","@graph":[{"@type":"WebPage","@id":"https:\/\/rfix.eu\/sv\/kalkylator\/","url":"https:\/\/rfix.eu\/sv\/kalkylator\/","name":"Klaasi paksuse kalkulaator - R-FIX O\u00dc","isPartOf":{"@id":"https:\/\/rfix.eu\/#website"},"datePublished":"2019-11-11T10:56:07+00:00","dateModified":"2020-05-04T06:27:47+00:00","description":"Siit leiate t\u00e4isklaaspiirde klaasi paksuse arvutamise kalkulaatori, mis on kehtiv meie GP profiili s\u00fcsteemiga.","breadcrumb":{"@id":"https:\/\/rfix.eu\/sv\/kalkylator\/#breadcrumb"},"inLanguage":"sv-SE","potentialAction":[{"@type":"ReadAction","target":["https:\/\/rfix.eu\/sv\/kalkylator\/"]}]},{"@type":"BreadcrumbList","@id":"https:\/\/rfix.eu\/sv\/kalkylator\/#breadcrumb","itemListElement":[{"@type":"ListItem","position":1,"name":"Home","item":"https:\/\/rfix.eu\/sv\/"},{"@type":"ListItem","position":2,"name":"Kalkylator f\u00f6r ber\u00e4kning av glasr\u00e4ckets glastjocklek"}]},{"@type":"WebSite","@id":"https:\/\/rfix.eu\/#website","url":"https:\/\/rfix.eu\/","name":"Rfix.eu","description":"Roostevabast terasest kinnitustarvikud professionaalile R-FIX Klaasikinnituste tootja: klaasikinnitused, klaaspiirded, t\u00f5mbid","potentialAction":[{"@type":"SearchAction","target":{"@type":"EntryPoint","urlTemplate":"https:\/\/rfix.eu\/?s={search_term_string}"},"query-input":{"@type":"PropertyValueSpecification","valueRequired":true,"valueName":"search_term_string"}}],"inLanguage":"sv-SE"}]}},"_links":{"self":[{"href":"https:\/\/rfix.eu\/sv\/wp-json\/wp\/v2\/pages\/33000","targetHints":{"allow":["GET"]}}],"collection":[{"href":"https:\/\/rfix.eu\/sv\/wp-json\/wp\/v2\/pages"}],"about":[{"href":"https:\/\/rfix.eu\/sv\/wp-json\/wp\/v2\/types\/page"}],"author":[{"embeddable":true,"href":"https:\/\/rfix.eu\/sv\/wp-json\/wp\/v2\/users\/1"}],"replies":[{"embeddable":true,"href":"https:\/\/rfix.eu\/sv\/wp-json\/wp\/v2\/comments?post=33000"}],"version-history":[{"count":0,"href":"https:\/\/rfix.eu\/sv\/wp-json\/wp\/v2\/pages\/33000\/revisions"}],"wp:attachment":[{"href":"https:\/\/rfix.eu\/sv\/wp-json\/wp\/v2\/media?parent=33000"}],"curies":[{"name":"wp","href":"https:\/\/api.w.org\/{rel}","templated":true}]}}