{"id":130500,"date":"2025-03-13T14:50:45","date_gmt":"2025-03-13T12:50:45","guid":{"rendered":"https:\/\/rfix.eu\/?page_id=130500"},"modified":"2025-03-13T14:50:46","modified_gmt":"2025-03-13T12:50:46","slug":"konfigurator","status":"publish","type":"page","link":"https:\/\/rfix.eu\/sv\/konfigurator\/","title":{"rendered":"Konfigurator"},"content":{"rendered":"\n<p>Knappen nedan tar dig till v\u00e5r nya konfigurator, d\u00e4r du sj\u00e4lv kan designa det glasr\u00e4cke du beh\u00f6ver. I framtiden kommer du \u00e4ven att kunna v\u00e4lja andra produkter, vi arbetar redan med l\u00f6sningen.<\/p>\n\n\n\n<div class=\"wp-block-buttons is-content-justification-center is-layout-flex wp-container-core-buttons-is-layout-16018d1d wp-block-buttons-is-layout-flex\">\n<div class=\"wp-block-button\"><a class=\"wp-block-button__link wp-element-button\" href=\"https:\/\/rfix-configure.web.app\/configurator\" target=\"_blank\" rel=\"noreferrer noopener\">KONFIGURATOR F\u00d6R GLASR\u00c4CKEN<\/a><\/div>\n<\/div>\n\n\n\n<p>Det \u00e4r ett verktyg som hj\u00e4lper dig att spara din v\u00e4rdefulla tid och visualisera slutresultatet p\u00e5 en fotorealistisk niv\u00e5. \u00c4ven fast vi har lagt ner m\u00e5nga timmar p\u00e5 testning av v\u00e5r nya konfigurator kan det \u00e4nd\u00e5 f\u00f6rekomma ov\u00e4ntade \u00f6verraskningar. D\u00e4rf\u00f6r ber vi dig att ha t\u00e5lamod inledningsvis.<\/p>\n\n\n\n<p>Konfiguratorn kan anv\u00e4ndas b\u00e5de som g\u00e4st och som inloggad stamkund.<\/p>\n\n\n\n<ul class=\"wp-block-list\">\n<li><strong>Som g\u00e4st<\/strong> kan du konfigurera ditt \u00f6nskade r\u00e4cke och skicka oss en f\u00f6rfr\u00e5gan f\u00f6r det. Som g\u00e4st kan du inte se priser och inte heller spara dina skapade projekt.<\/li>\n\n\n\n<li><strong>Som inloggad stamkund<\/strong> kan du se r\u00e4ckets pris i realtid under konfigurationen. Dessutom kan du spara dina projekt f\u00f6r att se, kopiera och redigera dem senare. I konfiguratorn kan du anv\u00e4nda samma anv\u00e4ndarnamn och l\u00f6senord som p\u00e5 v\u00e5r huvudsida. Om du inte har registrerat dig som stamkund \u00e4nnu kan du g\u00f6ra det p\u00e5 <a href=\"https:\/\/rfix.eu\/sv\/mitt-konto\/\">registreringssidan<\/a>.<\/li>\n<\/ul>\n\n\n\n<p>Vi \u00f6nskar dig en smidig anv\u00e4ndning! Har du n\u00e5gra fr\u00e5gor, tveka inte att kontakta oss!<\/p>\n\n\n\n<p><em>Framtagning av konfiguratorn har finansierats med medel fr\u00e5n EU:s \u00e5terh\u00e4mtningsinstrument NextGenerationEU.<\/em><\/p>\n\n\n\n<figure class=\"wp-block-image size-full\"><img loading=\"lazy\" decoding=\"async\" width=\"914\" height=\"692\" src=\"https:\/\/rfix.eu\/wp-content\/uploads\/2025\/03\/glass-railing-configurator-EL-nextgeneration-2.jpg\" alt=\"\" class=\"wp-image-130501\" srcset=\"https:\/\/rfix.eu\/wp-content\/uploads\/2025\/03\/glass-railing-configurator-EL-nextgeneration-2.jpg 914w, https:\/\/rfix.eu\/wp-content\/uploads\/2025\/03\/glass-railing-configurator-EL-nextgeneration-2-768x581.jpg 768w, https:\/\/rfix.eu\/wp-content\/uploads\/2025\/03\/glass-railing-configurator-EL-nextgeneration-2-64x48.jpg 64w\" sizes=\"auto, (max-width: 914px) 100vw, 914px\" \/><\/figure>\n","protected":false},"excerpt":{"rendered":"<p>Knappen nedan tar dig till v\u00e5r nya konfigurator, d\u00e4r du sj\u00e4lv kan designa det glasr\u00e4cke du beh\u00f6ver. I framtiden kommer&#8230;<\/p>\n","protected":false},"author":363,"featured_media":0,"parent":0,"menu_order":0,"comment_status":"closed","ping_status":"closed","template":"","meta":{"_acf_changed":false,"inline_featured_image":false,"footnotes":""},"class_list":["post-130500","page","type-page","status-publish","hentry"],"acf":[],"yoast_head":"<!-- This site is optimized with the Yoast SEO plugin v27.2 - https:\/\/yoast.com\/product\/yoast-seo-wordpress\/ -->\n<title>Konfigurator - Rfix.eu<\/title>\n<meta name=\"description\" content=\"Konfigurator f\u00f6r glasr\u00e4cken \u2013 verktyget som hj\u00e4lper dig att enkelt designa det glasr\u00e4cke du beh\u00f6ver. V\u00e4lkommen till att prova!\" \/>\n<meta name=\"robots\" content=\"index, follow, max-snippet:-1, max-image-preview:large, max-video-preview:-1\" \/>\n<link rel=\"canonical\" href=\"https:\/\/rfix.eu\/sv\/konfigurator\/\" \/>\n<meta property=\"og:locale\" content=\"sv_SE\" \/>\n<meta property=\"og:type\" content=\"article\" \/>\n<meta property=\"og:title\" content=\"Konfigurator - Rfix.eu\" \/>\n<meta property=\"og:description\" content=\"Konfigurator f\u00f6r glasr\u00e4cken \u2013 verktyget som hj\u00e4lper dig att enkelt designa det glasr\u00e4cke du beh\u00f6ver. V\u00e4lkommen till att prova!\" \/>\n<meta property=\"og:url\" content=\"https:\/\/rfix.eu\/sv\/konfigurator\/\" \/>\n<meta property=\"og:site_name\" content=\"Rfix.eu\" \/>\n<meta property=\"article:modified_time\" content=\"2025-03-13T12:50:46+00:00\" \/>\n<meta property=\"og:image\" content=\"https:\/\/rfix.eu\/wp-content\/uploads\/2025\/03\/glass-railing-configurator-EL-nextgeneration-2.jpg\" \/>\n\t<meta property=\"og:image:width\" content=\"914\" \/>\n\t<meta property=\"og:image:height\" content=\"692\" \/>\n\t<meta property=\"og:image:type\" content=\"image\/jpeg\" \/>\n<meta name=\"twitter:card\" content=\"summary_large_image\" \/>\n<meta name=\"twitter:label1\" content=\"Ber\u00e4knad l\u00e4stid\" \/>\n\t<meta name=\"twitter:data1\" content=\"2 minuter\" \/>\n<script type=\"application\/ld+json\" class=\"yoast-schema-graph\">{\"@context\":\"https:\/\/schema.org\",\"@graph\":[{\"@type\":\"WebPage\",\"@id\":\"https:\/\/rfix.eu\/sv\/konfigurator\/\",\"url\":\"https:\/\/rfix.eu\/sv\/konfigurator\/\",\"name\":\"Konfigurator - Rfix.eu\",\"isPartOf\":{\"@id\":\"https:\/\/rfix.eu\/#website\"},\"primaryImageOfPage\":{\"@id\":\"https:\/\/rfix.eu\/sv\/konfigurator\/#primaryimage\"},\"image\":{\"@id\":\"https:\/\/rfix.eu\/sv\/konfigurator\/#primaryimage\"},\"thumbnailUrl\":\"https:\/\/rfix.eu\/wp-content\/uploads\/2025\/03\/glass-railing-configurator-EL-nextgeneration-2.jpg\",\"datePublished\":\"2025-03-13T12:50:45+00:00\",\"dateModified\":\"2025-03-13T12:50:46+00:00\",\"description\":\"Konfigurator f\u00f6r glasr\u00e4cken \u2013 verktyget som hj\u00e4lper dig att enkelt designa det glasr\u00e4cke du beh\u00f6ver. V\u00e4lkommen till att prova!\",\"breadcrumb\":{\"@id\":\"https:\/\/rfix.eu\/sv\/konfigurator\/#breadcrumb\"},\"inLanguage\":\"sv-SE\",\"potentialAction\":[{\"@type\":\"ReadAction\",\"target\":[\"https:\/\/rfix.eu\/sv\/konfigurator\/\"]}]},{\"@type\":\"ImageObject\",\"inLanguage\":\"sv-SE\",\"@id\":\"https:\/\/rfix.eu\/sv\/konfigurator\/#primaryimage\",\"url\":\"https:\/\/rfix.eu\/wp-content\/uploads\/2025\/03\/glass-railing-configurator-EL-nextgeneration-2.jpg\",\"contentUrl\":\"https:\/\/rfix.eu\/wp-content\/uploads\/2025\/03\/glass-railing-configurator-EL-nextgeneration-2.jpg\"},{\"@type\":\"BreadcrumbList\",\"@id\":\"https:\/\/rfix.eu\/sv\/konfigurator\/#breadcrumb\",\"itemListElement\":[{\"@type\":\"ListItem\",\"position\":1,\"name\":\"Home\",\"item\":\"https:\/\/rfix.eu\/sv\/\"},{\"@type\":\"ListItem\",\"position\":2,\"name\":\"Konfigurator\"}]},{\"@type\":\"WebSite\",\"@id\":\"https:\/\/rfix.eu\/#website\",\"url\":\"https:\/\/rfix.eu\/\",\"name\":\"Rfix.eu\",\"description\":\"Roostevabast terasest kinnitustarvikud professionaalile R-FIX Klaasikinnituste tootja: klaasikinnitused, klaaspiirded, t\u00f5mbid\",\"potentialAction\":[{\"@type\":\"SearchAction\",\"target\":{\"@type\":\"EntryPoint\",\"urlTemplate\":\"https:\/\/rfix.eu\/?s={search_term_string}\"},\"query-input\":{\"@type\":\"PropertyValueSpecification\",\"valueRequired\":true,\"valueName\":\"search_term_string\"}}],\"inLanguage\":\"sv-SE\"}]}<\/script>\n<!-- \/ Yoast SEO plugin. -->","yoast_head_json":{"title":"Konfigurator - Rfix.eu","description":"Konfigurator f\u00f6r glasr\u00e4cken \u2013 verktyget som hj\u00e4lper dig att enkelt designa det glasr\u00e4cke du beh\u00f6ver. V\u00e4lkommen till att prova!","robots":{"index":"index","follow":"follow","max-snippet":"max-snippet:-1","max-image-preview":"max-image-preview:large","max-video-preview":"max-video-preview:-1"},"canonical":"https:\/\/rfix.eu\/sv\/konfigurator\/","og_locale":"sv_SE","og_type":"article","og_title":"Konfigurator - Rfix.eu","og_description":"Konfigurator f\u00f6r glasr\u00e4cken \u2013 verktyget som hj\u00e4lper dig att enkelt designa det glasr\u00e4cke du beh\u00f6ver. V\u00e4lkommen till att prova!","og_url":"https:\/\/rfix.eu\/sv\/konfigurator\/","og_site_name":"Rfix.eu","article_modified_time":"2025-03-13T12:50:46+00:00","og_image":[{"width":914,"height":692,"url":"https:\/\/rfix.eu\/wp-content\/uploads\/2025\/03\/glass-railing-configurator-EL-nextgeneration-2.jpg","type":"image\/jpeg"}],"twitter_card":"summary_large_image","twitter_misc":{"Ber\u00e4knad l\u00e4stid":"2 minuter"},"schema":{"@context":"https:\/\/schema.org","@graph":[{"@type":"WebPage","@id":"https:\/\/rfix.eu\/sv\/konfigurator\/","url":"https:\/\/rfix.eu\/sv\/konfigurator\/","name":"Konfigurator - Rfix.eu","isPartOf":{"@id":"https:\/\/rfix.eu\/#website"},"primaryImageOfPage":{"@id":"https:\/\/rfix.eu\/sv\/konfigurator\/#primaryimage"},"image":{"@id":"https:\/\/rfix.eu\/sv\/konfigurator\/#primaryimage"},"thumbnailUrl":"https:\/\/rfix.eu\/wp-content\/uploads\/2025\/03\/glass-railing-configurator-EL-nextgeneration-2.jpg","datePublished":"2025-03-13T12:50:45+00:00","dateModified":"2025-03-13T12:50:46+00:00","description":"Konfigurator f\u00f6r glasr\u00e4cken \u2013 verktyget som hj\u00e4lper dig att enkelt designa det glasr\u00e4cke du beh\u00f6ver. V\u00e4lkommen till att prova!","breadcrumb":{"@id":"https:\/\/rfix.eu\/sv\/konfigurator\/#breadcrumb"},"inLanguage":"sv-SE","potentialAction":[{"@type":"ReadAction","target":["https:\/\/rfix.eu\/sv\/konfigurator\/"]}]},{"@type":"ImageObject","inLanguage":"sv-SE","@id":"https:\/\/rfix.eu\/sv\/konfigurator\/#primaryimage","url":"https:\/\/rfix.eu\/wp-content\/uploads\/2025\/03\/glass-railing-configurator-EL-nextgeneration-2.jpg","contentUrl":"https:\/\/rfix.eu\/wp-content\/uploads\/2025\/03\/glass-railing-configurator-EL-nextgeneration-2.jpg"},{"@type":"BreadcrumbList","@id":"https:\/\/rfix.eu\/sv\/konfigurator\/#breadcrumb","itemListElement":[{"@type":"ListItem","position":1,"name":"Home","item":"https:\/\/rfix.eu\/sv\/"},{"@type":"ListItem","position":2,"name":"Konfigurator"}]},{"@type":"WebSite","@id":"https:\/\/rfix.eu\/#website","url":"https:\/\/rfix.eu\/","name":"Rfix.eu","description":"Roostevabast terasest kinnitustarvikud professionaalile R-FIX Klaasikinnituste tootja: klaasikinnitused, klaaspiirded, t\u00f5mbid","potentialAction":[{"@type":"SearchAction","target":{"@type":"EntryPoint","urlTemplate":"https:\/\/rfix.eu\/?s={search_term_string}"},"query-input":{"@type":"PropertyValueSpecification","valueRequired":true,"valueName":"search_term_string"}}],"inLanguage":"sv-SE"}]}},"_links":{"self":[{"href":"https:\/\/rfix.eu\/sv\/wp-json\/wp\/v2\/pages\/130500","targetHints":{"allow":["GET"]}}],"collection":[{"href":"https:\/\/rfix.eu\/sv\/wp-json\/wp\/v2\/pages"}],"about":[{"href":"https:\/\/rfix.eu\/sv\/wp-json\/wp\/v2\/types\/page"}],"author":[{"embeddable":true,"href":"https:\/\/rfix.eu\/sv\/wp-json\/wp\/v2\/users\/363"}],"replies":[{"embeddable":true,"href":"https:\/\/rfix.eu\/sv\/wp-json\/wp\/v2\/comments?post=130500"}],"version-history":[{"count":1,"href":"https:\/\/rfix.eu\/sv\/wp-json\/wp\/v2\/pages\/130500\/revisions"}],"predecessor-version":[{"id":130506,"href":"https:\/\/rfix.eu\/sv\/wp-json\/wp\/v2\/pages\/130500\/revisions\/130506"}],"wp:attachment":[{"href":"https:\/\/rfix.eu\/sv\/wp-json\/wp\/v2\/media?parent=130500"}],"curies":[{"name":"wp","href":"https:\/\/api.w.org\/{rel}","templated":true}]}}