{"id":132930,"date":"2025-05-29T11:00:21","date_gmt":"2025-05-29T08:00:21","guid":{"rendered":"https:\/\/rfix.eu\/toode\/rc2-canopy-holders-set-without-tension-rod-aisi316-2\/"},"modified":"2026-03-13T14:48:00","modified_gmt":"2026-03-13T12:48:00","slug":"rc2-canopy-holders-set-without-tension-rod-aisi316-2","status":"publish","type":"product","link":"https:\/\/rfix.eu\/lv\/toode\/rc2-canopy-holders-set-without-tension-rod-aisi316-2\/","title":{"rendered":"RC2 canopy holders set without tension rod, AISI316"},"content":{"rendered":"","protected":false},"excerpt":{"rendered":"<p>We have designed special canopy fastening fixtures for glazed fa\u00e7ades, from the vertical fa\u00e7ade posts of which 10 mm thick mounting plates are protruding (for instance Sch\u00fcco). Load bearing capacity 4kN\/m2 is tested in Tallinn University of Technology. A set of canopy holders consists of the following items:<br \/>\n1 x upper fork<br \/>\n1 x lower fork<br \/>\n2 x glass point fixings<\/p>\n","protected":false},"featured_media":132914,"template":"","meta":{"_acf_changed":false,"inline_featured_image":false},"product_brand":[],"product_cat":[494,386],"product_tag":[],"class_list":{"0":"post-132930","1":"product","2":"type-product","3":"status-publish","4":"has-post-thumbnail","6":"product_cat-hidden-lv","7":"product_cat-stikloto-nojumju-stabu-kronsteini","9":"first","10":"instock","11":"shipping-taxable","12":"purchasable","13":"product-type-simple"},"acf":[],"yoast_head":"<!-- This site is optimized with the Yoast SEO plugin v27.2 - https:\/\/yoast.com\/product\/yoast-seo-wordpress\/ -->\n<title>RC2 canopy holders set without tension rod, AISI316 - Rfix.eu<\/title>\n<meta name=\"robots\" content=\"index, follow, max-snippet:-1, max-image-preview:large, max-video-preview:-1\" \/>\n<link rel=\"canonical\" href=\"https:\/\/rfix.eu\/lv\/toode\/rc2-canopy-holders-set-without-tension-rod-aisi316-2\/\" \/>\n<meta property=\"og:locale\" content=\"lv_LV\" \/>\n<meta property=\"og:type\" content=\"article\" \/>\n<meta property=\"og:title\" content=\"RC2 canopy holders set without tension rod, AISI316 - Rfix.eu\" \/>\n<meta property=\"og:description\" content=\"We have designed special canopy fastening fixtures for glazed fa\u00e7ades, from the vertical fa\u00e7ade posts of which 10 mm thick mounting plates are protruding (for instance Sch\u00fcco). Load bearing capacity 4kN\/m2 is tested in Tallinn University of Technology. A set of canopy holders consists of the following items: 1 x upper fork 1 x lower fork 2 x glass point fixings\" \/>\n<meta property=\"og:url\" content=\"https:\/\/rfix.eu\/lv\/toode\/rc2-canopy-holders-set-without-tension-rod-aisi316-2\/\" \/>\n<meta property=\"og:site_name\" content=\"Rfix.eu\" \/>\n<meta property=\"article:modified_time\" content=\"2026-03-13T12:48:00+00:00\" \/>\n<meta property=\"og:image\" content=\"https:\/\/rfix.eu\/wp-content\/uploads\/2025\/05\/Varikatuse_hoidikute_komplekt_tarilapile_ilma_vardata_v1.jpg\" \/>\n\t<meta property=\"og:image:width\" content=\"1000\" \/>\n\t<meta property=\"og:image:height\" content=\"1000\" \/>\n\t<meta property=\"og:image:type\" content=\"image\/jpeg\" \/>\n<meta name=\"twitter:card\" content=\"summary_large_image\" \/>\n<script type=\"application\/ld+json\" class=\"yoast-schema-graph\">{\"@context\":\"https:\/\/schema.org\",\"@graph\":[{\"@type\":\"WebPage\",\"@id\":\"https:\/\/rfix.eu\/lv\/toode\/rc2-canopy-holders-set-without-tension-rod-aisi316-2\/\",\"url\":\"https:\/\/rfix.eu\/lv\/toode\/rc2-canopy-holders-set-without-tension-rod-aisi316-2\/\",\"name\":\"RC2 canopy holders set without tension rod, AISI316 - Rfix.eu\",\"isPartOf\":{\"@id\":\"https:\/\/rfix.eu\/#website\"},\"primaryImageOfPage\":{\"@id\":\"https:\/\/rfix.eu\/lv\/toode\/rc2-canopy-holders-set-without-tension-rod-aisi316-2\/#primaryimage\"},\"image\":{\"@id\":\"https:\/\/rfix.eu\/lv\/toode\/rc2-canopy-holders-set-without-tension-rod-aisi316-2\/#primaryimage\"},\"thumbnailUrl\":\"https:\/\/rfix.eu\/wp-content\/uploads\/2025\/05\/Varikatuse_hoidikute_komplekt_tarilapile_ilma_vardata_v1.jpg\",\"datePublished\":\"2025-05-29T08:00:21+00:00\",\"dateModified\":\"2026-03-13T12:48:00+00:00\",\"breadcrumb\":{\"@id\":\"https:\/\/rfix.eu\/lv\/toode\/rc2-canopy-holders-set-without-tension-rod-aisi316-2\/#breadcrumb\"},\"inLanguage\":\"lv-LV\",\"potentialAction\":[{\"@type\":\"ReadAction\",\"target\":[\"https:\/\/rfix.eu\/lv\/toode\/rc2-canopy-holders-set-without-tension-rod-aisi316-2\/\"]}]},{\"@type\":\"ImageObject\",\"inLanguage\":\"lv-LV\",\"@id\":\"https:\/\/rfix.eu\/lv\/toode\/rc2-canopy-holders-set-without-tension-rod-aisi316-2\/#primaryimage\",\"url\":\"https:\/\/rfix.eu\/wp-content\/uploads\/2025\/05\/Varikatuse_hoidikute_komplekt_tarilapile_ilma_vardata_v1.jpg\",\"contentUrl\":\"https:\/\/rfix.eu\/wp-content\/uploads\/2025\/05\/Varikatuse_hoidikute_komplekt_tarilapile_ilma_vardata_v1.jpg\",\"width\":1000,\"height\":1000},{\"@type\":\"BreadcrumbList\",\"@id\":\"https:\/\/rfix.eu\/lv\/toode\/rc2-canopy-holders-set-without-tension-rod-aisi316-2\/#breadcrumb\",\"itemListElement\":[{\"@type\":\"ListItem\",\"position\":1,\"name\":\"Home\",\"item\":\"https:\/\/rfix.eu\/lv\/\"},{\"@type\":\"ListItem\",\"position\":2,\"name\":\"Produkti\",\"item\":\"https:\/\/rfix.eu\/tooted\/\"},{\"@type\":\"ListItem\",\"position\":3,\"name\":\"RC2 canopy holders set without tension rod, AISI316\"}]},{\"@type\":\"WebSite\",\"@id\":\"https:\/\/rfix.eu\/#website\",\"url\":\"https:\/\/rfix.eu\/\",\"name\":\"Rfix.eu\",\"description\":\"Roostevabast terasest kinnitustarvikud professionaalile R-FIX Klaasikinnituste tootja: klaasikinnitused, klaaspiirded, t\u00f5mbid\",\"potentialAction\":[{\"@type\":\"SearchAction\",\"target\":{\"@type\":\"EntryPoint\",\"urlTemplate\":\"https:\/\/rfix.eu\/?s={search_term_string}\"},\"query-input\":{\"@type\":\"PropertyValueSpecification\",\"valueRequired\":true,\"valueName\":\"search_term_string\"}}],\"inLanguage\":\"lv-LV\"}]}<\/script>\n<!-- \/ Yoast SEO plugin. -->","yoast_head_json":{"title":"RC2 canopy holders set without tension rod, AISI316 - Rfix.eu","robots":{"index":"index","follow":"follow","max-snippet":"max-snippet:-1","max-image-preview":"max-image-preview:large","max-video-preview":"max-video-preview:-1"},"canonical":"https:\/\/rfix.eu\/lv\/toode\/rc2-canopy-holders-set-without-tension-rod-aisi316-2\/","og_locale":"lv_LV","og_type":"article","og_title":"RC2 canopy holders set without tension rod, AISI316 - Rfix.eu","og_description":"We have designed special canopy fastening fixtures for glazed fa\u00e7ades, from the vertical fa\u00e7ade posts of which 10 mm thick mounting plates are protruding (for instance Sch\u00fcco). Load bearing capacity 4kN\/m2 is tested in Tallinn University of Technology. A set of canopy holders consists of the following items: 1 x upper fork 1 x lower fork 2 x glass point fixings","og_url":"https:\/\/rfix.eu\/lv\/toode\/rc2-canopy-holders-set-without-tension-rod-aisi316-2\/","og_site_name":"Rfix.eu","article_modified_time":"2026-03-13T12:48:00+00:00","og_image":[{"width":1000,"height":1000,"url":"https:\/\/rfix.eu\/wp-content\/uploads\/2025\/05\/Varikatuse_hoidikute_komplekt_tarilapile_ilma_vardata_v1.jpg","type":"image\/jpeg"}],"twitter_card":"summary_large_image","schema":{"@context":"https:\/\/schema.org","@graph":[{"@type":"WebPage","@id":"https:\/\/rfix.eu\/lv\/toode\/rc2-canopy-holders-set-without-tension-rod-aisi316-2\/","url":"https:\/\/rfix.eu\/lv\/toode\/rc2-canopy-holders-set-without-tension-rod-aisi316-2\/","name":"RC2 canopy holders set without tension rod, AISI316 - Rfix.eu","isPartOf":{"@id":"https:\/\/rfix.eu\/#website"},"primaryImageOfPage":{"@id":"https:\/\/rfix.eu\/lv\/toode\/rc2-canopy-holders-set-without-tension-rod-aisi316-2\/#primaryimage"},"image":{"@id":"https:\/\/rfix.eu\/lv\/toode\/rc2-canopy-holders-set-without-tension-rod-aisi316-2\/#primaryimage"},"thumbnailUrl":"https:\/\/rfix.eu\/wp-content\/uploads\/2025\/05\/Varikatuse_hoidikute_komplekt_tarilapile_ilma_vardata_v1.jpg","datePublished":"2025-05-29T08:00:21+00:00","dateModified":"2026-03-13T12:48:00+00:00","breadcrumb":{"@id":"https:\/\/rfix.eu\/lv\/toode\/rc2-canopy-holders-set-without-tension-rod-aisi316-2\/#breadcrumb"},"inLanguage":"lv-LV","potentialAction":[{"@type":"ReadAction","target":["https:\/\/rfix.eu\/lv\/toode\/rc2-canopy-holders-set-without-tension-rod-aisi316-2\/"]}]},{"@type":"ImageObject","inLanguage":"lv-LV","@id":"https:\/\/rfix.eu\/lv\/toode\/rc2-canopy-holders-set-without-tension-rod-aisi316-2\/#primaryimage","url":"https:\/\/rfix.eu\/wp-content\/uploads\/2025\/05\/Varikatuse_hoidikute_komplekt_tarilapile_ilma_vardata_v1.jpg","contentUrl":"https:\/\/rfix.eu\/wp-content\/uploads\/2025\/05\/Varikatuse_hoidikute_komplekt_tarilapile_ilma_vardata_v1.jpg","width":1000,"height":1000},{"@type":"BreadcrumbList","@id":"https:\/\/rfix.eu\/lv\/toode\/rc2-canopy-holders-set-without-tension-rod-aisi316-2\/#breadcrumb","itemListElement":[{"@type":"ListItem","position":1,"name":"Home","item":"https:\/\/rfix.eu\/lv\/"},{"@type":"ListItem","position":2,"name":"Produkti","item":"https:\/\/rfix.eu\/tooted\/"},{"@type":"ListItem","position":3,"name":"RC2 canopy holders set without tension rod, AISI316"}]},{"@type":"WebSite","@id":"https:\/\/rfix.eu\/#website","url":"https:\/\/rfix.eu\/","name":"Rfix.eu","description":"Roostevabast terasest kinnitustarvikud professionaalile R-FIX Klaasikinnituste tootja: klaasikinnitused, klaaspiirded, t\u00f5mbid","potentialAction":[{"@type":"SearchAction","target":{"@type":"EntryPoint","urlTemplate":"https:\/\/rfix.eu\/?s={search_term_string}"},"query-input":{"@type":"PropertyValueSpecification","valueRequired":true,"valueName":"search_term_string"}}],"inLanguage":"lv-LV"}]}},"_links":{"self":[{"href":"https:\/\/rfix.eu\/lv\/wp-json\/wp\/v2\/product\/132930","targetHints":{"allow":["GET"]}}],"collection":[{"href":"https:\/\/rfix.eu\/lv\/wp-json\/wp\/v2\/product"}],"about":[{"href":"https:\/\/rfix.eu\/lv\/wp-json\/wp\/v2\/types\/product"}],"wp:featuredmedia":[{"embeddable":true,"href":"https:\/\/rfix.eu\/lv\/wp-json\/wp\/v2\/media\/132914"}],"wp:attachment":[{"href":"https:\/\/rfix.eu\/lv\/wp-json\/wp\/v2\/media?parent=132930"}],"wp:term":[{"taxonomy":"product_brand","embeddable":true,"href":"https:\/\/rfix.eu\/lv\/wp-json\/wp\/v2\/product_brand?post=132930"},{"taxonomy":"product_cat","embeddable":true,"href":"https:\/\/rfix.eu\/lv\/wp-json\/wp\/v2\/product_cat?post=132930"},{"taxonomy":"product_tag","embeddable":true,"href":"https:\/\/rfix.eu\/lv\/wp-json\/wp\/v2\/product_tag?post=132930"}],"curies":[{"name":"wp","href":"https:\/\/api.w.org\/{rel}","templated":true}]}}