{"id":126671,"date":"2024-08-02T11:19:04","date_gmt":"2024-08-02T08:19:04","guid":{"rendered":"https:\/\/rfix.eu\/toode\/adjustable-glass-railing-profile-3kn-m-raw-aluminium\/"},"modified":"2026-05-07T10:31:16","modified_gmt":"2026-05-07T07:31:16","slug":"adjustable-glass-railing-profile-3kn-m-raw-aluminium","status":"publish","type":"product","link":"https:\/\/rfix.eu\/lv\/toode\/adjustable-glass-railing-profile-3kn-m-raw-aluminium\/","title":{"rendered":"Adjustable glass railing profile 3kN\/m, raw aluminium"},"content":{"rendered":"","protected":false},"excerpt":{"rendered":"<p>\u2022  \u00dchik: meeter<br \/>\n\u2022  <a href=\"https:\/\/www.youtube.com\/watch?v=vctLkFy-EFQ\" target=\"_blank\">Vaata tutvustavat videot<\/a><br \/>\n\u2022  GPR3 profiil on m\u00f5eldud k\u00f5rge koormustaluvusega klaaspiirete jaoks, kus joonkoormuse n\u00f5ue on 3 kN\/m<br \/>\n\u2022  10+10mm klaase saab profiili sees loodida, 12+12mm klaase ei saa<br \/>\n\u2022  Klaasipaksused (mm): 20,76; 21,52; 25,52<br \/>\n\u2022  Valikus p\u00f5hjakinnitusega ja k\u00fcljekinnitusega profiilid<br \/>\n\u2022  Profiili freesitud kinnitusavad sammuga 200 mm<br \/>\n\u2022  Profiili pikkus 5m, v\u00f5imalik saada erim\u00f5\u00f5te<br \/>\n\u2022  Pinnaviimistlused: &#8220;harjatud roostevaba&#8221; anodeering \/ haljas alumiinium \/ RAL pulberv\u00e4rvitud<br \/>\n\u2022  Integreeritud drenaa\u017eikanal<br \/>\n\u2022  S\u00fcsteem on testitud joonkoormusega 4,5 kN\/m<br \/>\n\u2022  Hind sisaldab kummitihendeid ja plastikdetaile klaaside kinnitamiseks<\/p>\n","protected":false},"featured_media":126635,"template":"","meta":{"_acf_changed":false,"inline_featured_image":false},"product_brand":[],"product_cat":[376],"product_tag":[],"class_list":{"0":"post-126671","1":"product","2":"type-product","3":"status-publish","4":"has-post-thumbnail","6":"product_cat-regulejams-profils-3kn","8":"first","9":"onbackorder","10":"shipping-taxable","11":"purchasable","12":"product-type-simple"},"acf":[],"yoast_head":"<!-- This site is optimized with the Yoast SEO plugin v27.5 - https:\/\/yoast.com\/product\/yoast-seo-wordpress\/ -->\n<title>Adjustable glass railing profile 3kN\/m, raw aluminium - Rfix.eu<\/title>\n<meta name=\"robots\" content=\"index, follow, max-snippet:-1, max-image-preview:large, max-video-preview:-1\" \/>\n<link rel=\"canonical\" href=\"https:\/\/rfix.eu\/lv\/toode\/adjustable-glass-railing-profile-3kn-m-raw-aluminium\/\" \/>\n<meta property=\"og:locale\" content=\"lv_LV\" \/>\n<meta property=\"og:type\" content=\"article\" \/>\n<meta property=\"og:title\" content=\"Adjustable glass railing profile 3kN\/m, raw aluminium - Rfix.eu\" \/>\n<meta property=\"og:description\" content=\"\u2022 \u00dchik: meeter \u2022 Vaata tutvustavat videot  \u2022 GPR3 profiil on m\u00f5eldud k\u00f5rge koormustaluvusega klaaspiirete jaoks, kus joonkoormuse n\u00f5ue on 3 kN\/m \u2022 10+10mm klaase saab profiili sees loodida, 12+12mm klaase ei saa \u2022 Klaasipaksused (mm): 20,76; 21,52; 25,52 \u2022 Valikus p\u00f5hjakinnitusega ja k\u00fcljekinnitusega profiilid \u2022 Profiili freesitud kinnitusavad sammuga 200 mm \u2022 Profiili pikkus 5m, v\u00f5imalik saada erim\u00f5\u00f5te \u2022 Pinnaviimistlused: &quot;harjatud roostevaba&quot; anodeering \/ haljas alumiinium \/ RAL pulberv\u00e4rvitud \u2022 Integreeritud drenaa\u017eikanal \u2022 S\u00fcsteem on testitud joonkoormusega 4,5 kN\/m \u2022 Hind sisaldab kummitihendeid ja plastikdetaile klaaside kinnitamiseks\" \/>\n<meta property=\"og:url\" content=\"https:\/\/rfix.eu\/lv\/toode\/adjustable-glass-railing-profile-3kn-m-raw-aluminium\/\" \/>\n<meta property=\"og:site_name\" content=\"Rfix.eu\" \/>\n<meta property=\"article:modified_time\" content=\"2026-05-07T07:31:16+00:00\" \/>\n<meta property=\"og:image\" content=\"https:\/\/rfix.eu\/wp-content\/uploads\/2024\/08\/GPR3R_raw.jpg\" \/>\n\t<meta property=\"og:image:width\" content=\"1000\" \/>\n\t<meta property=\"og:image:height\" content=\"1000\" \/>\n\t<meta property=\"og:image:type\" content=\"image\/jpeg\" \/>\n<meta name=\"twitter:card\" content=\"summary_large_image\" \/>\n<meta name=\"twitter:label1\" content=\"Est. reading time\" \/>\n\t<meta name=\"twitter:data1\" content=\"1 minute\" \/>\n<script type=\"application\/ld+json\" class=\"yoast-schema-graph\">{\"@context\":\"https:\\\/\\\/schema.org\",\"@graph\":[{\"@type\":\"WebPage\",\"@id\":\"https:\\\/\\\/rfix.eu\\\/lv\\\/toode\\\/adjustable-glass-railing-profile-3kn-m-raw-aluminium\\\/\",\"url\":\"https:\\\/\\\/rfix.eu\\\/lv\\\/toode\\\/adjustable-glass-railing-profile-3kn-m-raw-aluminium\\\/\",\"name\":\"Adjustable glass railing profile 3kN\\\/m, raw aluminium - Rfix.eu\",\"isPartOf\":{\"@id\":\"https:\\\/\\\/rfix.eu\\\/#website\"},\"primaryImageOfPage\":{\"@id\":\"https:\\\/\\\/rfix.eu\\\/lv\\\/toode\\\/adjustable-glass-railing-profile-3kn-m-raw-aluminium\\\/#primaryimage\"},\"image\":{\"@id\":\"https:\\\/\\\/rfix.eu\\\/lv\\\/toode\\\/adjustable-glass-railing-profile-3kn-m-raw-aluminium\\\/#primaryimage\"},\"thumbnailUrl\":\"https:\\\/\\\/rfix.eu\\\/wp-content\\\/uploads\\\/2024\\\/08\\\/GPR3R_raw.jpg\",\"datePublished\":\"2024-08-02T08:19:04+00:00\",\"dateModified\":\"2026-05-07T07:31:16+00:00\",\"breadcrumb\":{\"@id\":\"https:\\\/\\\/rfix.eu\\\/lv\\\/toode\\\/adjustable-glass-railing-profile-3kn-m-raw-aluminium\\\/#breadcrumb\"},\"inLanguage\":\"lv-LV\",\"potentialAction\":[{\"@type\":\"ReadAction\",\"target\":[\"https:\\\/\\\/rfix.eu\\\/lv\\\/toode\\\/adjustable-glass-railing-profile-3kn-m-raw-aluminium\\\/\"]}]},{\"@type\":\"ImageObject\",\"inLanguage\":\"lv-LV\",\"@id\":\"https:\\\/\\\/rfix.eu\\\/lv\\\/toode\\\/adjustable-glass-railing-profile-3kn-m-raw-aluminium\\\/#primaryimage\",\"url\":\"https:\\\/\\\/rfix.eu\\\/wp-content\\\/uploads\\\/2024\\\/08\\\/GPR3R_raw.jpg\",\"contentUrl\":\"https:\\\/\\\/rfix.eu\\\/wp-content\\\/uploads\\\/2024\\\/08\\\/GPR3R_raw.jpg\",\"width\":1000,\"height\":1000},{\"@type\":\"BreadcrumbList\",\"@id\":\"https:\\\/\\\/rfix.eu\\\/lv\\\/toode\\\/adjustable-glass-railing-profile-3kn-m-raw-aluminium\\\/#breadcrumb\",\"itemListElement\":[{\"@type\":\"ListItem\",\"position\":1,\"name\":\"Home\",\"item\":\"https:\\\/\\\/rfix.eu\\\/lv\\\/\"},{\"@type\":\"ListItem\",\"position\":2,\"name\":\"Produkti\",\"item\":\"https:\\\/\\\/rfix.eu\\\/tooted\\\/\"},{\"@type\":\"ListItem\",\"position\":3,\"name\":\"Adjustable glass railing profile 3kN\\\/m, raw aluminium\"}]},{\"@type\":\"WebSite\",\"@id\":\"https:\\\/\\\/rfix.eu\\\/#website\",\"url\":\"https:\\\/\\\/rfix.eu\\\/\",\"name\":\"Rfix.eu\",\"description\":\"Roostevabast terasest kinnitustarvikud professionaalile R-FIX Klaasikinnituste tootja: klaasikinnitused, klaaspiirded, t\u00f5mbid\",\"potentialAction\":[{\"@type\":\"SearchAction\",\"target\":{\"@type\":\"EntryPoint\",\"urlTemplate\":\"https:\\\/\\\/rfix.eu\\\/?s={search_term_string}\"},\"query-input\":{\"@type\":\"PropertyValueSpecification\",\"valueRequired\":true,\"valueName\":\"search_term_string\"}}],\"inLanguage\":\"lv-LV\"}]}<\/script>\n<!-- \/ Yoast SEO plugin. -->","yoast_head_json":{"title":"Adjustable glass railing profile 3kN\/m, raw aluminium - Rfix.eu","robots":{"index":"index","follow":"follow","max-snippet":"max-snippet:-1","max-image-preview":"max-image-preview:large","max-video-preview":"max-video-preview:-1"},"canonical":"https:\/\/rfix.eu\/lv\/toode\/adjustable-glass-railing-profile-3kn-m-raw-aluminium\/","og_locale":"lv_LV","og_type":"article","og_title":"Adjustable glass railing profile 3kN\/m, raw aluminium - Rfix.eu","og_description":"\u2022 \u00dchik: meeter \u2022 Vaata tutvustavat videot  \u2022 GPR3 profiil on m\u00f5eldud k\u00f5rge koormustaluvusega klaaspiirete jaoks, kus joonkoormuse n\u00f5ue on 3 kN\/m \u2022 10+10mm klaase saab profiili sees loodida, 12+12mm klaase ei saa \u2022 Klaasipaksused (mm): 20,76; 21,52; 25,52 \u2022 Valikus p\u00f5hjakinnitusega ja k\u00fcljekinnitusega profiilid \u2022 Profiili freesitud kinnitusavad sammuga 200 mm \u2022 Profiili pikkus 5m, v\u00f5imalik saada erim\u00f5\u00f5te \u2022 Pinnaviimistlused: \"harjatud roostevaba\" anodeering \/ haljas alumiinium \/ RAL pulberv\u00e4rvitud \u2022 Integreeritud drenaa\u017eikanal \u2022 S\u00fcsteem on testitud joonkoormusega 4,5 kN\/m \u2022 Hind sisaldab kummitihendeid ja plastikdetaile klaaside kinnitamiseks","og_url":"https:\/\/rfix.eu\/lv\/toode\/adjustable-glass-railing-profile-3kn-m-raw-aluminium\/","og_site_name":"Rfix.eu","article_modified_time":"2026-05-07T07:31:16+00:00","og_image":[{"width":1000,"height":1000,"url":"https:\/\/rfix.eu\/wp-content\/uploads\/2024\/08\/GPR3R_raw.jpg","type":"image\/jpeg"}],"twitter_card":"summary_large_image","twitter_misc":{"Est. reading time":"1 minute"},"schema":{"@context":"https:\/\/schema.org","@graph":[{"@type":"WebPage","@id":"https:\/\/rfix.eu\/lv\/toode\/adjustable-glass-railing-profile-3kn-m-raw-aluminium\/","url":"https:\/\/rfix.eu\/lv\/toode\/adjustable-glass-railing-profile-3kn-m-raw-aluminium\/","name":"Adjustable glass railing profile 3kN\/m, raw aluminium - Rfix.eu","isPartOf":{"@id":"https:\/\/rfix.eu\/#website"},"primaryImageOfPage":{"@id":"https:\/\/rfix.eu\/lv\/toode\/adjustable-glass-railing-profile-3kn-m-raw-aluminium\/#primaryimage"},"image":{"@id":"https:\/\/rfix.eu\/lv\/toode\/adjustable-glass-railing-profile-3kn-m-raw-aluminium\/#primaryimage"},"thumbnailUrl":"https:\/\/rfix.eu\/wp-content\/uploads\/2024\/08\/GPR3R_raw.jpg","datePublished":"2024-08-02T08:19:04+00:00","dateModified":"2026-05-07T07:31:16+00:00","breadcrumb":{"@id":"https:\/\/rfix.eu\/lv\/toode\/adjustable-glass-railing-profile-3kn-m-raw-aluminium\/#breadcrumb"},"inLanguage":"lv-LV","potentialAction":[{"@type":"ReadAction","target":["https:\/\/rfix.eu\/lv\/toode\/adjustable-glass-railing-profile-3kn-m-raw-aluminium\/"]}]},{"@type":"ImageObject","inLanguage":"lv-LV","@id":"https:\/\/rfix.eu\/lv\/toode\/adjustable-glass-railing-profile-3kn-m-raw-aluminium\/#primaryimage","url":"https:\/\/rfix.eu\/wp-content\/uploads\/2024\/08\/GPR3R_raw.jpg","contentUrl":"https:\/\/rfix.eu\/wp-content\/uploads\/2024\/08\/GPR3R_raw.jpg","width":1000,"height":1000},{"@type":"BreadcrumbList","@id":"https:\/\/rfix.eu\/lv\/toode\/adjustable-glass-railing-profile-3kn-m-raw-aluminium\/#breadcrumb","itemListElement":[{"@type":"ListItem","position":1,"name":"Home","item":"https:\/\/rfix.eu\/lv\/"},{"@type":"ListItem","position":2,"name":"Produkti","item":"https:\/\/rfix.eu\/tooted\/"},{"@type":"ListItem","position":3,"name":"Adjustable glass railing profile 3kN\/m, raw aluminium"}]},{"@type":"WebSite","@id":"https:\/\/rfix.eu\/#website","url":"https:\/\/rfix.eu\/","name":"Rfix.eu","description":"Roostevabast terasest kinnitustarvikud professionaalile R-FIX Klaasikinnituste tootja: klaasikinnitused, klaaspiirded, t\u00f5mbid","potentialAction":[{"@type":"SearchAction","target":{"@type":"EntryPoint","urlTemplate":"https:\/\/rfix.eu\/?s={search_term_string}"},"query-input":{"@type":"PropertyValueSpecification","valueRequired":true,"valueName":"search_term_string"}}],"inLanguage":"lv-LV"}]}},"_links":{"self":[{"href":"https:\/\/rfix.eu\/lv\/wp-json\/wp\/v2\/product\/126671","targetHints":{"allow":["GET"]}}],"collection":[{"href":"https:\/\/rfix.eu\/lv\/wp-json\/wp\/v2\/product"}],"about":[{"href":"https:\/\/rfix.eu\/lv\/wp-json\/wp\/v2\/types\/product"}],"wp:featuredmedia":[{"embeddable":true,"href":"https:\/\/rfix.eu\/lv\/wp-json\/wp\/v2\/media\/126635"}],"wp:attachment":[{"href":"https:\/\/rfix.eu\/lv\/wp-json\/wp\/v2\/media?parent=126671"}],"wp:term":[{"taxonomy":"product_brand","embeddable":true,"href":"https:\/\/rfix.eu\/lv\/wp-json\/wp\/v2\/product_brand?post=126671"},{"taxonomy":"product_cat","embeddable":true,"href":"https:\/\/rfix.eu\/lv\/wp-json\/wp\/v2\/product_cat?post=126671"},{"taxonomy":"product_tag","embeddable":true,"href":"https:\/\/rfix.eu\/lv\/wp-json\/wp\/v2\/product_tag?post=126671"}],"curies":[{"name":"wp","href":"https:\/\/api.w.org\/{rel}","templated":true}]}}