{"id":67367,"date":"2019-11-07T13:01:00","date_gmt":"2019-11-07T11:01:00","guid":{"rendered":"https:\/\/rfix.eu\/avaleht\/"},"modified":"2026-03-25T11:47:01","modified_gmt":"2026-03-25T09:47:01","slug":"avaleht","status":"publish","type":"page","link":"https:\/\/rfix.eu\/lv\/","title":{"rendered":"Avaleht"},"content":{"rendered":"","protected":false},"excerpt":{"rendered":"","protected":false},"author":1,"featured_media":0,"parent":0,"menu_order":0,"comment_status":"closed","ping_status":"closed","template":"","meta":{"_acf_changed":false,"inline_featured_image":false,"footnotes":""},"class_list":["post-67367","page","type-page","status-publish","hentry"],"acf":[],"yoast_head":"<!-- This site is optimized with the Yoast SEO plugin v27.2 - https:\/\/yoast.com\/product\/yoast-seo-wordpress\/ -->\n<title>Stikla margu profili, stikla stiprin\u0101jumi, spriego\u0161anas stie\u0146i - R-FIX<\/title>\n<meta name=\"description\" content=\"Projekt\u0113jam un ra\u017eojam arhitektoniskas stiprin\u0101jumu sist\u0113mas. Iepaz\u012bsties ar produktiem vai apskati paveiktos darbus!\" \/>\n<meta name=\"robots\" content=\"index, follow, max-snippet:-1, max-image-preview:large, max-video-preview:-1\" \/>\n<link rel=\"canonical\" href=\"https:\/\/rfix.eu\/lv\/\" \/>\n<meta property=\"og:locale\" content=\"lv_LV\" \/>\n<meta property=\"og:type\" content=\"article\" \/>\n<meta property=\"og:title\" content=\"Stikla margu profili, stikla stiprin\u0101jumi, spriego\u0161anas stie\u0146i - R-FIX\" \/>\n<meta property=\"og:description\" content=\"Projekt\u0113jam un ra\u017eojam arhitektoniskas stiprin\u0101jumu sist\u0113mas. Iepaz\u012bsties ar produktiem vai apskati paveiktos darbus!\" \/>\n<meta property=\"og:url\" content=\"https:\/\/rfix.eu\/lv\/\" \/>\n<meta property=\"og:site_name\" content=\"Rfix.eu\" \/>\n<meta property=\"article:modified_time\" content=\"2026-03-25T09:47:01+00:00\" \/>\n<meta name=\"twitter:card\" content=\"summary_large_image\" \/>\n<script type=\"application\/ld+json\" class=\"yoast-schema-graph\">{\"@context\":\"https:\/\/schema.org\",\"@graph\":[{\"@type\":\"WebPage\",\"@id\":\"https:\/\/rfix.eu\/lv\/\",\"url\":\"https:\/\/rfix.eu\/lv\/\",\"name\":\"Stikla margu profili, stikla stiprin\u0101jumi, spriego\u0161anas stie\u0146i - R-FIX\",\"isPartOf\":{\"@id\":\"https:\/\/rfix.eu\/#website\"},\"datePublished\":\"2019-11-07T11:01:00+00:00\",\"dateModified\":\"2026-03-25T09:47:01+00:00\",\"description\":\"Projekt\u0113jam un ra\u017eojam arhitektoniskas stiprin\u0101jumu sist\u0113mas. Iepaz\u012bsties ar produktiem vai apskati paveiktos darbus!\",\"breadcrumb\":{\"@id\":\"https:\/\/rfix.eu\/lv\/#breadcrumb\"},\"inLanguage\":\"lv-LV\",\"potentialAction\":[{\"@type\":\"ReadAction\",\"target\":[\"https:\/\/rfix.eu\/lv\/\"]}]},{\"@type\":\"BreadcrumbList\",\"@id\":\"https:\/\/rfix.eu\/lv\/#breadcrumb\",\"itemListElement\":[{\"@type\":\"ListItem\",\"position\":1,\"name\":\"Home\",\"item\":\"https:\/\/rfix.eu\/lv\/\"},{\"@type\":\"ListItem\",\"position\":2,\"name\":\"Avaleht\"}]},{\"@type\":\"WebSite\",\"@id\":\"https:\/\/rfix.eu\/#website\",\"url\":\"https:\/\/rfix.eu\/\",\"name\":\"Rfix.eu\",\"description\":\"Roostevabast terasest kinnitustarvikud professionaalile R-FIX Klaasikinnituste tootja: klaasikinnitused, klaaspiirded, t\u00f5mbid\",\"potentialAction\":[{\"@type\":\"SearchAction\",\"target\":{\"@type\":\"EntryPoint\",\"urlTemplate\":\"https:\/\/rfix.eu\/?s={search_term_string}\"},\"query-input\":{\"@type\":\"PropertyValueSpecification\",\"valueRequired\":true,\"valueName\":\"search_term_string\"}}],\"inLanguage\":\"lv-LV\"}]}<\/script>\n<!-- \/ Yoast SEO plugin. -->","yoast_head_json":{"title":"Stikla margu profili, stikla stiprin\u0101jumi, spriego\u0161anas stie\u0146i - R-FIX","description":"Projekt\u0113jam un ra\u017eojam arhitektoniskas stiprin\u0101jumu sist\u0113mas. Iepaz\u012bsties ar produktiem vai apskati paveiktos darbus!","robots":{"index":"index","follow":"follow","max-snippet":"max-snippet:-1","max-image-preview":"max-image-preview:large","max-video-preview":"max-video-preview:-1"},"canonical":"https:\/\/rfix.eu\/lv\/","og_locale":"lv_LV","og_type":"article","og_title":"Stikla margu profili, stikla stiprin\u0101jumi, spriego\u0161anas stie\u0146i - R-FIX","og_description":"Projekt\u0113jam un ra\u017eojam arhitektoniskas stiprin\u0101jumu sist\u0113mas. Iepaz\u012bsties ar produktiem vai apskati paveiktos darbus!","og_url":"https:\/\/rfix.eu\/lv\/","og_site_name":"Rfix.eu","article_modified_time":"2026-03-25T09:47:01+00:00","twitter_card":"summary_large_image","schema":{"@context":"https:\/\/schema.org","@graph":[{"@type":"WebPage","@id":"https:\/\/rfix.eu\/lv\/","url":"https:\/\/rfix.eu\/lv\/","name":"Stikla margu profili, stikla stiprin\u0101jumi, spriego\u0161anas stie\u0146i - R-FIX","isPartOf":{"@id":"https:\/\/rfix.eu\/#website"},"datePublished":"2019-11-07T11:01:00+00:00","dateModified":"2026-03-25T09:47:01+00:00","description":"Projekt\u0113jam un ra\u017eojam arhitektoniskas stiprin\u0101jumu sist\u0113mas. Iepaz\u012bsties ar produktiem vai apskati paveiktos darbus!","breadcrumb":{"@id":"https:\/\/rfix.eu\/lv\/#breadcrumb"},"inLanguage":"lv-LV","potentialAction":[{"@type":"ReadAction","target":["https:\/\/rfix.eu\/lv\/"]}]},{"@type":"BreadcrumbList","@id":"https:\/\/rfix.eu\/lv\/#breadcrumb","itemListElement":[{"@type":"ListItem","position":1,"name":"Home","item":"https:\/\/rfix.eu\/lv\/"},{"@type":"ListItem","position":2,"name":"Avaleht"}]},{"@type":"WebSite","@id":"https:\/\/rfix.eu\/#website","url":"https:\/\/rfix.eu\/","name":"Rfix.eu","description":"Roostevabast terasest kinnitustarvikud professionaalile R-FIX Klaasikinnituste tootja: klaasikinnitused, klaaspiirded, t\u00f5mbid","potentialAction":[{"@type":"SearchAction","target":{"@type":"EntryPoint","urlTemplate":"https:\/\/rfix.eu\/?s={search_term_string}"},"query-input":{"@type":"PropertyValueSpecification","valueRequired":true,"valueName":"search_term_string"}}],"inLanguage":"lv-LV"}]}},"_links":{"self":[{"href":"https:\/\/rfix.eu\/lv\/wp-json\/wp\/v2\/pages\/67367","targetHints":{"allow":["GET"]}}],"collection":[{"href":"https:\/\/rfix.eu\/lv\/wp-json\/wp\/v2\/pages"}],"about":[{"href":"https:\/\/rfix.eu\/lv\/wp-json\/wp\/v2\/types\/page"}],"author":[{"embeddable":true,"href":"https:\/\/rfix.eu\/lv\/wp-json\/wp\/v2\/users\/1"}],"replies":[{"embeddable":true,"href":"https:\/\/rfix.eu\/lv\/wp-json\/wp\/v2\/comments?post=67367"}],"version-history":[{"count":4,"href":"https:\/\/rfix.eu\/lv\/wp-json\/wp\/v2\/pages\/67367\/revisions"}],"predecessor-version":[{"id":134915,"href":"https:\/\/rfix.eu\/lv\/wp-json\/wp\/v2\/pages\/67367\/revisions\/134915"}],"wp:attachment":[{"href":"https:\/\/rfix.eu\/lv\/wp-json\/wp\/v2\/media?parent=67367"}],"curies":[{"name":"wp","href":"https:\/\/api.w.org\/{rel}","templated":true}]}}