{"id":67365,"date":"2019-11-11T09:42:12","date_gmt":"2019-11-11T07:42:12","guid":{"rendered":"https:\/\/rfix.eu\/erilahendused\/"},"modified":"2024-09-16T12:13:22","modified_gmt":"2024-09-16T09:13:22","slug":"ipasi-risinajumi","status":"publish","type":"page","link":"https:\/\/rfix.eu\/lv\/ipasi-risinajumi\/","title":{"rendered":"\u012apa\u0161i risin\u0101jumi"},"content":{"rendered":"\n<p>R-FIX pal\u012bdz \u012bstenot sare\u017e\u0123\u012btus vai lielus projektus, sniedzot tehnisko atbalstu, k\u0101 ar\u012b dizain\u0113jot un izgatavojot \u012bpa\u0161i projektam paredz\u0113tus produktus.<\/p>\n\n\n\n<p>Standarta produkts cenas, uzst\u0101d\u012b\u0161anas sare\u017e\u0123\u012bt\u012bbas vai nostiprin\u0101\u0161anas specifikas d\u0113\u013c bie\u017ei nav piem\u0113rots izmanto\u0161anai \u012bpa\u0161os projektos. Tad parasti pietiek piel\u0101got projektam k\u0101du standarta produktu, piem\u0113ram, izveidojot specifiskas stiprin\u0101juma aizdares, vai izgatavot margu profilus ar \u012bpa\u0161u anod\u0113jumu.<\/p>\n\n\n\n<p>Tom\u0113r ir ar\u012b projekti, kuru gad\u012bjum\u0101 standarta produkta groz\u012b\u0161ana nepal\u012bdz, \u0161\u0101d\u0101 gad\u012bjum\u0101 ir j\u0101izstr\u0101d\u0101 \u012bpa\u0161s risin\u0101jums.<\/p>\n\n\n<div id=\"acf-block-block_399b0bad622519dc8d3af3d63fe03108\" class=\" acf-block-element block-bordered\">\n<div class=\"bordered-box text-center\"><img decoding=\"async\" src=\"https:\/\/rfix.eu\/wp-content\/uploads\/2019\/11\/anname-n-u.svg\" class=\"custom-svg\" alt=\"\" \/><h3>Sniedzam padomu projektu sast\u0101d\u012b\u0161anas gait\u0101, pal\u012bdzam preciz\u0113t darba projektus un izv\u0113l\u0113ties piem\u0113rotus stiprin\u0101jumu piederumus.<\/h3><p>Jau gadiem esam gan projekt\u0113t\u0101jiem, gan b\u016bvniekiem pal\u012bdz\u0113ju\u0161i b\u016bv\u0113t dro\u0161as un izdev\u012bgas stikla-met\u0101la konstrukcijas. Pateicoties pieredzei, protam sniegt pareizus ieteikumus.<\/p><\/div><\/div>\n\n\n<h2 class=\"wp-block-heading has-text-align-center\">M<strong>\u016bsu darba process<\/strong><\/h2>\n\n\n<div id=\"acf-block-block_e8f438288a5a2ae58b547ea44b453151\" class=\"acf-block-element block-iconboxes\">\n<div class=\"gutenberg-iconboxes\"><div class=\"iconbox d-flex flex-wrap\"><div class=\"iconbox-icon\"><div class=\"d-flex flex-wrap align-items-center justify-content-center\"><img decoding=\"async\" src=\"https:\/\/rfix.eu\/wp-content\/uploads\/2019\/11\/samm-1.svg\" class=\"custom-svg\" alt=\"\" \/><\/div><\/div><div class=\"iconbox-content\"><h6 class=\"text-uppercase\">1. solis<\/h6><div class=\"editor-content\"><p>Kop\u0101 ar klientu noskaidrojam, k\u0101di stiprin\u0101jumu piederumi ir nepiecie\u0161ami atbilsto\u0161i projekta ras\u0113jumiem un pras\u012bb\u0101m. M\u016bsu pieredz\u0113ju\u0161ie speci\u0101listi pal\u012bdz atrast risin\u0101jumu, kas ir vienl\u012bdz skaists, dro\u0161s un konkur\u0113tsp\u0113j\u012bgs.<\/p>\n<\/div><\/div><\/div><div class=\"iconbox d-flex flex-wrap\"><div class=\"iconbox-icon\"><div class=\"d-flex flex-wrap align-items-center justify-content-center\"><img decoding=\"async\" src=\"https:\/\/rfix.eu\/wp-content\/uploads\/2019\/11\/samm-2.svg\" class=\"custom-svg\" alt=\"\" \/><\/div><\/div><div class=\"iconbox-content\"><h6 class=\"text-uppercase\">2. solis<\/h6><div class=\"editor-content\"><p>Izv\u0113lamies piem\u0113rotus standarta produktus vai izveidojam \u012bpa\u0161i projektam paredz\u0113tus produktus. Atrodam klientam izdev\u012bg\u0101kos risin\u0101jumus.<br \/>\nVeidojot dizainu, veicam stikla un stiprin\u0101jumu piederumu stipr\u012bbas apr\u0113\u0137inus, vadoties no stikla pa\u0161svara, lieto\u0161anas slodzes, v\u0113ja slodzes un citiem ietekm\u0113jo\u0161ajiem faktoriem. Atkar\u012bb\u0101 no projekta sare\u017e\u0123\u012bt\u012bbas veicam gan manu\u0101lus apr\u0113\u0137inus, gan FEM (gal\u012bgo elementu metodes) apr\u0113\u0137inus ar programmat\u016bru Autodesk Nastran.<\/p>\n<\/div><\/div><\/div><div class=\"iconbox d-flex flex-wrap\"><div class=\"iconbox-icon\"><div class=\"d-flex flex-wrap align-items-center justify-content-center\"><img decoding=\"async\" src=\"https:\/\/rfix.eu\/wp-content\/uploads\/2019\/11\/samm-3.svg\" class=\"custom-svg\" alt=\"\" \/><\/div><\/div><div class=\"iconbox-content\"><h6 class=\"text-uppercase\">3.solis<\/h6><div class=\"editor-content\"><p>Pied\u0101v\u0101jam projektam piem\u0113rotus stiprin\u0101jumu mezglus, sniedzam ar\u012b nor\u0101d\u012bjumus klienta projekt\u0113t\u0101jam par to, k\u0101 m\u016bsu produktus projekt\u0101 izmantot pareizi.<\/p>\n<\/div><\/div><\/div><div class=\"iconbox d-flex flex-wrap\"><div class=\"iconbox-icon\"><div class=\"d-flex flex-wrap align-items-center justify-content-center\"><img decoding=\"async\" src=\"https:\/\/rfix.eu\/wp-content\/uploads\/2019\/11\/samm-4.svg\" class=\"custom-svg\" alt=\"\" \/><\/div><\/div><div class=\"iconbox-content\"><h6 class=\"text-uppercase\">4. solis<\/h6><div class=\"editor-content\"><p>Sara\u017eojam projekt\u0101 apstiprin\u0101tos stiprin\u0101jumu piederumus, ja nepiecie\u0161ams, liekam veikt slodzes testus laboratorij\u0101, lai pier\u0101d\u012btu to atbilst\u012bbu pras\u012bb\u0101m.<\/p>\n<\/div><\/div><\/div><div class=\"iconbox d-flex flex-wrap\"><div class=\"iconbox-icon\"><div class=\"d-flex flex-wrap align-items-center justify-content-center\"><img decoding=\"async\" src=\"https:\/\/rfix.eu\/wp-content\/uploads\/2019\/11\/samm-5.svg\" class=\"custom-svg\" alt=\"\" \/><\/div><\/div><div class=\"iconbox-content\"><h6 class=\"text-uppercase\">5. solis<\/h6><div class=\"editor-content\"><p>Pieg\u0101d\u0101jam produktus saska\u0146\u0101 ar vieno\u0161anos, vai nu b\u016bvobjekt\u0101, vai klienta noliktav\u0101. Kop\u0101 ar produktiem izsniedzam projektam nepiecie\u0161amos dokumentus: DoP sertifik\u0101ti un lieto\u0161anas nor\u0101d\u012bjumi.<\/p>\n<\/div><\/div><\/div><div class=\"iconbox d-flex flex-wrap\"><div class=\"iconbox-icon\"><div class=\"d-flex flex-wrap align-items-center justify-content-center\"><img decoding=\"async\" src=\"https:\/\/rfix.eu\/wp-content\/uploads\/2019\/11\/samm-6.svg\" class=\"custom-svg\" alt=\"\" \/><\/div><\/div><div class=\"iconbox-content\"><h6 class=\"text-uppercase\">6. solis<\/h6><div class=\"editor-content\"><p>Vienm\u0113r esam klientam pieejami ar\u012b p\u0113c p\u0101rdo\u0161anas un pal\u012bdzam atrisin\u0101t iesp\u0113jamos jaut\u0101jumus.<\/p>\n<\/div><\/div><\/div><\/div><\/div>","protected":false},"excerpt":{"rendered":"<p>R-FIX pal\u012bdz \u012bstenot sare\u017e\u0123\u012btus vai lielus projektus, sniedzot tehnisko atbalstu, k\u0101 ar\u012b dizain\u0113jot un izgatavojot \u012bpa\u0161i projektam paredz\u0113tus produktus. Standarta&#8230;<\/p>\n","protected":false},"author":1,"featured_media":0,"parent":0,"menu_order":20,"comment_status":"closed","ping_status":"closed","template":"","meta":{"_acf_changed":false,"inline_featured_image":false,"footnotes":""},"class_list":["post-67365","page","type-page","status-publish","hentry"],"acf":[],"yoast_head":"<!-- This site is optimized with the Yoast SEO plugin v27.2 - https:\/\/yoast.com\/product\/yoast-seo-wordpress\/ -->\n<title>Klaaspiirete, -fassaadide ja -varikatuste erilahendused - R-FIX O\u00dc<\/title>\n<meta name=\"description\" content=\"Anname n\u00f5u projektide koostamise staadiumis, aitame t\u00e4psustada t\u00f6\u00f6projekte ning valida sobivaid kinnitustarvikuid. Loe siit l\u00e4hemalt!\" \/>\n<meta name=\"robots\" content=\"index, follow, max-snippet:-1, max-image-preview:large, max-video-preview:-1\" \/>\n<link rel=\"canonical\" href=\"https:\/\/rfix.eu\/lv\/ipasi-risinajumi\/\" \/>\n<meta property=\"og:locale\" content=\"lv_LV\" \/>\n<meta property=\"og:type\" content=\"article\" \/>\n<meta property=\"og:title\" content=\"Klaaspiirete, -fassaadide ja -varikatuste erilahendused - R-FIX O\u00dc\" \/>\n<meta property=\"og:description\" content=\"Anname n\u00f5u projektide koostamise staadiumis, aitame t\u00e4psustada t\u00f6\u00f6projekte ning valida sobivaid kinnitustarvikuid. Loe siit l\u00e4hemalt!\" \/>\n<meta property=\"og:url\" content=\"https:\/\/rfix.eu\/lv\/ipasi-risinajumi\/\" \/>\n<meta property=\"og:site_name\" content=\"Rfix.eu\" \/>\n<meta property=\"article:modified_time\" content=\"2024-09-16T09:13:22+00:00\" \/>\n<meta name=\"twitter:card\" content=\"summary_large_image\" \/>\n<meta name=\"twitter:label1\" content=\"Est. reading time\" \/>\n\t<meta name=\"twitter:data1\" content=\"1 minute\" \/>\n<script type=\"application\/ld+json\" class=\"yoast-schema-graph\">{\"@context\":\"https:\/\/schema.org\",\"@graph\":[{\"@type\":\"WebPage\",\"@id\":\"https:\/\/rfix.eu\/lv\/ipasi-risinajumi\/\",\"url\":\"https:\/\/rfix.eu\/lv\/ipasi-risinajumi\/\",\"name\":\"Klaaspiirete, -fassaadide ja -varikatuste erilahendused - R-FIX O\u00dc\",\"isPartOf\":{\"@id\":\"https:\/\/rfix.eu\/#website\"},\"datePublished\":\"2019-11-11T07:42:12+00:00\",\"dateModified\":\"2024-09-16T09:13:22+00:00\",\"description\":\"Anname n\u00f5u projektide koostamise staadiumis, aitame t\u00e4psustada t\u00f6\u00f6projekte ning valida sobivaid kinnitustarvikuid. Loe siit l\u00e4hemalt!\",\"breadcrumb\":{\"@id\":\"https:\/\/rfix.eu\/lv\/ipasi-risinajumi\/#breadcrumb\"},\"inLanguage\":\"lv-LV\",\"potentialAction\":[{\"@type\":\"ReadAction\",\"target\":[\"https:\/\/rfix.eu\/lv\/ipasi-risinajumi\/\"]}]},{\"@type\":\"BreadcrumbList\",\"@id\":\"https:\/\/rfix.eu\/lv\/ipasi-risinajumi\/#breadcrumb\",\"itemListElement\":[{\"@type\":\"ListItem\",\"position\":1,\"name\":\"Home\",\"item\":\"https:\/\/rfix.eu\/lv\/\"},{\"@type\":\"ListItem\",\"position\":2,\"name\":\"\u012apa\u0161i risin\u0101jumi\"}]},{\"@type\":\"WebSite\",\"@id\":\"https:\/\/rfix.eu\/#website\",\"url\":\"https:\/\/rfix.eu\/\",\"name\":\"Rfix.eu\",\"description\":\"Roostevabast terasest kinnitustarvikud professionaalile R-FIX Klaasikinnituste tootja: klaasikinnitused, klaaspiirded, t\u00f5mbid\",\"potentialAction\":[{\"@type\":\"SearchAction\",\"target\":{\"@type\":\"EntryPoint\",\"urlTemplate\":\"https:\/\/rfix.eu\/?s={search_term_string}\"},\"query-input\":{\"@type\":\"PropertyValueSpecification\",\"valueRequired\":true,\"valueName\":\"search_term_string\"}}],\"inLanguage\":\"lv-LV\"}]}<\/script>\n<!-- \/ Yoast SEO plugin. -->","yoast_head_json":{"title":"Klaaspiirete, -fassaadide ja -varikatuste erilahendused - R-FIX O\u00dc","description":"Anname n\u00f5u projektide koostamise staadiumis, aitame t\u00e4psustada t\u00f6\u00f6projekte ning valida sobivaid kinnitustarvikuid. Loe siit l\u00e4hemalt!","robots":{"index":"index","follow":"follow","max-snippet":"max-snippet:-1","max-image-preview":"max-image-preview:large","max-video-preview":"max-video-preview:-1"},"canonical":"https:\/\/rfix.eu\/lv\/ipasi-risinajumi\/","og_locale":"lv_LV","og_type":"article","og_title":"Klaaspiirete, -fassaadide ja -varikatuste erilahendused - R-FIX O\u00dc","og_description":"Anname n\u00f5u projektide koostamise staadiumis, aitame t\u00e4psustada t\u00f6\u00f6projekte ning valida sobivaid kinnitustarvikuid. Loe siit l\u00e4hemalt!","og_url":"https:\/\/rfix.eu\/lv\/ipasi-risinajumi\/","og_site_name":"Rfix.eu","article_modified_time":"2024-09-16T09:13:22+00:00","twitter_card":"summary_large_image","twitter_misc":{"Est. reading time":"1 minute"},"schema":{"@context":"https:\/\/schema.org","@graph":[{"@type":"WebPage","@id":"https:\/\/rfix.eu\/lv\/ipasi-risinajumi\/","url":"https:\/\/rfix.eu\/lv\/ipasi-risinajumi\/","name":"Klaaspiirete, -fassaadide ja -varikatuste erilahendused - R-FIX O\u00dc","isPartOf":{"@id":"https:\/\/rfix.eu\/#website"},"datePublished":"2019-11-11T07:42:12+00:00","dateModified":"2024-09-16T09:13:22+00:00","description":"Anname n\u00f5u projektide koostamise staadiumis, aitame t\u00e4psustada t\u00f6\u00f6projekte ning valida sobivaid kinnitustarvikuid. Loe siit l\u00e4hemalt!","breadcrumb":{"@id":"https:\/\/rfix.eu\/lv\/ipasi-risinajumi\/#breadcrumb"},"inLanguage":"lv-LV","potentialAction":[{"@type":"ReadAction","target":["https:\/\/rfix.eu\/lv\/ipasi-risinajumi\/"]}]},{"@type":"BreadcrumbList","@id":"https:\/\/rfix.eu\/lv\/ipasi-risinajumi\/#breadcrumb","itemListElement":[{"@type":"ListItem","position":1,"name":"Home","item":"https:\/\/rfix.eu\/lv\/"},{"@type":"ListItem","position":2,"name":"\u012apa\u0161i risin\u0101jumi"}]},{"@type":"WebSite","@id":"https:\/\/rfix.eu\/#website","url":"https:\/\/rfix.eu\/","name":"Rfix.eu","description":"Roostevabast terasest kinnitustarvikud professionaalile R-FIX Klaasikinnituste tootja: klaasikinnitused, klaaspiirded, t\u00f5mbid","potentialAction":[{"@type":"SearchAction","target":{"@type":"EntryPoint","urlTemplate":"https:\/\/rfix.eu\/?s={search_term_string}"},"query-input":{"@type":"PropertyValueSpecification","valueRequired":true,"valueName":"search_term_string"}}],"inLanguage":"lv-LV"}]}},"_links":{"self":[{"href":"https:\/\/rfix.eu\/lv\/wp-json\/wp\/v2\/pages\/67365","targetHints":{"allow":["GET"]}}],"collection":[{"href":"https:\/\/rfix.eu\/lv\/wp-json\/wp\/v2\/pages"}],"about":[{"href":"https:\/\/rfix.eu\/lv\/wp-json\/wp\/v2\/types\/page"}],"author":[{"embeddable":true,"href":"https:\/\/rfix.eu\/lv\/wp-json\/wp\/v2\/users\/1"}],"replies":[{"embeddable":true,"href":"https:\/\/rfix.eu\/lv\/wp-json\/wp\/v2\/comments?post=67365"}],"version-history":[{"count":2,"href":"https:\/\/rfix.eu\/lv\/wp-json\/wp\/v2\/pages\/67365\/revisions"}],"predecessor-version":[{"id":127705,"href":"https:\/\/rfix.eu\/lv\/wp-json\/wp\/v2\/pages\/67365\/revisions\/127705"}],"wp:attachment":[{"href":"https:\/\/rfix.eu\/lv\/wp-json\/wp\/v2\/media?parent=67365"}],"curies":[{"name":"wp","href":"https:\/\/api.w.org\/{rel}","templated":true}]}}