{"id":130444,"date":"2025-03-11T16:47:25","date_gmt":"2025-03-11T14:47:25","guid":{"rendered":"https:\/\/rfix.eu\/?page_id=130444"},"modified":"2025-03-11T16:51:59","modified_gmt":"2025-03-11T14:51:59","slug":"konfigurators","status":"publish","type":"page","link":"https:\/\/rfix.eu\/lv\/konfigurators\/","title":{"rendered":"Konfigurators"},"content":{"rendered":"\n<p>Izmantojot zem\u0101k eso\u0161o pogu, ikvienam ir iesp\u0113ja piek\u013c\u016bt m\u016bsu jaunajam konfiguratoram un izveidot savu individu\u0101lo stikla margu dizainu. N\u0101kotn\u0113 tas tiks papildin\u0101ts ar jauniem produktiem, pie kuru izstr\u0101des m\u0113s jau str\u0101d\u0101jam.<\/p>\n\n\n\n<div class=\"wp-block-buttons is-content-justification-center is-layout-flex wp-container-core-buttons-is-layout-16018d1d wp-block-buttons-is-layout-flex\">\n<div class=\"wp-block-button\"><a class=\"wp-block-button__link wp-element-button\" href=\"https:\/\/rfix-configure.web.app\/configurator\" target=\"_blank\" rel=\"noreferrer noopener\">STIKLA MARGU KONFIGURATORS<\/a><\/div>\n<\/div>\n\n\n\n<p>\u0160is ir r\u012bks, kas pal\u012bdz ietaup\u012bt d\u0101rgo laiku un vizualiz\u0113t rezult\u0101tu fotore\u0101lisma l\u012bmen\u012b. Lai gan esam test\u0113ju\u0161i konfiguratoru neskait\u0101mas stundas, tom\u0113r, k\u0101 ikviens jauns risin\u0101jums, ar\u012b \u0161is var sag\u0101d\u0101t p\u0101rsteigumus. T\u0101d\u0113\u013c l\u016bdzam attiekties pret tiem ar sapratni un paciet\u012bbu.<\/p>\n\n\n\n<p>Konfiguratoru var izmantot gan k\u0101 viesis, gan k\u0101 re\u0123istr\u0113ts klients, attiec\u012bgi piesakoties sist\u0113m\u0101.<\/p>\n\n\n\n<ul class=\"wp-block-list\">\n<li>K\u0101 <strong>viesis<\/strong> J\u016bs varat izveidot savu margu dizainu un nos\u016bt\u012bt to mums, lai varam sagatavot attiec\u012bgu pied\u0101v\u0101jumu. K\u0101 viesis J\u016bs neredz\u0113siet cenas un nevar\u0113siet saglab\u0101t savus projektus.<\/li>\n\n\n\n<li>Piesakoties sist\u0113m\u0101 k\u0101 <strong>re\u0123istr\u0113ts klients<\/strong>, konfigur\u0113\u0161anas laik\u0101 varat redz\u0113t margu cenu re\u0101llaik\u0101. Turkl\u0101t J\u016bs varat saglab\u0101t savus projektus, lai tos v\u0113l\u0101k apskat\u012btu, kop\u0113tu un redi\u0123\u0113tu. Konfigurator\u0101 varat izmantot to pa\u0161u lietot\u0101jv\u0101rdu un paroli, ko izmantojat m\u016bsu galvenaj\u0101 lap\u0101. Ja v\u0113l neesat re\u0123istr\u0113jies k\u0101 klients, varat to izdar\u012bt konta re\u0123istr\u0101cijas lap\u0101.<\/li>\n<\/ul>\n\n\n\n<p>Nov\u0113lam pat\u012bkamu konfiguratora lieto\u0161anu! Jaut\u0101jumu gad\u012bjum\u0101, l\u016bdzu, sazinieties ar mums.<\/p>\n\n\n\n<p><em>Konfiguratora izstr\u0101de ir finans\u0113ta no Eiropas Savien\u012bbas atvese\u013co\u0161anas instrumenta NextGenerationEU l\u012bdzek\u013ciem.<\/em><\/p>\n\n\n\n<figure class=\"wp-block-image size-full\"><img loading=\"lazy\" decoding=\"async\" width=\"914\" height=\"692\" src=\"https:\/\/rfix.eu\/wp-content\/uploads\/2025\/03\/glass-railing-configurator-EL-nextgeneration-1.jpg\" alt=\"stikla-margu-konfigurators-3d-funded-by-EU-logo\" class=\"wp-image-130445\" srcset=\"https:\/\/rfix.eu\/wp-content\/uploads\/2025\/03\/glass-railing-configurator-EL-nextgeneration-1.jpg 914w, https:\/\/rfix.eu\/wp-content\/uploads\/2025\/03\/glass-railing-configurator-EL-nextgeneration-1-768x581.jpg 768w, https:\/\/rfix.eu\/wp-content\/uploads\/2025\/03\/glass-railing-configurator-EL-nextgeneration-1-64x48.jpg 64w\" sizes=\"auto, (max-width: 914px) 100vw, 914px\" \/><\/figure>\n","protected":false},"excerpt":{"rendered":"<p>Izmantojot zem\u0101k eso\u0161o pogu, ikvienam ir iesp\u0113ja piek\u013c\u016bt m\u016bsu jaunajam konfiguratoram un izveidot savu individu\u0101lo stikla margu dizainu. N\u0101kotn\u0113 tas&#8230;<\/p>\n","protected":false},"author":363,"featured_media":0,"parent":0,"menu_order":0,"comment_status":"closed","ping_status":"closed","template":"","meta":{"_acf_changed":false,"inline_featured_image":false,"footnotes":""},"class_list":["post-130444","page","type-page","status-publish","hentry"],"acf":[],"yoast_head":"<!-- This site is optimized with the Yoast SEO plugin v27.2 - https:\/\/yoast.com\/product\/yoast-seo-wordpress\/ -->\n<title>Konfigurators - Rfix.eu<\/title>\n<meta name=\"description\" content=\"Stikla margu konfigurators \u2013 r\u012bks, kas \u013cauj viegli un \u0113rti veidot sev v\u0113lamo stikla margu dizainu. Izm\u0113\u0123iniet!\" \/>\n<meta name=\"robots\" content=\"index, follow, max-snippet:-1, max-image-preview:large, max-video-preview:-1\" \/>\n<link rel=\"canonical\" href=\"https:\/\/rfix.eu\/lv\/konfigurators\/\" \/>\n<meta property=\"og:locale\" content=\"lv_LV\" \/>\n<meta property=\"og:type\" content=\"article\" \/>\n<meta property=\"og:title\" content=\"Konfigurators - Rfix.eu\" \/>\n<meta property=\"og:description\" content=\"Stikla margu konfigurators \u2013 r\u012bks, kas \u013cauj viegli un \u0113rti veidot sev v\u0113lamo stikla margu dizainu. Izm\u0113\u0123iniet!\" \/>\n<meta property=\"og:url\" content=\"https:\/\/rfix.eu\/lv\/konfigurators\/\" \/>\n<meta property=\"og:site_name\" content=\"Rfix.eu\" \/>\n<meta property=\"article:modified_time\" content=\"2025-03-11T14:51:59+00:00\" \/>\n<meta property=\"og:image\" content=\"https:\/\/rfix.eu\/wp-content\/uploads\/2025\/03\/glass-railing-configurator-EL-nextgeneration-1.jpg\" \/>\n\t<meta property=\"og:image:width\" content=\"914\" \/>\n\t<meta property=\"og:image:height\" content=\"692\" \/>\n\t<meta property=\"og:image:type\" content=\"image\/jpeg\" \/>\n<meta name=\"twitter:card\" content=\"summary_large_image\" \/>\n<meta name=\"twitter:label1\" content=\"Est. reading time\" \/>\n\t<meta name=\"twitter:data1\" content=\"2 minutes\" \/>\n<script type=\"application\/ld+json\" class=\"yoast-schema-graph\">{\"@context\":\"https:\/\/schema.org\",\"@graph\":[{\"@type\":\"WebPage\",\"@id\":\"https:\/\/rfix.eu\/lv\/konfigurators\/\",\"url\":\"https:\/\/rfix.eu\/lv\/konfigurators\/\",\"name\":\"Konfigurators - Rfix.eu\",\"isPartOf\":{\"@id\":\"https:\/\/rfix.eu\/#website\"},\"primaryImageOfPage\":{\"@id\":\"https:\/\/rfix.eu\/lv\/konfigurators\/#primaryimage\"},\"image\":{\"@id\":\"https:\/\/rfix.eu\/lv\/konfigurators\/#primaryimage\"},\"thumbnailUrl\":\"https:\/\/rfix.eu\/wp-content\/uploads\/2025\/03\/glass-railing-configurator-EL-nextgeneration-1.jpg\",\"datePublished\":\"2025-03-11T14:47:25+00:00\",\"dateModified\":\"2025-03-11T14:51:59+00:00\",\"description\":\"Stikla margu konfigurators \u2013 r\u012bks, kas \u013cauj viegli un \u0113rti veidot sev v\u0113lamo stikla margu dizainu. Izm\u0113\u0123iniet!\",\"breadcrumb\":{\"@id\":\"https:\/\/rfix.eu\/lv\/konfigurators\/#breadcrumb\"},\"inLanguage\":\"lv-LV\",\"potentialAction\":[{\"@type\":\"ReadAction\",\"target\":[\"https:\/\/rfix.eu\/lv\/konfigurators\/\"]}]},{\"@type\":\"ImageObject\",\"inLanguage\":\"lv-LV\",\"@id\":\"https:\/\/rfix.eu\/lv\/konfigurators\/#primaryimage\",\"url\":\"https:\/\/rfix.eu\/wp-content\/uploads\/2025\/03\/glass-railing-configurator-EL-nextgeneration-1.jpg\",\"contentUrl\":\"https:\/\/rfix.eu\/wp-content\/uploads\/2025\/03\/glass-railing-configurator-EL-nextgeneration-1.jpg\"},{\"@type\":\"BreadcrumbList\",\"@id\":\"https:\/\/rfix.eu\/lv\/konfigurators\/#breadcrumb\",\"itemListElement\":[{\"@type\":\"ListItem\",\"position\":1,\"name\":\"Home\",\"item\":\"https:\/\/rfix.eu\/lv\/\"},{\"@type\":\"ListItem\",\"position\":2,\"name\":\"Konfigurators\"}]},{\"@type\":\"WebSite\",\"@id\":\"https:\/\/rfix.eu\/#website\",\"url\":\"https:\/\/rfix.eu\/\",\"name\":\"Rfix.eu\",\"description\":\"Roostevabast terasest kinnitustarvikud professionaalile R-FIX Klaasikinnituste tootja: klaasikinnitused, klaaspiirded, t\u00f5mbid\",\"potentialAction\":[{\"@type\":\"SearchAction\",\"target\":{\"@type\":\"EntryPoint\",\"urlTemplate\":\"https:\/\/rfix.eu\/?s={search_term_string}\"},\"query-input\":{\"@type\":\"PropertyValueSpecification\",\"valueRequired\":true,\"valueName\":\"search_term_string\"}}],\"inLanguage\":\"lv-LV\"}]}<\/script>\n<!-- \/ Yoast SEO plugin. -->","yoast_head_json":{"title":"Konfigurators - Rfix.eu","description":"Stikla margu konfigurators \u2013 r\u012bks, kas \u013cauj viegli un \u0113rti veidot sev v\u0113lamo stikla margu dizainu. Izm\u0113\u0123iniet!","robots":{"index":"index","follow":"follow","max-snippet":"max-snippet:-1","max-image-preview":"max-image-preview:large","max-video-preview":"max-video-preview:-1"},"canonical":"https:\/\/rfix.eu\/lv\/konfigurators\/","og_locale":"lv_LV","og_type":"article","og_title":"Konfigurators - Rfix.eu","og_description":"Stikla margu konfigurators \u2013 r\u012bks, kas \u013cauj viegli un \u0113rti veidot sev v\u0113lamo stikla margu dizainu. Izm\u0113\u0123iniet!","og_url":"https:\/\/rfix.eu\/lv\/konfigurators\/","og_site_name":"Rfix.eu","article_modified_time":"2025-03-11T14:51:59+00:00","og_image":[{"width":914,"height":692,"url":"https:\/\/rfix.eu\/wp-content\/uploads\/2025\/03\/glass-railing-configurator-EL-nextgeneration-1.jpg","type":"image\/jpeg"}],"twitter_card":"summary_large_image","twitter_misc":{"Est. reading time":"2 minutes"},"schema":{"@context":"https:\/\/schema.org","@graph":[{"@type":"WebPage","@id":"https:\/\/rfix.eu\/lv\/konfigurators\/","url":"https:\/\/rfix.eu\/lv\/konfigurators\/","name":"Konfigurators - Rfix.eu","isPartOf":{"@id":"https:\/\/rfix.eu\/#website"},"primaryImageOfPage":{"@id":"https:\/\/rfix.eu\/lv\/konfigurators\/#primaryimage"},"image":{"@id":"https:\/\/rfix.eu\/lv\/konfigurators\/#primaryimage"},"thumbnailUrl":"https:\/\/rfix.eu\/wp-content\/uploads\/2025\/03\/glass-railing-configurator-EL-nextgeneration-1.jpg","datePublished":"2025-03-11T14:47:25+00:00","dateModified":"2025-03-11T14:51:59+00:00","description":"Stikla margu konfigurators \u2013 r\u012bks, kas \u013cauj viegli un \u0113rti veidot sev v\u0113lamo stikla margu dizainu. Izm\u0113\u0123iniet!","breadcrumb":{"@id":"https:\/\/rfix.eu\/lv\/konfigurators\/#breadcrumb"},"inLanguage":"lv-LV","potentialAction":[{"@type":"ReadAction","target":["https:\/\/rfix.eu\/lv\/konfigurators\/"]}]},{"@type":"ImageObject","inLanguage":"lv-LV","@id":"https:\/\/rfix.eu\/lv\/konfigurators\/#primaryimage","url":"https:\/\/rfix.eu\/wp-content\/uploads\/2025\/03\/glass-railing-configurator-EL-nextgeneration-1.jpg","contentUrl":"https:\/\/rfix.eu\/wp-content\/uploads\/2025\/03\/glass-railing-configurator-EL-nextgeneration-1.jpg"},{"@type":"BreadcrumbList","@id":"https:\/\/rfix.eu\/lv\/konfigurators\/#breadcrumb","itemListElement":[{"@type":"ListItem","position":1,"name":"Home","item":"https:\/\/rfix.eu\/lv\/"},{"@type":"ListItem","position":2,"name":"Konfigurators"}]},{"@type":"WebSite","@id":"https:\/\/rfix.eu\/#website","url":"https:\/\/rfix.eu\/","name":"Rfix.eu","description":"Roostevabast terasest kinnitustarvikud professionaalile R-FIX Klaasikinnituste tootja: klaasikinnitused, klaaspiirded, t\u00f5mbid","potentialAction":[{"@type":"SearchAction","target":{"@type":"EntryPoint","urlTemplate":"https:\/\/rfix.eu\/?s={search_term_string}"},"query-input":{"@type":"PropertyValueSpecification","valueRequired":true,"valueName":"search_term_string"}}],"inLanguage":"lv-LV"}]}},"_links":{"self":[{"href":"https:\/\/rfix.eu\/lv\/wp-json\/wp\/v2\/pages\/130444","targetHints":{"allow":["GET"]}}],"collection":[{"href":"https:\/\/rfix.eu\/lv\/wp-json\/wp\/v2\/pages"}],"about":[{"href":"https:\/\/rfix.eu\/lv\/wp-json\/wp\/v2\/types\/page"}],"author":[{"embeddable":true,"href":"https:\/\/rfix.eu\/lv\/wp-json\/wp\/v2\/users\/363"}],"replies":[{"embeddable":true,"href":"https:\/\/rfix.eu\/lv\/wp-json\/wp\/v2\/comments?post=130444"}],"version-history":[{"count":2,"href":"https:\/\/rfix.eu\/lv\/wp-json\/wp\/v2\/pages\/130444\/revisions"}],"predecessor-version":[{"id":130453,"href":"https:\/\/rfix.eu\/lv\/wp-json\/wp\/v2\/pages\/130444\/revisions\/130453"}],"wp:attachment":[{"href":"https:\/\/rfix.eu\/lv\/wp-json\/wp\/v2\/media?parent=130444"}],"curies":[{"name":"wp","href":"https:\/\/api.w.org\/{rel}","templated":true}]}}