{"id":134660,"date":"2026-03-05T09:30:06","date_gmt":"2026-03-05T07:30:06","guid":{"rendered":"https:\/\/rfix.eu\/toode\/u-profiili-kasijohde-88-mmn-lasille-raaka-alumiini\/"},"modified":"2026-04-08T14:10:25","modified_gmt":"2026-04-08T11:10:25","slug":"u-profiili-kasijohde-88-mmn-lasille-raaka-alumiini","status":"publish","type":"product","link":"https:\/\/rfix.eu\/fi\/tuote\/u-profiili-kasijohde-88-mmn-lasille-raaka-alumiini\/","title":{"rendered":"U-profiili k\u00e4sijohde 8+8 mm:n lasille, raaka alumiini"},"content":{"rendered":"","protected":false},"excerpt":{"rendered":"<p>\u2022 Minimalistinen k\u00e4sijohdej\u00e4rjestelm\u00e4, joka suojaa ja sitoo toisiinsa kaidelaseja<br \/>\n\u2022 Sopivat lasin paksuudet: 16,76\u201317,52 mm<br \/>\n\u2022 Materiaali: alumiini 6063 T66<br \/>\n\u2022 Varastopituus 5m. Saatavilla my\u00f6s m\u00e4\u00e4r\u00e4mittaan sahattuna (alle 2 m h\u00e4vikki py\u00f6ristyy t\u00e4yteen kankeen).<br \/>\n\u2022 Viimeistely: raaka alumiini<br \/>\n\u2022 Asennus lasin p\u00e4\u00e4lle suoritetaan asennusliimalla<br \/>\n\u2022 Liitoskappaleet ja p\u00e4\u00e4tylevyt saatavilla erikseen<\/p>\n","protected":false},"featured_media":134650,"template":"","meta":{"_acf_changed":false,"inline_featured_image":false},"product_brand":[],"product_cat":[493,346],"product_tag":[],"class_list":{"0":"post-134660","1":"product","2":"type-product","3":"status-publish","4":"has-post-thumbnail","6":"product_cat-hidden-fi","7":"product_cat-kasijohde-u-profiili","9":"first","10":"instock","11":"shipping-taxable","12":"purchasable","13":"product-type-simple"},"acf":[],"yoast_head":"<!-- This site is optimized with the Yoast SEO plugin v27.2 - https:\/\/yoast.com\/product\/yoast-seo-wordpress\/ -->\n<title>U-profiili k\u00e4sijohde 8+8 mm:n lasille, raaka alumiini - Rfix.eu<\/title>\n<meta name=\"robots\" content=\"index, follow, max-snippet:-1, max-image-preview:large, max-video-preview:-1\" \/>\n<link rel=\"canonical\" href=\"https:\/\/rfix.eu\/fi\/tuote\/u-profiili-kasijohde-88-mmn-lasille-raaka-alumiini\/\" \/>\n<meta property=\"og:locale\" content=\"fi_FI\" \/>\n<meta property=\"og:type\" content=\"article\" \/>\n<meta property=\"og:title\" content=\"U-profiili k\u00e4sijohde 8+8 mm:n lasille, raaka alumiini - Rfix.eu\" \/>\n<meta property=\"og:description\" content=\"\u2022 Minimalistinen k\u00e4sijohdej\u00e4rjestelm\u00e4, joka suojaa ja sitoo toisiinsa kaidelaseja \u2022 Sopivat lasin paksuudet: 16,76\u201317,52 mm \u2022 Materiaali: alumiini 6063 T66 \u2022 Varastopituus 5m. Saatavilla my\u00f6s m\u00e4\u00e4r\u00e4mittaan sahattuna (alle 2 m h\u00e4vikki py\u00f6ristyy t\u00e4yteen kankeen). \u2022 Viimeistely: raaka alumiini \u2022 Asennus lasin p\u00e4\u00e4lle suoritetaan asennusliimalla \u2022 Liitoskappaleet ja p\u00e4\u00e4tylevyt saatavilla erikseen\" \/>\n<meta property=\"og:url\" content=\"https:\/\/rfix.eu\/fi\/tuote\/u-profiili-kasijohde-88-mmn-lasille-raaka-alumiini\/\" \/>\n<meta property=\"og:site_name\" content=\"Rfix.eu\" \/>\n<meta property=\"article:modified_time\" content=\"2026-04-08T11:10:25+00:00\" \/>\n<meta property=\"og:image\" content=\"https:\/\/rfix.eu\/wp-content\/uploads\/2026\/03\/HRU175-raw.jpg\" \/>\n\t<meta property=\"og:image:width\" content=\"576\" \/>\n\t<meta property=\"og:image:height\" content=\"518\" \/>\n\t<meta property=\"og:image:type\" content=\"image\/jpeg\" \/>\n<meta name=\"twitter:card\" content=\"summary_large_image\" \/>\n<script type=\"application\/ld+json\" class=\"yoast-schema-graph\">{\"@context\":\"https:\/\/schema.org\",\"@graph\":[{\"@type\":\"WebPage\",\"@id\":\"https:\/\/rfix.eu\/fi\/tuote\/u-profiili-kasijohde-88-mmn-lasille-raaka-alumiini\/\",\"url\":\"https:\/\/rfix.eu\/fi\/tuote\/u-profiili-kasijohde-88-mmn-lasille-raaka-alumiini\/\",\"name\":\"U-profiili k\u00e4sijohde 8+8 mm:n lasille, raaka alumiini - Rfix.eu\",\"isPartOf\":{\"@id\":\"https:\/\/rfix.eu\/#website\"},\"primaryImageOfPage\":{\"@id\":\"https:\/\/rfix.eu\/fi\/tuote\/u-profiili-kasijohde-88-mmn-lasille-raaka-alumiini\/#primaryimage\"},\"image\":{\"@id\":\"https:\/\/rfix.eu\/fi\/tuote\/u-profiili-kasijohde-88-mmn-lasille-raaka-alumiini\/#primaryimage\"},\"thumbnailUrl\":\"https:\/\/rfix.eu\/wp-content\/uploads\/2026\/03\/HRU175-raw.jpg\",\"datePublished\":\"2026-03-05T07:30:06+00:00\",\"dateModified\":\"2026-04-08T11:10:25+00:00\",\"breadcrumb\":{\"@id\":\"https:\/\/rfix.eu\/fi\/tuote\/u-profiili-kasijohde-88-mmn-lasille-raaka-alumiini\/#breadcrumb\"},\"inLanguage\":\"fi\",\"potentialAction\":[{\"@type\":\"ReadAction\",\"target\":[\"https:\/\/rfix.eu\/fi\/tuote\/u-profiili-kasijohde-88-mmn-lasille-raaka-alumiini\/\"]}]},{\"@type\":\"ImageObject\",\"inLanguage\":\"fi\",\"@id\":\"https:\/\/rfix.eu\/fi\/tuote\/u-profiili-kasijohde-88-mmn-lasille-raaka-alumiini\/#primaryimage\",\"url\":\"https:\/\/rfix.eu\/wp-content\/uploads\/2026\/03\/HRU175-raw.jpg\",\"contentUrl\":\"https:\/\/rfix.eu\/wp-content\/uploads\/2026\/03\/HRU175-raw.jpg\",\"width\":576,\"height\":518},{\"@type\":\"BreadcrumbList\",\"@id\":\"https:\/\/rfix.eu\/fi\/tuote\/u-profiili-kasijohde-88-mmn-lasille-raaka-alumiini\/#breadcrumb\",\"itemListElement\":[{\"@type\":\"ListItem\",\"position\":1,\"name\":\"Home\",\"item\":\"https:\/\/rfix.eu\/fi\/\"},{\"@type\":\"ListItem\",\"position\":2,\"name\":\"Tuotteet\",\"item\":\"https:\/\/rfix.eu\/fi\/tuotteet\/\"},{\"@type\":\"ListItem\",\"position\":3,\"name\":\"U-profiili k\u00e4sijohde 8+8 mm:n lasille, raaka alumiini\"}]},{\"@type\":\"WebSite\",\"@id\":\"https:\/\/rfix.eu\/#website\",\"url\":\"https:\/\/rfix.eu\/\",\"name\":\"Rfix.eu\",\"description\":\"Roostevabast terasest kinnitustarvikud professionaalile R-FIX Klaasikinnituste tootja: klaasikinnitused, klaaspiirded, t\u00f5mbid\",\"potentialAction\":[{\"@type\":\"SearchAction\",\"target\":{\"@type\":\"EntryPoint\",\"urlTemplate\":\"https:\/\/rfix.eu\/?s={search_term_string}\"},\"query-input\":{\"@type\":\"PropertyValueSpecification\",\"valueRequired\":true,\"valueName\":\"search_term_string\"}}],\"inLanguage\":\"fi\"}]}<\/script>\n<!-- \/ Yoast SEO plugin. -->","yoast_head_json":{"title":"U-profiili k\u00e4sijohde 8+8 mm:n lasille, raaka alumiini - Rfix.eu","robots":{"index":"index","follow":"follow","max-snippet":"max-snippet:-1","max-image-preview":"max-image-preview:large","max-video-preview":"max-video-preview:-1"},"canonical":"https:\/\/rfix.eu\/fi\/tuote\/u-profiili-kasijohde-88-mmn-lasille-raaka-alumiini\/","og_locale":"fi_FI","og_type":"article","og_title":"U-profiili k\u00e4sijohde 8+8 mm:n lasille, raaka alumiini - Rfix.eu","og_description":"\u2022 Minimalistinen k\u00e4sijohdej\u00e4rjestelm\u00e4, joka suojaa ja sitoo toisiinsa kaidelaseja \u2022 Sopivat lasin paksuudet: 16,76\u201317,52 mm \u2022 Materiaali: alumiini 6063 T66 \u2022 Varastopituus 5m. Saatavilla my\u00f6s m\u00e4\u00e4r\u00e4mittaan sahattuna (alle 2 m h\u00e4vikki py\u00f6ristyy t\u00e4yteen kankeen). \u2022 Viimeistely: raaka alumiini \u2022 Asennus lasin p\u00e4\u00e4lle suoritetaan asennusliimalla \u2022 Liitoskappaleet ja p\u00e4\u00e4tylevyt saatavilla erikseen","og_url":"https:\/\/rfix.eu\/fi\/tuote\/u-profiili-kasijohde-88-mmn-lasille-raaka-alumiini\/","og_site_name":"Rfix.eu","article_modified_time":"2026-04-08T11:10:25+00:00","og_image":[{"width":576,"height":518,"url":"https:\/\/rfix.eu\/wp-content\/uploads\/2026\/03\/HRU175-raw.jpg","type":"image\/jpeg"}],"twitter_card":"summary_large_image","schema":{"@context":"https:\/\/schema.org","@graph":[{"@type":"WebPage","@id":"https:\/\/rfix.eu\/fi\/tuote\/u-profiili-kasijohde-88-mmn-lasille-raaka-alumiini\/","url":"https:\/\/rfix.eu\/fi\/tuote\/u-profiili-kasijohde-88-mmn-lasille-raaka-alumiini\/","name":"U-profiili k\u00e4sijohde 8+8 mm:n lasille, raaka alumiini - Rfix.eu","isPartOf":{"@id":"https:\/\/rfix.eu\/#website"},"primaryImageOfPage":{"@id":"https:\/\/rfix.eu\/fi\/tuote\/u-profiili-kasijohde-88-mmn-lasille-raaka-alumiini\/#primaryimage"},"image":{"@id":"https:\/\/rfix.eu\/fi\/tuote\/u-profiili-kasijohde-88-mmn-lasille-raaka-alumiini\/#primaryimage"},"thumbnailUrl":"https:\/\/rfix.eu\/wp-content\/uploads\/2026\/03\/HRU175-raw.jpg","datePublished":"2026-03-05T07:30:06+00:00","dateModified":"2026-04-08T11:10:25+00:00","breadcrumb":{"@id":"https:\/\/rfix.eu\/fi\/tuote\/u-profiili-kasijohde-88-mmn-lasille-raaka-alumiini\/#breadcrumb"},"inLanguage":"fi","potentialAction":[{"@type":"ReadAction","target":["https:\/\/rfix.eu\/fi\/tuote\/u-profiili-kasijohde-88-mmn-lasille-raaka-alumiini\/"]}]},{"@type":"ImageObject","inLanguage":"fi","@id":"https:\/\/rfix.eu\/fi\/tuote\/u-profiili-kasijohde-88-mmn-lasille-raaka-alumiini\/#primaryimage","url":"https:\/\/rfix.eu\/wp-content\/uploads\/2026\/03\/HRU175-raw.jpg","contentUrl":"https:\/\/rfix.eu\/wp-content\/uploads\/2026\/03\/HRU175-raw.jpg","width":576,"height":518},{"@type":"BreadcrumbList","@id":"https:\/\/rfix.eu\/fi\/tuote\/u-profiili-kasijohde-88-mmn-lasille-raaka-alumiini\/#breadcrumb","itemListElement":[{"@type":"ListItem","position":1,"name":"Home","item":"https:\/\/rfix.eu\/fi\/"},{"@type":"ListItem","position":2,"name":"Tuotteet","item":"https:\/\/rfix.eu\/fi\/tuotteet\/"},{"@type":"ListItem","position":3,"name":"U-profiili k\u00e4sijohde 8+8 mm:n lasille, raaka alumiini"}]},{"@type":"WebSite","@id":"https:\/\/rfix.eu\/#website","url":"https:\/\/rfix.eu\/","name":"Rfix.eu","description":"Roostevabast terasest kinnitustarvikud professionaalile R-FIX Klaasikinnituste tootja: klaasikinnitused, klaaspiirded, t\u00f5mbid","potentialAction":[{"@type":"SearchAction","target":{"@type":"EntryPoint","urlTemplate":"https:\/\/rfix.eu\/?s={search_term_string}"},"query-input":{"@type":"PropertyValueSpecification","valueRequired":true,"valueName":"search_term_string"}}],"inLanguage":"fi"}]}},"_links":{"self":[{"href":"https:\/\/rfix.eu\/fi\/wp-json\/wp\/v2\/product\/134660","targetHints":{"allow":["GET"]}}],"collection":[{"href":"https:\/\/rfix.eu\/fi\/wp-json\/wp\/v2\/product"}],"about":[{"href":"https:\/\/rfix.eu\/fi\/wp-json\/wp\/v2\/types\/product"}],"wp:featuredmedia":[{"embeddable":true,"href":"https:\/\/rfix.eu\/fi\/wp-json\/wp\/v2\/media\/134650"}],"wp:attachment":[{"href":"https:\/\/rfix.eu\/fi\/wp-json\/wp\/v2\/media?parent=134660"}],"wp:term":[{"taxonomy":"product_brand","embeddable":true,"href":"https:\/\/rfix.eu\/fi\/wp-json\/wp\/v2\/product_brand?post=134660"},{"taxonomy":"product_cat","embeddable":true,"href":"https:\/\/rfix.eu\/fi\/wp-json\/wp\/v2\/product_cat?post=134660"},{"taxonomy":"product_tag","embeddable":true,"href":"https:\/\/rfix.eu\/fi\/wp-json\/wp\/v2\/product_tag?post=134660"}],"curies":[{"name":"wp","href":"https:\/\/api.w.org\/{rel}","templated":true}]}}