{"id":131498,"date":"2025-03-31T18:00:50","date_gmt":"2025-03-31T15:00:50","guid":{"rendered":"https:\/\/rfix.eu\/toode\/economy-sarja-lasikiinnike-52x52-turvalevylla-aisi304-8-mm-lasille\/"},"modified":"2026-03-12T19:30:25","modified_gmt":"2026-03-12T17:30:25","slug":"economy-sarja-lasikiinnike-52x52-turvalevylla-aisi304-8-mm-lasille","status":"publish","type":"product","link":"https:\/\/rfix.eu\/fi\/tuote\/economy-sarja-lasikiinnike-52x52-turvalevylla-aisi304-8-mm-lasille\/","title":{"rendered":"Economy-sarjan lasikiinnike 52&#215;52 turvalevyll\u00e4, AISI304, 8 mm lasille"},"content":{"rendered":"","protected":false},"excerpt":{"rendered":"<p>Economy-sarjan tuotteet ovat kevyempi\u00e4 ja tarjoavat kustannustehokkaan vaihtoehdon meid\u00e4n premium-laatuisille vakiotuotteille._x000D_<br \/>\nV\u00e4ris\u00e4vy: RAL 9005 matta.<\/p>\n","protected":false},"featured_media":0,"template":"","meta":{"_acf_changed":false,"inline_featured_image":false},"product_brand":[],"product_cat":[493],"product_tag":[],"class_list":{"0":"post-131498","1":"product","2":"type-product","3":"status-publish","5":"product_cat-hidden-fi","7":"first","8":"instock","9":"shipping-taxable","10":"purchasable","11":"product-type-simple"},"acf":[],"yoast_head":"<!-- This site is optimized with the Yoast SEO plugin v27.2 - https:\/\/yoast.com\/product\/yoast-seo-wordpress\/ -->\n<title>Economy-sarjan lasikiinnike 52x52 turvalevyll\u00e4, AISI304, 8 mm lasille - Rfix.eu<\/title>\n<meta name=\"robots\" content=\"index, follow, max-snippet:-1, max-image-preview:large, max-video-preview:-1\" \/>\n<link rel=\"canonical\" href=\"https:\/\/rfix.eu\/fi\/tuote\/economy-sarja-lasikiinnike-52x52-turvalevylla-aisi304-8-mm-lasille\/\" \/>\n<meta property=\"og:locale\" content=\"fi_FI\" \/>\n<meta property=\"og:type\" content=\"article\" \/>\n<meta property=\"og:title\" content=\"Economy-sarjan lasikiinnike 52x52 turvalevyll\u00e4, AISI304, 8 mm lasille - Rfix.eu\" \/>\n<meta property=\"og:description\" content=\"Economy-sarjan tuotteet ovat kevyempi\u00e4 ja tarjoavat kustannustehokkaan vaihtoehdon meid\u00e4n premium-laatuisille vakiotuotteille._x000D_ V\u00e4ris\u00e4vy: RAL 9005 matta.\" \/>\n<meta property=\"og:url\" content=\"https:\/\/rfix.eu\/fi\/tuote\/economy-sarja-lasikiinnike-52x52-turvalevylla-aisi304-8-mm-lasille\/\" \/>\n<meta property=\"og:site_name\" content=\"Rfix.eu\" \/>\n<meta property=\"article:modified_time\" content=\"2026-03-12T17:30:25+00:00\" \/>\n<meta name=\"twitter:card\" content=\"summary_large_image\" \/>\n<script type=\"application\/ld+json\" class=\"yoast-schema-graph\">{\"@context\":\"https:\/\/schema.org\",\"@graph\":[{\"@type\":\"WebPage\",\"@id\":\"https:\/\/rfix.eu\/fi\/tuote\/economy-sarja-lasikiinnike-52x52-turvalevylla-aisi304-8-mm-lasille\/\",\"url\":\"https:\/\/rfix.eu\/fi\/tuote\/economy-sarja-lasikiinnike-52x52-turvalevylla-aisi304-8-mm-lasille\/\",\"name\":\"Economy-sarjan lasikiinnike 52x52 turvalevyll\u00e4, AISI304, 8 mm lasille - Rfix.eu\",\"isPartOf\":{\"@id\":\"https:\/\/rfix.eu\/#website\"},\"datePublished\":\"2025-03-31T15:00:50+00:00\",\"dateModified\":\"2026-03-12T17:30:25+00:00\",\"breadcrumb\":{\"@id\":\"https:\/\/rfix.eu\/fi\/tuote\/economy-sarja-lasikiinnike-52x52-turvalevylla-aisi304-8-mm-lasille\/#breadcrumb\"},\"inLanguage\":\"fi\",\"potentialAction\":[{\"@type\":\"ReadAction\",\"target\":[\"https:\/\/rfix.eu\/fi\/tuote\/economy-sarja-lasikiinnike-52x52-turvalevylla-aisi304-8-mm-lasille\/\"]}]},{\"@type\":\"BreadcrumbList\",\"@id\":\"https:\/\/rfix.eu\/fi\/tuote\/economy-sarja-lasikiinnike-52x52-turvalevylla-aisi304-8-mm-lasille\/#breadcrumb\",\"itemListElement\":[{\"@type\":\"ListItem\",\"position\":1,\"name\":\"Home\",\"item\":\"https:\/\/rfix.eu\/fi\/\"},{\"@type\":\"ListItem\",\"position\":2,\"name\":\"Tuotteet\",\"item\":\"https:\/\/rfix.eu\/fi\/tuotteet\/\"},{\"@type\":\"ListItem\",\"position\":3,\"name\":\"Economy-sarjan lasikiinnike 52&#215;52 turvalevyll\u00e4, AISI304, 8 mm lasille\"}]},{\"@type\":\"WebSite\",\"@id\":\"https:\/\/rfix.eu\/#website\",\"url\":\"https:\/\/rfix.eu\/\",\"name\":\"Rfix.eu\",\"description\":\"Roostevabast terasest kinnitustarvikud professionaalile R-FIX Klaasikinnituste tootja: klaasikinnitused, klaaspiirded, t\u00f5mbid\",\"potentialAction\":[{\"@type\":\"SearchAction\",\"target\":{\"@type\":\"EntryPoint\",\"urlTemplate\":\"https:\/\/rfix.eu\/?s={search_term_string}\"},\"query-input\":{\"@type\":\"PropertyValueSpecification\",\"valueRequired\":true,\"valueName\":\"search_term_string\"}}],\"inLanguage\":\"fi\"}]}<\/script>\n<!-- \/ Yoast SEO plugin. -->","yoast_head_json":{"title":"Economy-sarjan lasikiinnike 52x52 turvalevyll\u00e4, AISI304, 8 mm lasille - Rfix.eu","robots":{"index":"index","follow":"follow","max-snippet":"max-snippet:-1","max-image-preview":"max-image-preview:large","max-video-preview":"max-video-preview:-1"},"canonical":"https:\/\/rfix.eu\/fi\/tuote\/economy-sarja-lasikiinnike-52x52-turvalevylla-aisi304-8-mm-lasille\/","og_locale":"fi_FI","og_type":"article","og_title":"Economy-sarjan lasikiinnike 52x52 turvalevyll\u00e4, AISI304, 8 mm lasille - Rfix.eu","og_description":"Economy-sarjan tuotteet ovat kevyempi\u00e4 ja tarjoavat kustannustehokkaan vaihtoehdon meid\u00e4n premium-laatuisille vakiotuotteille._x000D_ V\u00e4ris\u00e4vy: RAL 9005 matta.","og_url":"https:\/\/rfix.eu\/fi\/tuote\/economy-sarja-lasikiinnike-52x52-turvalevylla-aisi304-8-mm-lasille\/","og_site_name":"Rfix.eu","article_modified_time":"2026-03-12T17:30:25+00:00","twitter_card":"summary_large_image","schema":{"@context":"https:\/\/schema.org","@graph":[{"@type":"WebPage","@id":"https:\/\/rfix.eu\/fi\/tuote\/economy-sarja-lasikiinnike-52x52-turvalevylla-aisi304-8-mm-lasille\/","url":"https:\/\/rfix.eu\/fi\/tuote\/economy-sarja-lasikiinnike-52x52-turvalevylla-aisi304-8-mm-lasille\/","name":"Economy-sarjan lasikiinnike 52x52 turvalevyll\u00e4, AISI304, 8 mm lasille - Rfix.eu","isPartOf":{"@id":"https:\/\/rfix.eu\/#website"},"datePublished":"2025-03-31T15:00:50+00:00","dateModified":"2026-03-12T17:30:25+00:00","breadcrumb":{"@id":"https:\/\/rfix.eu\/fi\/tuote\/economy-sarja-lasikiinnike-52x52-turvalevylla-aisi304-8-mm-lasille\/#breadcrumb"},"inLanguage":"fi","potentialAction":[{"@type":"ReadAction","target":["https:\/\/rfix.eu\/fi\/tuote\/economy-sarja-lasikiinnike-52x52-turvalevylla-aisi304-8-mm-lasille\/"]}]},{"@type":"BreadcrumbList","@id":"https:\/\/rfix.eu\/fi\/tuote\/economy-sarja-lasikiinnike-52x52-turvalevylla-aisi304-8-mm-lasille\/#breadcrumb","itemListElement":[{"@type":"ListItem","position":1,"name":"Home","item":"https:\/\/rfix.eu\/fi\/"},{"@type":"ListItem","position":2,"name":"Tuotteet","item":"https:\/\/rfix.eu\/fi\/tuotteet\/"},{"@type":"ListItem","position":3,"name":"Economy-sarjan lasikiinnike 52&#215;52 turvalevyll\u00e4, AISI304, 8 mm lasille"}]},{"@type":"WebSite","@id":"https:\/\/rfix.eu\/#website","url":"https:\/\/rfix.eu\/","name":"Rfix.eu","description":"Roostevabast terasest kinnitustarvikud professionaalile R-FIX Klaasikinnituste tootja: klaasikinnitused, klaaspiirded, t\u00f5mbid","potentialAction":[{"@type":"SearchAction","target":{"@type":"EntryPoint","urlTemplate":"https:\/\/rfix.eu\/?s={search_term_string}"},"query-input":{"@type":"PropertyValueSpecification","valueRequired":true,"valueName":"search_term_string"}}],"inLanguage":"fi"}]}},"_links":{"self":[{"href":"https:\/\/rfix.eu\/fi\/wp-json\/wp\/v2\/product\/131498","targetHints":{"allow":["GET"]}}],"collection":[{"href":"https:\/\/rfix.eu\/fi\/wp-json\/wp\/v2\/product"}],"about":[{"href":"https:\/\/rfix.eu\/fi\/wp-json\/wp\/v2\/types\/product"}],"wp:attachment":[{"href":"https:\/\/rfix.eu\/fi\/wp-json\/wp\/v2\/media?parent=131498"}],"wp:term":[{"taxonomy":"product_brand","embeddable":true,"href":"https:\/\/rfix.eu\/fi\/wp-json\/wp\/v2\/product_brand?post=131498"},{"taxonomy":"product_cat","embeddable":true,"href":"https:\/\/rfix.eu\/fi\/wp-json\/wp\/v2\/product_cat?post=131498"},{"taxonomy":"product_tag","embeddable":true,"href":"https:\/\/rfix.eu\/fi\/wp-json\/wp\/v2\/product_tag?post=131498"}],"curies":[{"name":"wp","href":"https:\/\/api.w.org\/{rel}","templated":true}]}}