{"id":131443,"date":"2025-03-31T17:01:00","date_gmt":"2025-03-31T14:01:00","guid":{"rendered":"https:\/\/rfix.eu\/toode\/turvalevy-45x45-kiinnikkeelle-musta-zamak\/"},"modified":"2026-03-31T11:50:25","modified_gmt":"2026-03-31T08:50:25","slug":"turvalevy-45x45-kiinnikkeelle-musta-zamak","status":"publish","type":"product","link":"https:\/\/rfix.eu\/fi\/tuote\/turvalevy-45x45-kiinnikkeelle-musta-zamak\/","title":{"rendered":"Turvalevy 45&#215;45 kiinnikkeelle, Musta, zamak"},"content":{"rendered":"","protected":false},"excerpt":{"rendered":"<p>K\u00e4ytet\u00e4\u00e4n lasin alareunassa.<\/p>\n","protected":false},"featured_media":131433,"template":"","meta":{"_acf_changed":false,"inline_featured_image":false},"product_brand":[],"product_cat":[493,270],"product_tag":[],"class_list":{"0":"post-131443","1":"product","2":"type-product","3":"status-publish","4":"has-post-thumbnail","6":"product_cat-hidden-fi","7":"product_cat-lasikiinnikkeet","9":"first","10":"instock","11":"shipping-taxable","12":"purchasable","13":"product-type-simple"},"acf":[],"yoast_head":"<!-- This site is optimized with the Yoast SEO plugin v27.2 - https:\/\/yoast.com\/product\/yoast-seo-wordpress\/ -->\n<title>Turvalevy 45x45 kiinnikkeelle, Musta, zamak - Rfix.eu<\/title>\n<meta name=\"robots\" content=\"index, follow, max-snippet:-1, max-image-preview:large, max-video-preview:-1\" \/>\n<link rel=\"canonical\" href=\"https:\/\/rfix.eu\/fi\/tuote\/turvalevy-45x45-kiinnikkeelle-musta-zamak\/\" \/>\n<meta property=\"og:locale\" content=\"fi_FI\" \/>\n<meta property=\"og:type\" content=\"article\" \/>\n<meta property=\"og:title\" content=\"Turvalevy 45x45 kiinnikkeelle, Musta, zamak - Rfix.eu\" \/>\n<meta property=\"og:description\" content=\"K\u00e4ytet\u00e4\u00e4n lasin alareunassa.\" \/>\n<meta property=\"og:url\" content=\"https:\/\/rfix.eu\/fi\/tuote\/turvalevy-45x45-kiinnikkeelle-musta-zamak\/\" \/>\n<meta property=\"og:site_name\" content=\"Rfix.eu\" \/>\n<meta property=\"article:modified_time\" content=\"2026-03-31T08:50:25+00:00\" \/>\n<meta name=\"twitter:card\" content=\"summary_large_image\" \/>\n<script type=\"application\/ld+json\" class=\"yoast-schema-graph\">{\"@context\":\"https:\/\/schema.org\",\"@graph\":[{\"@type\":\"WebPage\",\"@id\":\"https:\/\/rfix.eu\/fi\/tuote\/turvalevy-45x45-kiinnikkeelle-musta-zamak\/\",\"url\":\"https:\/\/rfix.eu\/fi\/tuote\/turvalevy-45x45-kiinnikkeelle-musta-zamak\/\",\"name\":\"Turvalevy 45x45 kiinnikkeelle, Musta, zamak - Rfix.eu\",\"isPartOf\":{\"@id\":\"https:\/\/rfix.eu\/#website\"},\"primaryImageOfPage\":{\"@id\":\"https:\/\/rfix.eu\/fi\/tuote\/turvalevy-45x45-kiinnikkeelle-musta-zamak\/#primaryimage\"},\"image\":{\"@id\":\"https:\/\/rfix.eu\/fi\/tuote\/turvalevy-45x45-kiinnikkeelle-musta-zamak\/#primaryimage\"},\"thumbnailUrl\":\"https:\/\/rfix.eu\/wp-content\/uploads\/2025\/03\/GCP_1B_v1.jpg\",\"datePublished\":\"2025-03-31T14:01:00+00:00\",\"dateModified\":\"2026-03-31T08:50:25+00:00\",\"breadcrumb\":{\"@id\":\"https:\/\/rfix.eu\/fi\/tuote\/turvalevy-45x45-kiinnikkeelle-musta-zamak\/#breadcrumb\"},\"inLanguage\":\"fi\",\"potentialAction\":[{\"@type\":\"ReadAction\",\"target\":[\"https:\/\/rfix.eu\/fi\/tuote\/turvalevy-45x45-kiinnikkeelle-musta-zamak\/\"]}]},{\"@type\":\"ImageObject\",\"inLanguage\":\"fi\",\"@id\":\"https:\/\/rfix.eu\/fi\/tuote\/turvalevy-45x45-kiinnikkeelle-musta-zamak\/#primaryimage\",\"url\":\"https:\/\/rfix.eu\/wp-content\/uploads\/2025\/03\/GCP_1B_v1.jpg\",\"contentUrl\":\"https:\/\/rfix.eu\/wp-content\/uploads\/2025\/03\/GCP_1B_v1.jpg\",\"width\":1000,\"height\":1000},{\"@type\":\"BreadcrumbList\",\"@id\":\"https:\/\/rfix.eu\/fi\/tuote\/turvalevy-45x45-kiinnikkeelle-musta-zamak\/#breadcrumb\",\"itemListElement\":[{\"@type\":\"ListItem\",\"position\":1,\"name\":\"Home\",\"item\":\"https:\/\/rfix.eu\/fi\/\"},{\"@type\":\"ListItem\",\"position\":2,\"name\":\"Tuotteet\",\"item\":\"https:\/\/rfix.eu\/fi\/tuotteet\/\"},{\"@type\":\"ListItem\",\"position\":3,\"name\":\"Turvalevy 45&#215;45 kiinnikkeelle, Musta, zamak\"}]},{\"@type\":\"WebSite\",\"@id\":\"https:\/\/rfix.eu\/#website\",\"url\":\"https:\/\/rfix.eu\/\",\"name\":\"Rfix.eu\",\"description\":\"Roostevabast terasest kinnitustarvikud professionaalile R-FIX Klaasikinnituste tootja: klaasikinnitused, klaaspiirded, t\u00f5mbid\",\"potentialAction\":[{\"@type\":\"SearchAction\",\"target\":{\"@type\":\"EntryPoint\",\"urlTemplate\":\"https:\/\/rfix.eu\/?s={search_term_string}\"},\"query-input\":{\"@type\":\"PropertyValueSpecification\",\"valueRequired\":true,\"valueName\":\"search_term_string\"}}],\"inLanguage\":\"fi\"}]}<\/script>\n<!-- \/ Yoast SEO plugin. -->","yoast_head_json":{"title":"Turvalevy 45x45 kiinnikkeelle, Musta, zamak - Rfix.eu","robots":{"index":"index","follow":"follow","max-snippet":"max-snippet:-1","max-image-preview":"max-image-preview:large","max-video-preview":"max-video-preview:-1"},"canonical":"https:\/\/rfix.eu\/fi\/tuote\/turvalevy-45x45-kiinnikkeelle-musta-zamak\/","og_locale":"fi_FI","og_type":"article","og_title":"Turvalevy 45x45 kiinnikkeelle, Musta, zamak - Rfix.eu","og_description":"K\u00e4ytet\u00e4\u00e4n lasin alareunassa.","og_url":"https:\/\/rfix.eu\/fi\/tuote\/turvalevy-45x45-kiinnikkeelle-musta-zamak\/","og_site_name":"Rfix.eu","article_modified_time":"2026-03-31T08:50:25+00:00","twitter_card":"summary_large_image","schema":{"@context":"https:\/\/schema.org","@graph":[{"@type":"WebPage","@id":"https:\/\/rfix.eu\/fi\/tuote\/turvalevy-45x45-kiinnikkeelle-musta-zamak\/","url":"https:\/\/rfix.eu\/fi\/tuote\/turvalevy-45x45-kiinnikkeelle-musta-zamak\/","name":"Turvalevy 45x45 kiinnikkeelle, Musta, zamak - Rfix.eu","isPartOf":{"@id":"https:\/\/rfix.eu\/#website"},"primaryImageOfPage":{"@id":"https:\/\/rfix.eu\/fi\/tuote\/turvalevy-45x45-kiinnikkeelle-musta-zamak\/#primaryimage"},"image":{"@id":"https:\/\/rfix.eu\/fi\/tuote\/turvalevy-45x45-kiinnikkeelle-musta-zamak\/#primaryimage"},"thumbnailUrl":"https:\/\/rfix.eu\/wp-content\/uploads\/2025\/03\/GCP_1B_v1.jpg","datePublished":"2025-03-31T14:01:00+00:00","dateModified":"2026-03-31T08:50:25+00:00","breadcrumb":{"@id":"https:\/\/rfix.eu\/fi\/tuote\/turvalevy-45x45-kiinnikkeelle-musta-zamak\/#breadcrumb"},"inLanguage":"fi","potentialAction":[{"@type":"ReadAction","target":["https:\/\/rfix.eu\/fi\/tuote\/turvalevy-45x45-kiinnikkeelle-musta-zamak\/"]}]},{"@type":"ImageObject","inLanguage":"fi","@id":"https:\/\/rfix.eu\/fi\/tuote\/turvalevy-45x45-kiinnikkeelle-musta-zamak\/#primaryimage","url":"https:\/\/rfix.eu\/wp-content\/uploads\/2025\/03\/GCP_1B_v1.jpg","contentUrl":"https:\/\/rfix.eu\/wp-content\/uploads\/2025\/03\/GCP_1B_v1.jpg","width":1000,"height":1000},{"@type":"BreadcrumbList","@id":"https:\/\/rfix.eu\/fi\/tuote\/turvalevy-45x45-kiinnikkeelle-musta-zamak\/#breadcrumb","itemListElement":[{"@type":"ListItem","position":1,"name":"Home","item":"https:\/\/rfix.eu\/fi\/"},{"@type":"ListItem","position":2,"name":"Tuotteet","item":"https:\/\/rfix.eu\/fi\/tuotteet\/"},{"@type":"ListItem","position":3,"name":"Turvalevy 45&#215;45 kiinnikkeelle, Musta, zamak"}]},{"@type":"WebSite","@id":"https:\/\/rfix.eu\/#website","url":"https:\/\/rfix.eu\/","name":"Rfix.eu","description":"Roostevabast terasest kinnitustarvikud professionaalile R-FIX Klaasikinnituste tootja: klaasikinnitused, klaaspiirded, t\u00f5mbid","potentialAction":[{"@type":"SearchAction","target":{"@type":"EntryPoint","urlTemplate":"https:\/\/rfix.eu\/?s={search_term_string}"},"query-input":{"@type":"PropertyValueSpecification","valueRequired":true,"valueName":"search_term_string"}}],"inLanguage":"fi"}]}},"_links":{"self":[{"href":"https:\/\/rfix.eu\/fi\/wp-json\/wp\/v2\/product\/131443","targetHints":{"allow":["GET"]}}],"collection":[{"href":"https:\/\/rfix.eu\/fi\/wp-json\/wp\/v2\/product"}],"about":[{"href":"https:\/\/rfix.eu\/fi\/wp-json\/wp\/v2\/types\/product"}],"wp:featuredmedia":[{"embeddable":true,"href":"https:\/\/rfix.eu\/fi\/wp-json\/wp\/v2\/media\/131433"}],"wp:attachment":[{"href":"https:\/\/rfix.eu\/fi\/wp-json\/wp\/v2\/media?parent=131443"}],"wp:term":[{"taxonomy":"product_brand","embeddable":true,"href":"https:\/\/rfix.eu\/fi\/wp-json\/wp\/v2\/product_brand?post=131443"},{"taxonomy":"product_cat","embeddable":true,"href":"https:\/\/rfix.eu\/fi\/wp-json\/wp\/v2\/product_cat?post=131443"},{"taxonomy":"product_tag","embeddable":true,"href":"https:\/\/rfix.eu\/fi\/wp-json\/wp\/v2\/product_tag?post=131443"}],"curies":[{"name":"wp","href":"https:\/\/api.w.org\/{rel}","templated":true}]}}