{"id":126165,"date":"2024-07-17T15:01:06","date_gmt":"2024-07-17T12:01:06","guid":{"rendered":"https:\/\/rfix.eu\/toode\/saadettava-kokolasikaide-jarjestelma-15kn-m-mattamusta\/"},"modified":"2026-03-14T08:30:14","modified_gmt":"2026-03-14T06:30:14","slug":"saadettava-kokolasikaide-jarjestelma-15kn-m-mattamusta","status":"publish","type":"product","link":"https:\/\/rfix.eu\/fi\/tuote\/saadettava-kokolasikaide-jarjestelma-15kn-m-mattamusta\/","title":{"rendered":"S\u00e4\u00e4dett\u00e4v\u00e4 kokolasikaide j\u00e4rjestelm\u00e4 0,5-1 kN\/m, mattamusta (struktuuri\/hiekka)"},"content":{"rendered":"","protected":false},"excerpt":{"rendered":"<p>\u2022  Yksikk\u00f6: metri<br \/>\n\u2022  <a href=\"https:\/\/www.youtube.com\/watch?v=vctLkFy-EFQ\" target=\"_blank\">Katso t\u00e4st\u00e4 video j\u00e4rjestelm\u00e4st\u00e4<\/a><br \/>\n\u2022  Profiilissa on s\u00e4\u00e4t\u00f6, joka mahdollistaa lasien suoristamisen profiilin asennuksen j\u00e4lkeen<br \/>\n\u2022  Lasin paksuus (mm): 10;  12;  12,76;  13,52;  16,76;  17,52;  20,76;  21,52<br \/>\n\u2022  Valikoimassa kylki- ja pohjakiinnitys<br \/>\n\u2022  Profiiliin on jyrsitty kiinnitysrei\u00e4t 250mm:n v\u00e4lein<br \/>\n\u2022  Profiilien vakiopituudet 5m ja 2,5m, saatavilla my\u00f6s erimittaisena (veloitus aina t\u00e4ysi kanki).<br \/>\n\u2022  Viimeistely: RAL9005 pulverimaalattu, mattamusta (struktuuri\/hiekka)<br \/>\n\u2022  Integroitu viem\u00e4rikanava<br \/>\n\u2022  J\u00e4rjestelm\u00e4 on testattu kuormituksella 2,25 kN\/m<br \/>\n\u2022  Kaikki kiilat ja tiivisteet lasin kiinnitt\u00e4miseksi kuuluvat hintaan<\/p>\n","protected":false},"featured_media":126200,"template":"","meta":{"_acf_changed":false,"inline_featured_image":false},"product_brand":[],"product_cat":[353],"product_tag":[],"class_list":{"0":"post-126165","1":"product","2":"type-product","3":"status-publish","4":"has-post-thumbnail","6":"product_cat-saadettava-lasikaideprofiili-15kn-m","8":"first","9":"onbackorder","10":"shipping-taxable","11":"purchasable","12":"product-type-simple"},"acf":[],"yoast_head":"<!-- This site is optimized with the Yoast SEO plugin v27.2 - https:\/\/yoast.com\/product\/yoast-seo-wordpress\/ -->\n<title>S\u00e4\u00e4dett\u00e4v\u00e4 kokolasikaide j\u00e4rjestelm\u00e4 0,5-1 kN\/m, mattamusta (struktuuri\/hiekka) - Rfix.eu<\/title>\n<meta name=\"robots\" content=\"index, follow, max-snippet:-1, max-image-preview:large, max-video-preview:-1\" \/>\n<link rel=\"canonical\" href=\"https:\/\/rfix.eu\/fi\/tuote\/saadettava-kokolasikaide-jarjestelma-15kn-m-mattamusta\/\" \/>\n<meta property=\"og:locale\" content=\"fi_FI\" \/>\n<meta property=\"og:type\" content=\"article\" \/>\n<meta property=\"og:title\" content=\"S\u00e4\u00e4dett\u00e4v\u00e4 kokolasikaide j\u00e4rjestelm\u00e4 0,5-1 kN\/m, mattamusta (struktuuri\/hiekka) - Rfix.eu\" \/>\n<meta property=\"og:description\" content=\"\u2022 Yksikk\u00f6: metri \u2022 Katso t\u00e4st\u00e4 video j\u00e4rjestelm\u00e4st\u00e4  \u2022 Profiilissa on s\u00e4\u00e4t\u00f6, joka mahdollistaa lasien suoristamisen profiilin asennuksen j\u00e4lkeen \u2022 Lasin paksuus (mm): 10; 12; 12,76; 13,52; 16,76; 17,52; 20,76; 21,52 \u2022 Valikoimassa kylki- ja pohjakiinnitys \u2022 Profiiliin on jyrsitty kiinnitysrei\u00e4t 250mm:n v\u00e4lein \u2022 Profiilien vakiopituudet 5m ja 2,5m, saatavilla my\u00f6s erimittaisena (veloitus aina t\u00e4ysi kanki). \u2022 Viimeistely: RAL9005 pulverimaalattu, mattamusta (struktuuri\/hiekka) \u2022 Integroitu viem\u00e4rikanava \u2022 J\u00e4rjestelm\u00e4 on testattu kuormituksella 2,25 kN\/m \u2022 Kaikki kiilat ja tiivisteet lasin kiinnitt\u00e4miseksi kuuluvat hintaan\" \/>\n<meta property=\"og:url\" content=\"https:\/\/rfix.eu\/fi\/tuote\/saadettava-kokolasikaide-jarjestelma-15kn-m-mattamusta\/\" \/>\n<meta property=\"og:site_name\" content=\"Rfix.eu\" \/>\n<meta property=\"article:modified_time\" content=\"2026-03-14T06:30:14+00:00\" \/>\n<meta property=\"og:image\" content=\"https:\/\/rfix.eu\/wp-content\/uploads\/2024\/07\/R-FIX_Adjustable_railing_profile_GPR1_must_ok.jpg\" \/>\n\t<meta property=\"og:image:width\" content=\"1000\" \/>\n\t<meta property=\"og:image:height\" content=\"1000\" \/>\n\t<meta property=\"og:image:type\" content=\"image\/jpeg\" \/>\n<meta name=\"twitter:card\" content=\"summary_large_image\" \/>\n<meta name=\"twitter:label1\" content=\"Arvioitu lukuaika\" \/>\n\t<meta name=\"twitter:data1\" content=\"1 minuutti\" \/>\n<script type=\"application\/ld+json\" class=\"yoast-schema-graph\">{\"@context\":\"https:\/\/schema.org\",\"@graph\":[{\"@type\":\"WebPage\",\"@id\":\"https:\/\/rfix.eu\/fi\/tuote\/saadettava-kokolasikaide-jarjestelma-15kn-m-mattamusta\/\",\"url\":\"https:\/\/rfix.eu\/fi\/tuote\/saadettava-kokolasikaide-jarjestelma-15kn-m-mattamusta\/\",\"name\":\"S\u00e4\u00e4dett\u00e4v\u00e4 kokolasikaide j\u00e4rjestelm\u00e4 0,5-1 kN\/m, mattamusta (struktuuri\/hiekka) - Rfix.eu\",\"isPartOf\":{\"@id\":\"https:\/\/rfix.eu\/#website\"},\"primaryImageOfPage\":{\"@id\":\"https:\/\/rfix.eu\/fi\/tuote\/saadettava-kokolasikaide-jarjestelma-15kn-m-mattamusta\/#primaryimage\"},\"image\":{\"@id\":\"https:\/\/rfix.eu\/fi\/tuote\/saadettava-kokolasikaide-jarjestelma-15kn-m-mattamusta\/#primaryimage\"},\"thumbnailUrl\":\"https:\/\/rfix.eu\/wp-content\/uploads\/2024\/07\/R-FIX_Adjustable_railing_profile_GPR1_must_ok.jpg\",\"datePublished\":\"2024-07-17T12:01:06+00:00\",\"dateModified\":\"2026-03-14T06:30:14+00:00\",\"breadcrumb\":{\"@id\":\"https:\/\/rfix.eu\/fi\/tuote\/saadettava-kokolasikaide-jarjestelma-15kn-m-mattamusta\/#breadcrumb\"},\"inLanguage\":\"fi\",\"potentialAction\":[{\"@type\":\"ReadAction\",\"target\":[\"https:\/\/rfix.eu\/fi\/tuote\/saadettava-kokolasikaide-jarjestelma-15kn-m-mattamusta\/\"]}]},{\"@type\":\"ImageObject\",\"inLanguage\":\"fi\",\"@id\":\"https:\/\/rfix.eu\/fi\/tuote\/saadettava-kokolasikaide-jarjestelma-15kn-m-mattamusta\/#primaryimage\",\"url\":\"https:\/\/rfix.eu\/wp-content\/uploads\/2024\/07\/R-FIX_Adjustable_railing_profile_GPR1_must_ok.jpg\",\"contentUrl\":\"https:\/\/rfix.eu\/wp-content\/uploads\/2024\/07\/R-FIX_Adjustable_railing_profile_GPR1_must_ok.jpg\",\"width\":1000,\"height\":1000,\"caption\":\"S\u00e4\u00e4dett\u00e4v\u00e4_kokolasikaide_mattamusta\"},{\"@type\":\"BreadcrumbList\",\"@id\":\"https:\/\/rfix.eu\/fi\/tuote\/saadettava-kokolasikaide-jarjestelma-15kn-m-mattamusta\/#breadcrumb\",\"itemListElement\":[{\"@type\":\"ListItem\",\"position\":1,\"name\":\"Home\",\"item\":\"https:\/\/rfix.eu\/fi\/\"},{\"@type\":\"ListItem\",\"position\":2,\"name\":\"Tuotteet\",\"item\":\"https:\/\/rfix.eu\/fi\/tuotteet\/\"},{\"@type\":\"ListItem\",\"position\":3,\"name\":\"S\u00e4\u00e4dett\u00e4v\u00e4 kokolasikaide j\u00e4rjestelm\u00e4 0,5-1 kN\/m, mattamusta (struktuuri\/hiekka)\"}]},{\"@type\":\"WebSite\",\"@id\":\"https:\/\/rfix.eu\/#website\",\"url\":\"https:\/\/rfix.eu\/\",\"name\":\"Rfix.eu\",\"description\":\"Roostevabast terasest kinnitustarvikud professionaalile R-FIX Klaasikinnituste tootja: klaasikinnitused, klaaspiirded, t\u00f5mbid\",\"potentialAction\":[{\"@type\":\"SearchAction\",\"target\":{\"@type\":\"EntryPoint\",\"urlTemplate\":\"https:\/\/rfix.eu\/?s={search_term_string}\"},\"query-input\":{\"@type\":\"PropertyValueSpecification\",\"valueRequired\":true,\"valueName\":\"search_term_string\"}}],\"inLanguage\":\"fi\"}]}<\/script>\n<!-- \/ Yoast SEO plugin. -->","yoast_head_json":{"title":"S\u00e4\u00e4dett\u00e4v\u00e4 kokolasikaide j\u00e4rjestelm\u00e4 0,5-1 kN\/m, mattamusta (struktuuri\/hiekka) - Rfix.eu","robots":{"index":"index","follow":"follow","max-snippet":"max-snippet:-1","max-image-preview":"max-image-preview:large","max-video-preview":"max-video-preview:-1"},"canonical":"https:\/\/rfix.eu\/fi\/tuote\/saadettava-kokolasikaide-jarjestelma-15kn-m-mattamusta\/","og_locale":"fi_FI","og_type":"article","og_title":"S\u00e4\u00e4dett\u00e4v\u00e4 kokolasikaide j\u00e4rjestelm\u00e4 0,5-1 kN\/m, mattamusta (struktuuri\/hiekka) - Rfix.eu","og_description":"\u2022 Yksikk\u00f6: metri \u2022 Katso t\u00e4st\u00e4 video j\u00e4rjestelm\u00e4st\u00e4  \u2022 Profiilissa on s\u00e4\u00e4t\u00f6, joka mahdollistaa lasien suoristamisen profiilin asennuksen j\u00e4lkeen \u2022 Lasin paksuus (mm): 10; 12; 12,76; 13,52; 16,76; 17,52; 20,76; 21,52 \u2022 Valikoimassa kylki- ja pohjakiinnitys \u2022 Profiiliin on jyrsitty kiinnitysrei\u00e4t 250mm:n v\u00e4lein \u2022 Profiilien vakiopituudet 5m ja 2,5m, saatavilla my\u00f6s erimittaisena (veloitus aina t\u00e4ysi kanki). \u2022 Viimeistely: RAL9005 pulverimaalattu, mattamusta (struktuuri\/hiekka) \u2022 Integroitu viem\u00e4rikanava \u2022 J\u00e4rjestelm\u00e4 on testattu kuormituksella 2,25 kN\/m \u2022 Kaikki kiilat ja tiivisteet lasin kiinnitt\u00e4miseksi kuuluvat hintaan","og_url":"https:\/\/rfix.eu\/fi\/tuote\/saadettava-kokolasikaide-jarjestelma-15kn-m-mattamusta\/","og_site_name":"Rfix.eu","article_modified_time":"2026-03-14T06:30:14+00:00","og_image":[{"width":1000,"height":1000,"url":"https:\/\/rfix.eu\/wp-content\/uploads\/2024\/07\/R-FIX_Adjustable_railing_profile_GPR1_must_ok.jpg","type":"image\/jpeg"}],"twitter_card":"summary_large_image","twitter_misc":{"Arvioitu lukuaika":"1 minuutti"},"schema":{"@context":"https:\/\/schema.org","@graph":[{"@type":"WebPage","@id":"https:\/\/rfix.eu\/fi\/tuote\/saadettava-kokolasikaide-jarjestelma-15kn-m-mattamusta\/","url":"https:\/\/rfix.eu\/fi\/tuote\/saadettava-kokolasikaide-jarjestelma-15kn-m-mattamusta\/","name":"S\u00e4\u00e4dett\u00e4v\u00e4 kokolasikaide j\u00e4rjestelm\u00e4 0,5-1 kN\/m, mattamusta (struktuuri\/hiekka) - Rfix.eu","isPartOf":{"@id":"https:\/\/rfix.eu\/#website"},"primaryImageOfPage":{"@id":"https:\/\/rfix.eu\/fi\/tuote\/saadettava-kokolasikaide-jarjestelma-15kn-m-mattamusta\/#primaryimage"},"image":{"@id":"https:\/\/rfix.eu\/fi\/tuote\/saadettava-kokolasikaide-jarjestelma-15kn-m-mattamusta\/#primaryimage"},"thumbnailUrl":"https:\/\/rfix.eu\/wp-content\/uploads\/2024\/07\/R-FIX_Adjustable_railing_profile_GPR1_must_ok.jpg","datePublished":"2024-07-17T12:01:06+00:00","dateModified":"2026-03-14T06:30:14+00:00","breadcrumb":{"@id":"https:\/\/rfix.eu\/fi\/tuote\/saadettava-kokolasikaide-jarjestelma-15kn-m-mattamusta\/#breadcrumb"},"inLanguage":"fi","potentialAction":[{"@type":"ReadAction","target":["https:\/\/rfix.eu\/fi\/tuote\/saadettava-kokolasikaide-jarjestelma-15kn-m-mattamusta\/"]}]},{"@type":"ImageObject","inLanguage":"fi","@id":"https:\/\/rfix.eu\/fi\/tuote\/saadettava-kokolasikaide-jarjestelma-15kn-m-mattamusta\/#primaryimage","url":"https:\/\/rfix.eu\/wp-content\/uploads\/2024\/07\/R-FIX_Adjustable_railing_profile_GPR1_must_ok.jpg","contentUrl":"https:\/\/rfix.eu\/wp-content\/uploads\/2024\/07\/R-FIX_Adjustable_railing_profile_GPR1_must_ok.jpg","width":1000,"height":1000,"caption":"S\u00e4\u00e4dett\u00e4v\u00e4_kokolasikaide_mattamusta"},{"@type":"BreadcrumbList","@id":"https:\/\/rfix.eu\/fi\/tuote\/saadettava-kokolasikaide-jarjestelma-15kn-m-mattamusta\/#breadcrumb","itemListElement":[{"@type":"ListItem","position":1,"name":"Home","item":"https:\/\/rfix.eu\/fi\/"},{"@type":"ListItem","position":2,"name":"Tuotteet","item":"https:\/\/rfix.eu\/fi\/tuotteet\/"},{"@type":"ListItem","position":3,"name":"S\u00e4\u00e4dett\u00e4v\u00e4 kokolasikaide j\u00e4rjestelm\u00e4 0,5-1 kN\/m, mattamusta (struktuuri\/hiekka)"}]},{"@type":"WebSite","@id":"https:\/\/rfix.eu\/#website","url":"https:\/\/rfix.eu\/","name":"Rfix.eu","description":"Roostevabast terasest kinnitustarvikud professionaalile R-FIX Klaasikinnituste tootja: klaasikinnitused, klaaspiirded, t\u00f5mbid","potentialAction":[{"@type":"SearchAction","target":{"@type":"EntryPoint","urlTemplate":"https:\/\/rfix.eu\/?s={search_term_string}"},"query-input":{"@type":"PropertyValueSpecification","valueRequired":true,"valueName":"search_term_string"}}],"inLanguage":"fi"}]}},"_links":{"self":[{"href":"https:\/\/rfix.eu\/fi\/wp-json\/wp\/v2\/product\/126165","targetHints":{"allow":["GET"]}}],"collection":[{"href":"https:\/\/rfix.eu\/fi\/wp-json\/wp\/v2\/product"}],"about":[{"href":"https:\/\/rfix.eu\/fi\/wp-json\/wp\/v2\/types\/product"}],"wp:featuredmedia":[{"embeddable":true,"href":"https:\/\/rfix.eu\/fi\/wp-json\/wp\/v2\/media\/126200"}],"wp:attachment":[{"href":"https:\/\/rfix.eu\/fi\/wp-json\/wp\/v2\/media?parent=126165"}],"wp:term":[{"taxonomy":"product_brand","embeddable":true,"href":"https:\/\/rfix.eu\/fi\/wp-json\/wp\/v2\/product_brand?post=126165"},{"taxonomy":"product_cat","embeddable":true,"href":"https:\/\/rfix.eu\/fi\/wp-json\/wp\/v2\/product_cat?post=126165"},{"taxonomy":"product_tag","embeddable":true,"href":"https:\/\/rfix.eu\/fi\/wp-json\/wp\/v2\/product_tag?post=126165"}],"curies":[{"name":"wp","href":"https:\/\/api.w.org\/{rel}","templated":true}]}}