{"id":125027,"date":"2024-06-25T10:53:51","date_gmt":"2024-06-25T07:53:51","guid":{"rendered":"https:\/\/rfix.eu\/toode\/tuote-14\/"},"modified":"2026-03-31T13:50:39","modified_gmt":"2026-03-31T10:50:39","slug":"tuote-14","status":"publish","type":"product","link":"https:\/\/rfix.eu\/fi\/tuote\/tuote-14\/","title":{"rendered":"Suihkusein\u00e4n lasikiinnike, lasi-sein\u00e4, harjattu kiilt\u00e4v\u00e4 messinki PVD"},"content":{"rendered":"","protected":false},"excerpt":{"rendered":"<p>Piilotetut kiinnitysruuvit,<br \/>\nl\u00e4mm\u00f6nkest\u00e4v\u00e4t tiivisteet.<br \/>\nLasireik\u00e4 \u00d814 mm.<br \/>\nSein\u00e4n ja lasin v\u00e4liin j\u00e4\u00e4v\u00e4 rako ei vaadi erillist\u00e4 tiivistett\u00e4.<\/p>\n","protected":false},"featured_media":125012,"template":"","meta":{"_acf_changed":false,"inline_featured_image":false},"product_brand":[],"product_cat":[516],"product_tag":[],"class_list":{"0":"post-125027","1":"product","2":"type-product","3":"status-publish","4":"has-post-thumbnail","6":"product_cat-seina-lasi-kiinnikkeet","8":"first","9":"instock","10":"shipping-taxable","11":"purchasable","12":"product-type-simple"},"acf":[],"yoast_head":"<!-- This site is optimized with the Yoast SEO plugin v27.2 - https:\/\/yoast.com\/product\/yoast-seo-wordpress\/ -->\n<title>Suihkusein\u00e4n lasikiinnike, lasi-sein\u00e4, harjattu kiilt\u00e4v\u00e4 messinki PVD - Rfix.eu<\/title>\n<meta name=\"robots\" content=\"index, follow, max-snippet:-1, max-image-preview:large, max-video-preview:-1\" \/>\n<link rel=\"canonical\" href=\"https:\/\/rfix.eu\/fi\/tuote\/tuote-14\/\" \/>\n<meta property=\"og:locale\" content=\"fi_FI\" \/>\n<meta property=\"og:type\" content=\"article\" \/>\n<meta property=\"og:title\" content=\"Suihkusein\u00e4n lasikiinnike, lasi-sein\u00e4, harjattu kiilt\u00e4v\u00e4 messinki PVD - Rfix.eu\" \/>\n<meta property=\"og:description\" content=\"Piilotetut kiinnitysruuvit,  l\u00e4mm\u00f6nkest\u00e4v\u00e4t tiivisteet. Lasireik\u00e4 \u00d814 mm. Sein\u00e4n ja lasin v\u00e4liin j\u00e4\u00e4v\u00e4 rako ei vaadi erillist\u00e4 tiivistett\u00e4.\" \/>\n<meta property=\"og:url\" content=\"https:\/\/rfix.eu\/fi\/tuote\/tuote-14\/\" \/>\n<meta property=\"og:site_name\" content=\"Rfix.eu\" \/>\n<meta property=\"article:modified_time\" content=\"2026-03-31T10:50:39+00:00\" \/>\n<meta property=\"og:image\" content=\"https:\/\/rfix.eu\/wp-content\/uploads\/2024\/06\/klamber_sein-klaas_harjatud-messing.jpg\" \/>\n\t<meta property=\"og:image:width\" content=\"1000\" \/>\n\t<meta property=\"og:image:height\" content=\"1000\" \/>\n\t<meta property=\"og:image:type\" content=\"image\/jpeg\" \/>\n<meta name=\"twitter:card\" content=\"summary_large_image\" \/>\n<script type=\"application\/ld+json\" class=\"yoast-schema-graph\">{\"@context\":\"https:\/\/schema.org\",\"@graph\":[{\"@type\":\"WebPage\",\"@id\":\"https:\/\/rfix.eu\/fi\/tuote\/tuote-14\/\",\"url\":\"https:\/\/rfix.eu\/fi\/tuote\/tuote-14\/\",\"name\":\"Suihkusein\u00e4n lasikiinnike, lasi-sein\u00e4, harjattu kiilt\u00e4v\u00e4 messinki PVD - Rfix.eu\",\"isPartOf\":{\"@id\":\"https:\/\/rfix.eu\/#website\"},\"primaryImageOfPage\":{\"@id\":\"https:\/\/rfix.eu\/fi\/tuote\/tuote-14\/#primaryimage\"},\"image\":{\"@id\":\"https:\/\/rfix.eu\/fi\/tuote\/tuote-14\/#primaryimage\"},\"thumbnailUrl\":\"https:\/\/rfix.eu\/wp-content\/uploads\/2024\/06\/klamber_sein-klaas_harjatud-messing.jpg\",\"datePublished\":\"2024-06-25T07:53:51+00:00\",\"dateModified\":\"2026-03-31T10:50:39+00:00\",\"breadcrumb\":{\"@id\":\"https:\/\/rfix.eu\/fi\/tuote\/tuote-14\/#breadcrumb\"},\"inLanguage\":\"fi\",\"potentialAction\":[{\"@type\":\"ReadAction\",\"target\":[\"https:\/\/rfix.eu\/fi\/tuote\/tuote-14\/\"]}]},{\"@type\":\"ImageObject\",\"inLanguage\":\"fi\",\"@id\":\"https:\/\/rfix.eu\/fi\/tuote\/tuote-14\/#primaryimage\",\"url\":\"https:\/\/rfix.eu\/wp-content\/uploads\/2024\/06\/klamber_sein-klaas_harjatud-messing.jpg\",\"contentUrl\":\"https:\/\/rfix.eu\/wp-content\/uploads\/2024\/06\/klamber_sein-klaas_harjatud-messing.jpg\",\"width\":1000,\"height\":1000},{\"@type\":\"BreadcrumbList\",\"@id\":\"https:\/\/rfix.eu\/fi\/tuote\/tuote-14\/#breadcrumb\",\"itemListElement\":[{\"@type\":\"ListItem\",\"position\":1,\"name\":\"Home\",\"item\":\"https:\/\/rfix.eu\/fi\/\"},{\"@type\":\"ListItem\",\"position\":2,\"name\":\"Tuotteet\",\"item\":\"https:\/\/rfix.eu\/fi\/tuotteet\/\"},{\"@type\":\"ListItem\",\"position\":3,\"name\":\"Suihkusein\u00e4n lasikiinnike, lasi-sein\u00e4, harjattu kiilt\u00e4v\u00e4 messinki PVD\"}]},{\"@type\":\"WebSite\",\"@id\":\"https:\/\/rfix.eu\/#website\",\"url\":\"https:\/\/rfix.eu\/\",\"name\":\"Rfix.eu\",\"description\":\"Roostevabast terasest kinnitustarvikud professionaalile R-FIX Klaasikinnituste tootja: klaasikinnitused, klaaspiirded, t\u00f5mbid\",\"potentialAction\":[{\"@type\":\"SearchAction\",\"target\":{\"@type\":\"EntryPoint\",\"urlTemplate\":\"https:\/\/rfix.eu\/?s={search_term_string}\"},\"query-input\":{\"@type\":\"PropertyValueSpecification\",\"valueRequired\":true,\"valueName\":\"search_term_string\"}}],\"inLanguage\":\"fi\"}]}<\/script>\n<!-- \/ Yoast SEO plugin. -->","yoast_head_json":{"title":"Suihkusein\u00e4n lasikiinnike, lasi-sein\u00e4, harjattu kiilt\u00e4v\u00e4 messinki PVD - Rfix.eu","robots":{"index":"index","follow":"follow","max-snippet":"max-snippet:-1","max-image-preview":"max-image-preview:large","max-video-preview":"max-video-preview:-1"},"canonical":"https:\/\/rfix.eu\/fi\/tuote\/tuote-14\/","og_locale":"fi_FI","og_type":"article","og_title":"Suihkusein\u00e4n lasikiinnike, lasi-sein\u00e4, harjattu kiilt\u00e4v\u00e4 messinki PVD - Rfix.eu","og_description":"Piilotetut kiinnitysruuvit,  l\u00e4mm\u00f6nkest\u00e4v\u00e4t tiivisteet. Lasireik\u00e4 \u00d814 mm. Sein\u00e4n ja lasin v\u00e4liin j\u00e4\u00e4v\u00e4 rako ei vaadi erillist\u00e4 tiivistett\u00e4.","og_url":"https:\/\/rfix.eu\/fi\/tuote\/tuote-14\/","og_site_name":"Rfix.eu","article_modified_time":"2026-03-31T10:50:39+00:00","og_image":[{"width":1000,"height":1000,"url":"https:\/\/rfix.eu\/wp-content\/uploads\/2024\/06\/klamber_sein-klaas_harjatud-messing.jpg","type":"image\/jpeg"}],"twitter_card":"summary_large_image","schema":{"@context":"https:\/\/schema.org","@graph":[{"@type":"WebPage","@id":"https:\/\/rfix.eu\/fi\/tuote\/tuote-14\/","url":"https:\/\/rfix.eu\/fi\/tuote\/tuote-14\/","name":"Suihkusein\u00e4n lasikiinnike, lasi-sein\u00e4, harjattu kiilt\u00e4v\u00e4 messinki PVD - Rfix.eu","isPartOf":{"@id":"https:\/\/rfix.eu\/#website"},"primaryImageOfPage":{"@id":"https:\/\/rfix.eu\/fi\/tuote\/tuote-14\/#primaryimage"},"image":{"@id":"https:\/\/rfix.eu\/fi\/tuote\/tuote-14\/#primaryimage"},"thumbnailUrl":"https:\/\/rfix.eu\/wp-content\/uploads\/2024\/06\/klamber_sein-klaas_harjatud-messing.jpg","datePublished":"2024-06-25T07:53:51+00:00","dateModified":"2026-03-31T10:50:39+00:00","breadcrumb":{"@id":"https:\/\/rfix.eu\/fi\/tuote\/tuote-14\/#breadcrumb"},"inLanguage":"fi","potentialAction":[{"@type":"ReadAction","target":["https:\/\/rfix.eu\/fi\/tuote\/tuote-14\/"]}]},{"@type":"ImageObject","inLanguage":"fi","@id":"https:\/\/rfix.eu\/fi\/tuote\/tuote-14\/#primaryimage","url":"https:\/\/rfix.eu\/wp-content\/uploads\/2024\/06\/klamber_sein-klaas_harjatud-messing.jpg","contentUrl":"https:\/\/rfix.eu\/wp-content\/uploads\/2024\/06\/klamber_sein-klaas_harjatud-messing.jpg","width":1000,"height":1000},{"@type":"BreadcrumbList","@id":"https:\/\/rfix.eu\/fi\/tuote\/tuote-14\/#breadcrumb","itemListElement":[{"@type":"ListItem","position":1,"name":"Home","item":"https:\/\/rfix.eu\/fi\/"},{"@type":"ListItem","position":2,"name":"Tuotteet","item":"https:\/\/rfix.eu\/fi\/tuotteet\/"},{"@type":"ListItem","position":3,"name":"Suihkusein\u00e4n lasikiinnike, lasi-sein\u00e4, harjattu kiilt\u00e4v\u00e4 messinki PVD"}]},{"@type":"WebSite","@id":"https:\/\/rfix.eu\/#website","url":"https:\/\/rfix.eu\/","name":"Rfix.eu","description":"Roostevabast terasest kinnitustarvikud professionaalile R-FIX Klaasikinnituste tootja: klaasikinnitused, klaaspiirded, t\u00f5mbid","potentialAction":[{"@type":"SearchAction","target":{"@type":"EntryPoint","urlTemplate":"https:\/\/rfix.eu\/?s={search_term_string}"},"query-input":{"@type":"PropertyValueSpecification","valueRequired":true,"valueName":"search_term_string"}}],"inLanguage":"fi"}]}},"_links":{"self":[{"href":"https:\/\/rfix.eu\/fi\/wp-json\/wp\/v2\/product\/125027","targetHints":{"allow":["GET"]}}],"collection":[{"href":"https:\/\/rfix.eu\/fi\/wp-json\/wp\/v2\/product"}],"about":[{"href":"https:\/\/rfix.eu\/fi\/wp-json\/wp\/v2\/types\/product"}],"wp:featuredmedia":[{"embeddable":true,"href":"https:\/\/rfix.eu\/fi\/wp-json\/wp\/v2\/media\/125012"}],"wp:attachment":[{"href":"https:\/\/rfix.eu\/fi\/wp-json\/wp\/v2\/media?parent=125027"}],"wp:term":[{"taxonomy":"product_brand","embeddable":true,"href":"https:\/\/rfix.eu\/fi\/wp-json\/wp\/v2\/product_brand?post=125027"},{"taxonomy":"product_cat","embeddable":true,"href":"https:\/\/rfix.eu\/fi\/wp-json\/wp\/v2\/product_cat?post=125027"},{"taxonomy":"product_tag","embeddable":true,"href":"https:\/\/rfix.eu\/fi\/wp-json\/wp\/v2\/product_tag?post=125027"}],"curies":[{"name":"wp","href":"https:\/\/api.w.org\/{rel}","templated":true}]}}