{"id":123402,"date":"2024-01-30T10:00:32","date_gmt":"2024-01-30T08:00:32","guid":{"rendered":"https:\/\/rfix.eu\/toode\/wooden-glazing-wedge-80x8x1-mm-100-pcs\/"},"modified":"2026-04-08T16:50:19","modified_gmt":"2026-04-08T13:50:19","slug":"wooden-glazing-wedge-80x8x1-mm-100-pcs","status":"publish","type":"product","link":"https:\/\/rfix.eu\/fi\/tuote\/wooden-glazing-wedge-80x8x1-mm-100-pcs\/","title":{"rendered":"Lasituskiila 80x8x1 mm, 100 kpl"},"content":{"rendered":"","protected":false},"excerpt":{"rendered":"<p>&#8211; Kyll\u00e4stetyst\u00e4 puusta valmistettu lasituskiila on ymp\u00e4rist\u00f6yst\u00e4v\u00e4llinen ja kest\u00e4v\u00e4 vaihtoehto muovikiiloille<br \/>\n&#8211; 8mm:n levyinen lasituskiila sopii t\u00e4ydellisesti 8mm:n ja 10mm:n lasitusprofiileihin<br \/>\n&#8211; Pakkauskoko 100kpl<\/p>\n","protected":false},"featured_media":123392,"template":"","meta":{"_acf_changed":false,"inline_featured_image":false},"product_brand":[],"product_cat":[450,360],"product_tag":[],"class_list":{"0":"post-123402","1":"product","2":"type-product","3":"status-publish","4":"has-post-thumbnail","6":"product_cat-lasituskiilat","7":"product_cat-lasitusprofiilit","9":"first","10":"instock","11":"shipping-taxable","12":"purchasable","13":"product-type-simple"},"acf":[],"yoast_head":"<!-- This site is optimized with the Yoast SEO plugin v27.2 - https:\/\/yoast.com\/product\/yoast-seo-wordpress\/ -->\n<title>Lasituskiila 80x8x1 mm, 100 kpl - Rfix.eu<\/title>\n<meta name=\"robots\" content=\"index, follow, max-snippet:-1, max-image-preview:large, max-video-preview:-1\" \/>\n<link rel=\"canonical\" href=\"https:\/\/rfix.eu\/fi\/tuote\/wooden-glazing-wedge-80x8x1-mm-100-pcs\/\" \/>\n<meta property=\"og:locale\" content=\"fi_FI\" \/>\n<meta property=\"og:type\" content=\"article\" \/>\n<meta property=\"og:title\" content=\"Lasituskiila 80x8x1 mm, 100 kpl - Rfix.eu\" \/>\n<meta property=\"og:description\" content=\"- Kyll\u00e4stetyst\u00e4 puusta valmistettu lasituskiila on ymp\u00e4rist\u00f6yst\u00e4v\u00e4llinen ja kest\u00e4v\u00e4 vaihtoehto muovikiiloille - 8mm:n levyinen lasituskiila sopii t\u00e4ydellisesti 8mm:n ja 10mm:n lasitusprofiileihin - Pakkauskoko 100kpl\" \/>\n<meta property=\"og:url\" content=\"https:\/\/rfix.eu\/fi\/tuote\/wooden-glazing-wedge-80x8x1-mm-100-pcs\/\" \/>\n<meta property=\"og:site_name\" content=\"Rfix.eu\" \/>\n<meta property=\"article:modified_time\" content=\"2026-04-08T13:50:19+00:00\" \/>\n<meta property=\"og:image\" content=\"https:\/\/rfix.eu\/wp-content\/uploads\/2024\/01\/R-FIX_wooden_glazing_wedge_8x1mm.jpg\" \/>\n\t<meta property=\"og:image:width\" content=\"1000\" \/>\n\t<meta property=\"og:image:height\" content=\"1000\" \/>\n\t<meta property=\"og:image:type\" content=\"image\/jpeg\" \/>\n<meta name=\"twitter:card\" content=\"summary_large_image\" \/>\n<script type=\"application\/ld+json\" class=\"yoast-schema-graph\">{\"@context\":\"https:\/\/schema.org\",\"@graph\":[{\"@type\":\"WebPage\",\"@id\":\"https:\/\/rfix.eu\/fi\/tuote\/wooden-glazing-wedge-80x8x1-mm-100-pcs\/\",\"url\":\"https:\/\/rfix.eu\/fi\/tuote\/wooden-glazing-wedge-80x8x1-mm-100-pcs\/\",\"name\":\"Lasituskiila 80x8x1 mm, 100 kpl - Rfix.eu\",\"isPartOf\":{\"@id\":\"https:\/\/rfix.eu\/#website\"},\"primaryImageOfPage\":{\"@id\":\"https:\/\/rfix.eu\/fi\/tuote\/wooden-glazing-wedge-80x8x1-mm-100-pcs\/#primaryimage\"},\"image\":{\"@id\":\"https:\/\/rfix.eu\/fi\/tuote\/wooden-glazing-wedge-80x8x1-mm-100-pcs\/#primaryimage\"},\"thumbnailUrl\":\"https:\/\/rfix.eu\/wp-content\/uploads\/2024\/01\/R-FIX_wooden_glazing_wedge_8x1mm.jpg\",\"datePublished\":\"2024-01-30T08:00:32+00:00\",\"dateModified\":\"2026-04-08T13:50:19+00:00\",\"breadcrumb\":{\"@id\":\"https:\/\/rfix.eu\/fi\/tuote\/wooden-glazing-wedge-80x8x1-mm-100-pcs\/#breadcrumb\"},\"inLanguage\":\"fi\",\"potentialAction\":[{\"@type\":\"ReadAction\",\"target\":[\"https:\/\/rfix.eu\/fi\/tuote\/wooden-glazing-wedge-80x8x1-mm-100-pcs\/\"]}]},{\"@type\":\"ImageObject\",\"inLanguage\":\"fi\",\"@id\":\"https:\/\/rfix.eu\/fi\/tuote\/wooden-glazing-wedge-80x8x1-mm-100-pcs\/#primaryimage\",\"url\":\"https:\/\/rfix.eu\/wp-content\/uploads\/2024\/01\/R-FIX_wooden_glazing_wedge_8x1mm.jpg\",\"contentUrl\":\"https:\/\/rfix.eu\/wp-content\/uploads\/2024\/01\/R-FIX_wooden_glazing_wedge_8x1mm.jpg\",\"width\":1000,\"height\":1000},{\"@type\":\"BreadcrumbList\",\"@id\":\"https:\/\/rfix.eu\/fi\/tuote\/wooden-glazing-wedge-80x8x1-mm-100-pcs\/#breadcrumb\",\"itemListElement\":[{\"@type\":\"ListItem\",\"position\":1,\"name\":\"Home\",\"item\":\"https:\/\/rfix.eu\/fi\/\"},{\"@type\":\"ListItem\",\"position\":2,\"name\":\"Tuotteet\",\"item\":\"https:\/\/rfix.eu\/fi\/tuotteet\/\"},{\"@type\":\"ListItem\",\"position\":3,\"name\":\"Lasituskiila 80x8x1 mm, 100 kpl\"}]},{\"@type\":\"WebSite\",\"@id\":\"https:\/\/rfix.eu\/#website\",\"url\":\"https:\/\/rfix.eu\/\",\"name\":\"Rfix.eu\",\"description\":\"Roostevabast terasest kinnitustarvikud professionaalile R-FIX Klaasikinnituste tootja: klaasikinnitused, klaaspiirded, t\u00f5mbid\",\"potentialAction\":[{\"@type\":\"SearchAction\",\"target\":{\"@type\":\"EntryPoint\",\"urlTemplate\":\"https:\/\/rfix.eu\/?s={search_term_string}\"},\"query-input\":{\"@type\":\"PropertyValueSpecification\",\"valueRequired\":true,\"valueName\":\"search_term_string\"}}],\"inLanguage\":\"fi\"}]}<\/script>\n<!-- \/ Yoast SEO plugin. -->","yoast_head_json":{"title":"Lasituskiila 80x8x1 mm, 100 kpl - Rfix.eu","robots":{"index":"index","follow":"follow","max-snippet":"max-snippet:-1","max-image-preview":"max-image-preview:large","max-video-preview":"max-video-preview:-1"},"canonical":"https:\/\/rfix.eu\/fi\/tuote\/wooden-glazing-wedge-80x8x1-mm-100-pcs\/","og_locale":"fi_FI","og_type":"article","og_title":"Lasituskiila 80x8x1 mm, 100 kpl - Rfix.eu","og_description":"- Kyll\u00e4stetyst\u00e4 puusta valmistettu lasituskiila on ymp\u00e4rist\u00f6yst\u00e4v\u00e4llinen ja kest\u00e4v\u00e4 vaihtoehto muovikiiloille - 8mm:n levyinen lasituskiila sopii t\u00e4ydellisesti 8mm:n ja 10mm:n lasitusprofiileihin - Pakkauskoko 100kpl","og_url":"https:\/\/rfix.eu\/fi\/tuote\/wooden-glazing-wedge-80x8x1-mm-100-pcs\/","og_site_name":"Rfix.eu","article_modified_time":"2026-04-08T13:50:19+00:00","og_image":[{"width":1000,"height":1000,"url":"https:\/\/rfix.eu\/wp-content\/uploads\/2024\/01\/R-FIX_wooden_glazing_wedge_8x1mm.jpg","type":"image\/jpeg"}],"twitter_card":"summary_large_image","schema":{"@context":"https:\/\/schema.org","@graph":[{"@type":"WebPage","@id":"https:\/\/rfix.eu\/fi\/tuote\/wooden-glazing-wedge-80x8x1-mm-100-pcs\/","url":"https:\/\/rfix.eu\/fi\/tuote\/wooden-glazing-wedge-80x8x1-mm-100-pcs\/","name":"Lasituskiila 80x8x1 mm, 100 kpl - Rfix.eu","isPartOf":{"@id":"https:\/\/rfix.eu\/#website"},"primaryImageOfPage":{"@id":"https:\/\/rfix.eu\/fi\/tuote\/wooden-glazing-wedge-80x8x1-mm-100-pcs\/#primaryimage"},"image":{"@id":"https:\/\/rfix.eu\/fi\/tuote\/wooden-glazing-wedge-80x8x1-mm-100-pcs\/#primaryimage"},"thumbnailUrl":"https:\/\/rfix.eu\/wp-content\/uploads\/2024\/01\/R-FIX_wooden_glazing_wedge_8x1mm.jpg","datePublished":"2024-01-30T08:00:32+00:00","dateModified":"2026-04-08T13:50:19+00:00","breadcrumb":{"@id":"https:\/\/rfix.eu\/fi\/tuote\/wooden-glazing-wedge-80x8x1-mm-100-pcs\/#breadcrumb"},"inLanguage":"fi","potentialAction":[{"@type":"ReadAction","target":["https:\/\/rfix.eu\/fi\/tuote\/wooden-glazing-wedge-80x8x1-mm-100-pcs\/"]}]},{"@type":"ImageObject","inLanguage":"fi","@id":"https:\/\/rfix.eu\/fi\/tuote\/wooden-glazing-wedge-80x8x1-mm-100-pcs\/#primaryimage","url":"https:\/\/rfix.eu\/wp-content\/uploads\/2024\/01\/R-FIX_wooden_glazing_wedge_8x1mm.jpg","contentUrl":"https:\/\/rfix.eu\/wp-content\/uploads\/2024\/01\/R-FIX_wooden_glazing_wedge_8x1mm.jpg","width":1000,"height":1000},{"@type":"BreadcrumbList","@id":"https:\/\/rfix.eu\/fi\/tuote\/wooden-glazing-wedge-80x8x1-mm-100-pcs\/#breadcrumb","itemListElement":[{"@type":"ListItem","position":1,"name":"Home","item":"https:\/\/rfix.eu\/fi\/"},{"@type":"ListItem","position":2,"name":"Tuotteet","item":"https:\/\/rfix.eu\/fi\/tuotteet\/"},{"@type":"ListItem","position":3,"name":"Lasituskiila 80x8x1 mm, 100 kpl"}]},{"@type":"WebSite","@id":"https:\/\/rfix.eu\/#website","url":"https:\/\/rfix.eu\/","name":"Rfix.eu","description":"Roostevabast terasest kinnitustarvikud professionaalile R-FIX Klaasikinnituste tootja: klaasikinnitused, klaaspiirded, t\u00f5mbid","potentialAction":[{"@type":"SearchAction","target":{"@type":"EntryPoint","urlTemplate":"https:\/\/rfix.eu\/?s={search_term_string}"},"query-input":{"@type":"PropertyValueSpecification","valueRequired":true,"valueName":"search_term_string"}}],"inLanguage":"fi"}]}},"_links":{"self":[{"href":"https:\/\/rfix.eu\/fi\/wp-json\/wp\/v2\/product\/123402","targetHints":{"allow":["GET"]}}],"collection":[{"href":"https:\/\/rfix.eu\/fi\/wp-json\/wp\/v2\/product"}],"about":[{"href":"https:\/\/rfix.eu\/fi\/wp-json\/wp\/v2\/types\/product"}],"wp:featuredmedia":[{"embeddable":true,"href":"https:\/\/rfix.eu\/fi\/wp-json\/wp\/v2\/media\/123392"}],"wp:attachment":[{"href":"https:\/\/rfix.eu\/fi\/wp-json\/wp\/v2\/media?parent=123402"}],"wp:term":[{"taxonomy":"product_brand","embeddable":true,"href":"https:\/\/rfix.eu\/fi\/wp-json\/wp\/v2\/product_brand?post=123402"},{"taxonomy":"product_cat","embeddable":true,"href":"https:\/\/rfix.eu\/fi\/wp-json\/wp\/v2\/product_cat?post=123402"},{"taxonomy":"product_tag","embeddable":true,"href":"https:\/\/rfix.eu\/fi\/wp-json\/wp\/v2\/product_tag?post=123402"}],"curies":[{"name":"wp","href":"https:\/\/api.w.org\/{rel}","templated":true}]}}