{"id":121157,"date":"2023-12-11T08:59:42","date_gmt":"2023-12-11T06:59:42","guid":{"rendered":"https:\/\/rfix.eu\/toode\/r-point-45-aisi316-musta\/"},"modified":"2026-03-11T18:30:12","modified_gmt":"2026-03-11T16:30:12","slug":"r-point-45-aisi316-musta","status":"publish","type":"product","link":"https:\/\/rfix.eu\/fi\/tuote\/r-point-45-aisi316-musta\/","title":{"rendered":"R-Point 45, AISI316, Musta"},"content":{"rendered":"","protected":false},"excerpt":{"rendered":"<p>R-Point 45 pistekiinnikkeet k\u00e4ytet\u00e4\u00e4n keskisuurten ja suurten lasien kiinnitt\u00e4miseen v\u00e4likattoon ja portaiden reisilankkuihin (kokolasiset kaiteet) tai muihin rakenteisiin.<\/p>\n<p>Reik\u00e4 lasissa d = 22 mm<br \/>\nLasin minimipaksuus 8 mm<br \/>\nKiinnityspultti: M10 \/ M10 puukierteinen (ei sis\u00e4lly pakettiin)<br \/>\nSallittu leikkauskuormitus 4 kN<br \/>\nSallittu vetokuormitus 8 kN<\/p>\n","protected":false},"featured_media":121569,"template":"","meta":{"_acf_changed":false,"inline_featured_image":false},"product_brand":[],"product_cat":[260,446],"product_tag":[],"class_list":{"0":"post-121157","1":"product","2":"type-product","3":"status-publish","4":"has-post-thumbnail","6":"product_cat-lasin-pistekiinnikkeet","7":"product_cat-o45-pistekiinnikkeet","9":"first","10":"instock","11":"sale","12":"shipping-taxable","13":"purchasable","14":"product-type-simple"},"acf":[],"yoast_head":"<!-- This site is optimized with the Yoast SEO plugin v27.2 - https:\/\/yoast.com\/product\/yoast-seo-wordpress\/ -->\n<title>R-Point 45, AISI316, Musta - Rfix.eu<\/title>\n<meta name=\"robots\" content=\"index, follow, max-snippet:-1, max-image-preview:large, max-video-preview:-1\" \/>\n<link rel=\"canonical\" href=\"https:\/\/rfix.eu\/fi\/tuote\/r-point-45-aisi316-musta\/\" \/>\n<meta property=\"og:locale\" content=\"fi_FI\" \/>\n<meta property=\"og:type\" content=\"article\" \/>\n<meta property=\"og:title\" content=\"R-Point 45, AISI316, Musta - Rfix.eu\" \/>\n<meta property=\"og:description\" content=\"R-Point 45 pistekiinnikkeet k\u00e4ytet\u00e4\u00e4n keskisuurten ja suurten lasien kiinnitt\u00e4miseen v\u00e4likattoon ja portaiden reisilankkuihin (kokolasiset kaiteet) tai muihin rakenteisiin.   Reik\u00e4 lasissa d = 22 mm  Lasin minimipaksuus 8 mm Kiinnityspultti: M10 \/ M10 puukierteinen (ei sis\u00e4lly pakettiin) Sallittu leikkauskuormitus 4 kN Sallittu vetokuormitus 8 kN\" \/>\n<meta property=\"og:url\" content=\"https:\/\/rfix.eu\/fi\/tuote\/r-point-45-aisi316-musta\/\" \/>\n<meta property=\"og:site_name\" content=\"Rfix.eu\" \/>\n<meta property=\"article:modified_time\" content=\"2026-03-11T16:30:12+00:00\" \/>\n<meta property=\"og:image\" content=\"https:\/\/rfix.eu\/wp-content\/uploads\/2023\/12\/R-Point_45_black.jpg\" \/>\n\t<meta property=\"og:image:width\" content=\"1000\" \/>\n\t<meta property=\"og:image:height\" content=\"1000\" \/>\n\t<meta property=\"og:image:type\" content=\"image\/jpeg\" \/>\n<meta name=\"twitter:card\" content=\"summary_large_image\" \/>\n<script type=\"application\/ld+json\" class=\"yoast-schema-graph\">{\"@context\":\"https:\/\/schema.org\",\"@graph\":[{\"@type\":\"WebPage\",\"@id\":\"https:\/\/rfix.eu\/fi\/tuote\/r-point-45-aisi316-musta\/\",\"url\":\"https:\/\/rfix.eu\/fi\/tuote\/r-point-45-aisi316-musta\/\",\"name\":\"R-Point 45, AISI316, Musta - Rfix.eu\",\"isPartOf\":{\"@id\":\"https:\/\/rfix.eu\/#website\"},\"primaryImageOfPage\":{\"@id\":\"https:\/\/rfix.eu\/fi\/tuote\/r-point-45-aisi316-musta\/#primaryimage\"},\"image\":{\"@id\":\"https:\/\/rfix.eu\/fi\/tuote\/r-point-45-aisi316-musta\/#primaryimage\"},\"thumbnailUrl\":\"https:\/\/rfix.eu\/wp-content\/uploads\/2023\/12\/R-Point_45_black.jpg\",\"datePublished\":\"2023-12-11T06:59:42+00:00\",\"dateModified\":\"2026-03-11T16:30:12+00:00\",\"breadcrumb\":{\"@id\":\"https:\/\/rfix.eu\/fi\/tuote\/r-point-45-aisi316-musta\/#breadcrumb\"},\"inLanguage\":\"fi\",\"potentialAction\":[{\"@type\":\"ReadAction\",\"target\":[\"https:\/\/rfix.eu\/fi\/tuote\/r-point-45-aisi316-musta\/\"]}]},{\"@type\":\"ImageObject\",\"inLanguage\":\"fi\",\"@id\":\"https:\/\/rfix.eu\/fi\/tuote\/r-point-45-aisi316-musta\/#primaryimage\",\"url\":\"https:\/\/rfix.eu\/wp-content\/uploads\/2023\/12\/R-Point_45_black.jpg\",\"contentUrl\":\"https:\/\/rfix.eu\/wp-content\/uploads\/2023\/12\/R-Point_45_black.jpg\",\"width\":1000,\"height\":1000},{\"@type\":\"BreadcrumbList\",\"@id\":\"https:\/\/rfix.eu\/fi\/tuote\/r-point-45-aisi316-musta\/#breadcrumb\",\"itemListElement\":[{\"@type\":\"ListItem\",\"position\":1,\"name\":\"Home\",\"item\":\"https:\/\/rfix.eu\/fi\/\"},{\"@type\":\"ListItem\",\"position\":2,\"name\":\"Tuotteet\",\"item\":\"https:\/\/rfix.eu\/fi\/tuotteet\/\"},{\"@type\":\"ListItem\",\"position\":3,\"name\":\"R-Point 45, AISI316, Musta\"}]},{\"@type\":\"WebSite\",\"@id\":\"https:\/\/rfix.eu\/#website\",\"url\":\"https:\/\/rfix.eu\/\",\"name\":\"Rfix.eu\",\"description\":\"Roostevabast terasest kinnitustarvikud professionaalile R-FIX Klaasikinnituste tootja: klaasikinnitused, klaaspiirded, t\u00f5mbid\",\"potentialAction\":[{\"@type\":\"SearchAction\",\"target\":{\"@type\":\"EntryPoint\",\"urlTemplate\":\"https:\/\/rfix.eu\/?s={search_term_string}\"},\"query-input\":{\"@type\":\"PropertyValueSpecification\",\"valueRequired\":true,\"valueName\":\"search_term_string\"}}],\"inLanguage\":\"fi\"}]}<\/script>\n<!-- \/ Yoast SEO plugin. -->","yoast_head_json":{"title":"R-Point 45, AISI316, Musta - Rfix.eu","robots":{"index":"index","follow":"follow","max-snippet":"max-snippet:-1","max-image-preview":"max-image-preview:large","max-video-preview":"max-video-preview:-1"},"canonical":"https:\/\/rfix.eu\/fi\/tuote\/r-point-45-aisi316-musta\/","og_locale":"fi_FI","og_type":"article","og_title":"R-Point 45, AISI316, Musta - Rfix.eu","og_description":"R-Point 45 pistekiinnikkeet k\u00e4ytet\u00e4\u00e4n keskisuurten ja suurten lasien kiinnitt\u00e4miseen v\u00e4likattoon ja portaiden reisilankkuihin (kokolasiset kaiteet) tai muihin rakenteisiin.   Reik\u00e4 lasissa d = 22 mm  Lasin minimipaksuus 8 mm Kiinnityspultti: M10 \/ M10 puukierteinen (ei sis\u00e4lly pakettiin) Sallittu leikkauskuormitus 4 kN Sallittu vetokuormitus 8 kN","og_url":"https:\/\/rfix.eu\/fi\/tuote\/r-point-45-aisi316-musta\/","og_site_name":"Rfix.eu","article_modified_time":"2026-03-11T16:30:12+00:00","og_image":[{"width":1000,"height":1000,"url":"https:\/\/rfix.eu\/wp-content\/uploads\/2023\/12\/R-Point_45_black.jpg","type":"image\/jpeg"}],"twitter_card":"summary_large_image","schema":{"@context":"https:\/\/schema.org","@graph":[{"@type":"WebPage","@id":"https:\/\/rfix.eu\/fi\/tuote\/r-point-45-aisi316-musta\/","url":"https:\/\/rfix.eu\/fi\/tuote\/r-point-45-aisi316-musta\/","name":"R-Point 45, AISI316, Musta - Rfix.eu","isPartOf":{"@id":"https:\/\/rfix.eu\/#website"},"primaryImageOfPage":{"@id":"https:\/\/rfix.eu\/fi\/tuote\/r-point-45-aisi316-musta\/#primaryimage"},"image":{"@id":"https:\/\/rfix.eu\/fi\/tuote\/r-point-45-aisi316-musta\/#primaryimage"},"thumbnailUrl":"https:\/\/rfix.eu\/wp-content\/uploads\/2023\/12\/R-Point_45_black.jpg","datePublished":"2023-12-11T06:59:42+00:00","dateModified":"2026-03-11T16:30:12+00:00","breadcrumb":{"@id":"https:\/\/rfix.eu\/fi\/tuote\/r-point-45-aisi316-musta\/#breadcrumb"},"inLanguage":"fi","potentialAction":[{"@type":"ReadAction","target":["https:\/\/rfix.eu\/fi\/tuote\/r-point-45-aisi316-musta\/"]}]},{"@type":"ImageObject","inLanguage":"fi","@id":"https:\/\/rfix.eu\/fi\/tuote\/r-point-45-aisi316-musta\/#primaryimage","url":"https:\/\/rfix.eu\/wp-content\/uploads\/2023\/12\/R-Point_45_black.jpg","contentUrl":"https:\/\/rfix.eu\/wp-content\/uploads\/2023\/12\/R-Point_45_black.jpg","width":1000,"height":1000},{"@type":"BreadcrumbList","@id":"https:\/\/rfix.eu\/fi\/tuote\/r-point-45-aisi316-musta\/#breadcrumb","itemListElement":[{"@type":"ListItem","position":1,"name":"Home","item":"https:\/\/rfix.eu\/fi\/"},{"@type":"ListItem","position":2,"name":"Tuotteet","item":"https:\/\/rfix.eu\/fi\/tuotteet\/"},{"@type":"ListItem","position":3,"name":"R-Point 45, AISI316, Musta"}]},{"@type":"WebSite","@id":"https:\/\/rfix.eu\/#website","url":"https:\/\/rfix.eu\/","name":"Rfix.eu","description":"Roostevabast terasest kinnitustarvikud professionaalile R-FIX Klaasikinnituste tootja: klaasikinnitused, klaaspiirded, t\u00f5mbid","potentialAction":[{"@type":"SearchAction","target":{"@type":"EntryPoint","urlTemplate":"https:\/\/rfix.eu\/?s={search_term_string}"},"query-input":{"@type":"PropertyValueSpecification","valueRequired":true,"valueName":"search_term_string"}}],"inLanguage":"fi"}]}},"_links":{"self":[{"href":"https:\/\/rfix.eu\/fi\/wp-json\/wp\/v2\/product\/121157","targetHints":{"allow":["GET"]}}],"collection":[{"href":"https:\/\/rfix.eu\/fi\/wp-json\/wp\/v2\/product"}],"about":[{"href":"https:\/\/rfix.eu\/fi\/wp-json\/wp\/v2\/types\/product"}],"wp:featuredmedia":[{"embeddable":true,"href":"https:\/\/rfix.eu\/fi\/wp-json\/wp\/v2\/media\/121569"}],"wp:attachment":[{"href":"https:\/\/rfix.eu\/fi\/wp-json\/wp\/v2\/media?parent=121157"}],"wp:term":[{"taxonomy":"product_brand","embeddable":true,"href":"https:\/\/rfix.eu\/fi\/wp-json\/wp\/v2\/product_brand?post=121157"},{"taxonomy":"product_cat","embeddable":true,"href":"https:\/\/rfix.eu\/fi\/wp-json\/wp\/v2\/product_cat?post=121157"},{"taxonomy":"product_tag","embeddable":true,"href":"https:\/\/rfix.eu\/fi\/wp-json\/wp\/v2\/product_tag?post=121157"}],"curies":[{"name":"wp","href":"https:\/\/api.w.org\/{rel}","templated":true}]}}