{"id":110825,"date":"2022-10-31T08:57:41","date_gmt":"2022-10-31T06:57:41","guid":{"rendered":"https:\/\/rfix.eu\/toode\/pidake-o30-lasi-lasi-90-aisi304\/"},"modified":"2026-03-11T23:01:21","modified_gmt":"2026-03-11T21:01:21","slug":"pidake-o30-lasi-lasi-90-aisi304","status":"publish","type":"product","link":"https:\/\/rfix.eu\/fi\/tuote\/pidake-o30-lasi-lasi-90-aisi304\/","title":{"rendered":"Pid\u00e4ke \u00d830 lasi-lasi, 90\u00b0, AISI304"},"content":{"rendered":"","protected":false},"excerpt":{"rendered":"<p>Kulmaliitoksilla voidaan liitt\u00e4\u00e4 kauniisti ja turvallisesti yhteen kaksi lasia tai lasi sein\u00e4\u00e4n. Kaksi R-Point-pistekiinnikett\u00e4 liitet\u00e4\u00e4n t\u00e4ll\u00f6in harjatusta ruostumattomasta ter\u00e4ksest\u00e4 valmistettuun levyyn, joka on 90:n tai 180 asteen kulmassa.<\/p>\n<p>Lasin minimipaksuus 6 mm<\/p>\n","protected":false},"featured_media":123221,"template":"","meta":{"_acf_changed":false,"inline_featured_image":false},"product_brand":[],"product_cat":[440,260],"product_tag":[],"class_list":{"0":"post-110825","1":"product","2":"type-product","3":"status-publish","4":"has-post-thumbnail","6":"product_cat-lasin-liittimet-kulmaliitoksiin","7":"product_cat-lasin-pistekiinnikkeet","9":"first","10":"instock","11":"sale","12":"shipping-taxable","13":"purchasable","14":"product-type-simple"},"acf":[],"yoast_head":"<!-- This site is optimized with the Yoast SEO plugin v27.2 - https:\/\/yoast.com\/product\/yoast-seo-wordpress\/ -->\n<title>Pid\u00e4ke \u00d830 lasi-lasi, 90\u00b0, AISI304 - Rfix.eu<\/title>\n<meta name=\"robots\" content=\"index, follow, max-snippet:-1, max-image-preview:large, max-video-preview:-1\" \/>\n<link rel=\"canonical\" href=\"https:\/\/rfix.eu\/fi\/tuote\/pidake-o30-lasi-lasi-90-aisi304\/\" \/>\n<meta property=\"og:locale\" content=\"fi_FI\" \/>\n<meta property=\"og:type\" content=\"article\" \/>\n<meta property=\"og:title\" content=\"Pid\u00e4ke \u00d830 lasi-lasi, 90\u00b0, AISI304 - Rfix.eu\" \/>\n<meta property=\"og:description\" content=\"Kulmaliitoksilla voidaan liitt\u00e4\u00e4 kauniisti ja turvallisesti yhteen kaksi lasia tai lasi sein\u00e4\u00e4n. Kaksi R-Point-pistekiinnikett\u00e4 liitet\u00e4\u00e4n t\u00e4ll\u00f6in harjatusta ruostumattomasta ter\u00e4ksest\u00e4 valmistettuun levyyn, joka on 90:n tai 180 asteen kulmassa.  Lasin minimipaksuus 6 mm\" \/>\n<meta property=\"og:url\" content=\"https:\/\/rfix.eu\/fi\/tuote\/pidake-o30-lasi-lasi-90-aisi304\/\" \/>\n<meta property=\"og:site_name\" content=\"Rfix.eu\" \/>\n<meta property=\"article:modified_time\" content=\"2026-03-11T21:01:21+00:00\" \/>\n<meta property=\"og:image\" content=\"https:\/\/rfix.eu\/wp-content\/uploads\/2024\/01\/Fiksaator_D30_klaas-klaas_90__.jpg\" \/>\n\t<meta property=\"og:image:width\" content=\"1000\" \/>\n\t<meta property=\"og:image:height\" content=\"1000\" \/>\n\t<meta property=\"og:image:type\" content=\"image\/jpeg\" \/>\n<meta name=\"twitter:card\" content=\"summary_large_image\" \/>\n<script type=\"application\/ld+json\" class=\"yoast-schema-graph\">{\"@context\":\"https:\/\/schema.org\",\"@graph\":[{\"@type\":\"WebPage\",\"@id\":\"https:\/\/rfix.eu\/fi\/tuote\/pidake-o30-lasi-lasi-90-aisi304\/\",\"url\":\"https:\/\/rfix.eu\/fi\/tuote\/pidake-o30-lasi-lasi-90-aisi304\/\",\"name\":\"Pid\u00e4ke \u00d830 lasi-lasi, 90\u00b0, AISI304 - Rfix.eu\",\"isPartOf\":{\"@id\":\"https:\/\/rfix.eu\/#website\"},\"primaryImageOfPage\":{\"@id\":\"https:\/\/rfix.eu\/fi\/tuote\/pidake-o30-lasi-lasi-90-aisi304\/#primaryimage\"},\"image\":{\"@id\":\"https:\/\/rfix.eu\/fi\/tuote\/pidake-o30-lasi-lasi-90-aisi304\/#primaryimage\"},\"thumbnailUrl\":\"https:\/\/rfix.eu\/wp-content\/uploads\/2024\/01\/Fiksaator_D30_klaas-klaas_90__.jpg\",\"datePublished\":\"2022-10-31T06:57:41+00:00\",\"dateModified\":\"2026-03-11T21:01:21+00:00\",\"breadcrumb\":{\"@id\":\"https:\/\/rfix.eu\/fi\/tuote\/pidake-o30-lasi-lasi-90-aisi304\/#breadcrumb\"},\"inLanguage\":\"fi\",\"potentialAction\":[{\"@type\":\"ReadAction\",\"target\":[\"https:\/\/rfix.eu\/fi\/tuote\/pidake-o30-lasi-lasi-90-aisi304\/\"]}]},{\"@type\":\"ImageObject\",\"inLanguage\":\"fi\",\"@id\":\"https:\/\/rfix.eu\/fi\/tuote\/pidake-o30-lasi-lasi-90-aisi304\/#primaryimage\",\"url\":\"https:\/\/rfix.eu\/wp-content\/uploads\/2024\/01\/Fiksaator_D30_klaas-klaas_90__.jpg\",\"contentUrl\":\"https:\/\/rfix.eu\/wp-content\/uploads\/2024\/01\/Fiksaator_D30_klaas-klaas_90__.jpg\",\"width\":1000,\"height\":1000},{\"@type\":\"BreadcrumbList\",\"@id\":\"https:\/\/rfix.eu\/fi\/tuote\/pidake-o30-lasi-lasi-90-aisi304\/#breadcrumb\",\"itemListElement\":[{\"@type\":\"ListItem\",\"position\":1,\"name\":\"Home\",\"item\":\"https:\/\/rfix.eu\/fi\/\"},{\"@type\":\"ListItem\",\"position\":2,\"name\":\"Tuotteet\",\"item\":\"https:\/\/rfix.eu\/fi\/tuotteet\/\"},{\"@type\":\"ListItem\",\"position\":3,\"name\":\"Pid\u00e4ke \u00d830 lasi-lasi, 90\u00b0, AISI304\"}]},{\"@type\":\"WebSite\",\"@id\":\"https:\/\/rfix.eu\/#website\",\"url\":\"https:\/\/rfix.eu\/\",\"name\":\"Rfix.eu\",\"description\":\"Roostevabast terasest kinnitustarvikud professionaalile R-FIX Klaasikinnituste tootja: klaasikinnitused, klaaspiirded, t\u00f5mbid\",\"potentialAction\":[{\"@type\":\"SearchAction\",\"target\":{\"@type\":\"EntryPoint\",\"urlTemplate\":\"https:\/\/rfix.eu\/?s={search_term_string}\"},\"query-input\":{\"@type\":\"PropertyValueSpecification\",\"valueRequired\":true,\"valueName\":\"search_term_string\"}}],\"inLanguage\":\"fi\"}]}<\/script>\n<!-- \/ Yoast SEO plugin. -->","yoast_head_json":{"title":"Pid\u00e4ke \u00d830 lasi-lasi, 90\u00b0, AISI304 - Rfix.eu","robots":{"index":"index","follow":"follow","max-snippet":"max-snippet:-1","max-image-preview":"max-image-preview:large","max-video-preview":"max-video-preview:-1"},"canonical":"https:\/\/rfix.eu\/fi\/tuote\/pidake-o30-lasi-lasi-90-aisi304\/","og_locale":"fi_FI","og_type":"article","og_title":"Pid\u00e4ke \u00d830 lasi-lasi, 90\u00b0, AISI304 - Rfix.eu","og_description":"Kulmaliitoksilla voidaan liitt\u00e4\u00e4 kauniisti ja turvallisesti yhteen kaksi lasia tai lasi sein\u00e4\u00e4n. Kaksi R-Point-pistekiinnikett\u00e4 liitet\u00e4\u00e4n t\u00e4ll\u00f6in harjatusta ruostumattomasta ter\u00e4ksest\u00e4 valmistettuun levyyn, joka on 90:n tai 180 asteen kulmassa.  Lasin minimipaksuus 6 mm","og_url":"https:\/\/rfix.eu\/fi\/tuote\/pidake-o30-lasi-lasi-90-aisi304\/","og_site_name":"Rfix.eu","article_modified_time":"2026-03-11T21:01:21+00:00","og_image":[{"width":1000,"height":1000,"url":"https:\/\/rfix.eu\/wp-content\/uploads\/2024\/01\/Fiksaator_D30_klaas-klaas_90__.jpg","type":"image\/jpeg"}],"twitter_card":"summary_large_image","schema":{"@context":"https:\/\/schema.org","@graph":[{"@type":"WebPage","@id":"https:\/\/rfix.eu\/fi\/tuote\/pidake-o30-lasi-lasi-90-aisi304\/","url":"https:\/\/rfix.eu\/fi\/tuote\/pidake-o30-lasi-lasi-90-aisi304\/","name":"Pid\u00e4ke \u00d830 lasi-lasi, 90\u00b0, AISI304 - Rfix.eu","isPartOf":{"@id":"https:\/\/rfix.eu\/#website"},"primaryImageOfPage":{"@id":"https:\/\/rfix.eu\/fi\/tuote\/pidake-o30-lasi-lasi-90-aisi304\/#primaryimage"},"image":{"@id":"https:\/\/rfix.eu\/fi\/tuote\/pidake-o30-lasi-lasi-90-aisi304\/#primaryimage"},"thumbnailUrl":"https:\/\/rfix.eu\/wp-content\/uploads\/2024\/01\/Fiksaator_D30_klaas-klaas_90__.jpg","datePublished":"2022-10-31T06:57:41+00:00","dateModified":"2026-03-11T21:01:21+00:00","breadcrumb":{"@id":"https:\/\/rfix.eu\/fi\/tuote\/pidake-o30-lasi-lasi-90-aisi304\/#breadcrumb"},"inLanguage":"fi","potentialAction":[{"@type":"ReadAction","target":["https:\/\/rfix.eu\/fi\/tuote\/pidake-o30-lasi-lasi-90-aisi304\/"]}]},{"@type":"ImageObject","inLanguage":"fi","@id":"https:\/\/rfix.eu\/fi\/tuote\/pidake-o30-lasi-lasi-90-aisi304\/#primaryimage","url":"https:\/\/rfix.eu\/wp-content\/uploads\/2024\/01\/Fiksaator_D30_klaas-klaas_90__.jpg","contentUrl":"https:\/\/rfix.eu\/wp-content\/uploads\/2024\/01\/Fiksaator_D30_klaas-klaas_90__.jpg","width":1000,"height":1000},{"@type":"BreadcrumbList","@id":"https:\/\/rfix.eu\/fi\/tuote\/pidake-o30-lasi-lasi-90-aisi304\/#breadcrumb","itemListElement":[{"@type":"ListItem","position":1,"name":"Home","item":"https:\/\/rfix.eu\/fi\/"},{"@type":"ListItem","position":2,"name":"Tuotteet","item":"https:\/\/rfix.eu\/fi\/tuotteet\/"},{"@type":"ListItem","position":3,"name":"Pid\u00e4ke \u00d830 lasi-lasi, 90\u00b0, AISI304"}]},{"@type":"WebSite","@id":"https:\/\/rfix.eu\/#website","url":"https:\/\/rfix.eu\/","name":"Rfix.eu","description":"Roostevabast terasest kinnitustarvikud professionaalile R-FIX Klaasikinnituste tootja: klaasikinnitused, klaaspiirded, t\u00f5mbid","potentialAction":[{"@type":"SearchAction","target":{"@type":"EntryPoint","urlTemplate":"https:\/\/rfix.eu\/?s={search_term_string}"},"query-input":{"@type":"PropertyValueSpecification","valueRequired":true,"valueName":"search_term_string"}}],"inLanguage":"fi"}]}},"_links":{"self":[{"href":"https:\/\/rfix.eu\/fi\/wp-json\/wp\/v2\/product\/110825","targetHints":{"allow":["GET"]}}],"collection":[{"href":"https:\/\/rfix.eu\/fi\/wp-json\/wp\/v2\/product"}],"about":[{"href":"https:\/\/rfix.eu\/fi\/wp-json\/wp\/v2\/types\/product"}],"wp:featuredmedia":[{"embeddable":true,"href":"https:\/\/rfix.eu\/fi\/wp-json\/wp\/v2\/media\/123221"}],"wp:attachment":[{"href":"https:\/\/rfix.eu\/fi\/wp-json\/wp\/v2\/media?parent=110825"}],"wp:term":[{"taxonomy":"product_brand","embeddable":true,"href":"https:\/\/rfix.eu\/fi\/wp-json\/wp\/v2\/product_brand?post=110825"},{"taxonomy":"product_cat","embeddable":true,"href":"https:\/\/rfix.eu\/fi\/wp-json\/wp\/v2\/product_cat?post=110825"},{"taxonomy":"product_tag","embeddable":true,"href":"https:\/\/rfix.eu\/fi\/wp-json\/wp\/v2\/product_tag?post=110825"}],"curies":[{"name":"wp","href":"https:\/\/api.w.org\/{rel}","templated":true}]}}