{"id":110140,"date":"2022-10-31T08:34:24","date_gmt":"2022-10-31T06:34:24","guid":{"rendered":"https:\/\/rfix.eu\/toode\/r-point-45-aisi304\/"},"modified":"2026-03-11T18:30:54","modified_gmt":"2026-03-11T16:30:54","slug":"r-point-45-aisi304","status":"publish","type":"product","link":"https:\/\/rfix.eu\/fi\/tuote\/r-point-45-aisi304\/","title":{"rendered":"R-Point 45, AISI304"},"content":{"rendered":"","protected":false},"excerpt":{"rendered":"<p>R-Point 45 pistekiinnikkeet k\u00e4ytet\u00e4\u00e4n keskisuurten ja suurten lasien kiinnitt\u00e4miseen v\u00e4likattoon ja portaiden reisilankkuihin (kokolasiset kaiteet) tai muihin rakenteisiin.<\/p>\n<p>Reik\u00e4 lasissa d = 22 mm<br \/>\nLasin minimipaksuus 8 mm<br \/>\nKiinnityspultti: M10 \/ M10 puukierteinen (ei sis\u00e4lly pakettiin)<br \/>\nSallittu leikkauskuormitus 4 kN<br \/>\nSallittu vetokuormitus 8 kN<\/p>\n","protected":false},"featured_media":122218,"template":"","meta":{"_acf_changed":false,"inline_featured_image":false},"product_brand":[],"product_cat":[260,446],"product_tag":[],"class_list":{"0":"post-110140","1":"product","2":"type-product","3":"status-publish","4":"has-post-thumbnail","6":"product_cat-lasin-pistekiinnikkeet","7":"product_cat-o45-pistekiinnikkeet","9":"first","10":"instock","11":"sale","12":"shipping-taxable","13":"purchasable","14":"product-type-simple"},"acf":[],"yoast_head":"<!-- This site is optimized with the Yoast SEO plugin v27.2 - https:\/\/yoast.com\/product\/yoast-seo-wordpress\/ -->\n<title>R-Point 45, AISI304 - Rfix.eu<\/title>\n<meta name=\"robots\" content=\"index, follow, max-snippet:-1, max-image-preview:large, max-video-preview:-1\" \/>\n<link rel=\"canonical\" href=\"https:\/\/rfix.eu\/fi\/tuote\/r-point-45-aisi304\/\" \/>\n<meta property=\"og:locale\" content=\"fi_FI\" \/>\n<meta property=\"og:type\" content=\"article\" \/>\n<meta property=\"og:title\" content=\"R-Point 45, AISI304 - Rfix.eu\" \/>\n<meta property=\"og:description\" content=\"R-Point 45 pistekiinnikkeet k\u00e4ytet\u00e4\u00e4n keskisuurten ja suurten lasien kiinnitt\u00e4miseen v\u00e4likattoon ja portaiden reisilankkuihin (kokolasiset kaiteet) tai muihin rakenteisiin.   Reik\u00e4 lasissa d = 22 mm  Lasin minimipaksuus 8 mm Kiinnityspultti: M10 \/ M10 puukierteinen (ei sis\u00e4lly pakettiin) Sallittu leikkauskuormitus 4 kN Sallittu vetokuormitus 8 kN\" \/>\n<meta property=\"og:url\" content=\"https:\/\/rfix.eu\/fi\/tuote\/r-point-45-aisi304\/\" \/>\n<meta property=\"og:site_name\" content=\"Rfix.eu\" \/>\n<meta property=\"article:modified_time\" content=\"2026-03-11T16:30:54+00:00\" \/>\n<meta property=\"og:image\" content=\"https:\/\/rfix.eu\/wp-content\/uploads\/2019\/12\/R-Point_45.jpg\" \/>\n\t<meta property=\"og:image:width\" content=\"600\" \/>\n\t<meta property=\"og:image:height\" content=\"600\" \/>\n\t<meta property=\"og:image:type\" content=\"image\/jpeg\" \/>\n<meta name=\"twitter:card\" content=\"summary_large_image\" \/>\n<script type=\"application\/ld+json\" class=\"yoast-schema-graph\">{\"@context\":\"https:\/\/schema.org\",\"@graph\":[{\"@type\":\"WebPage\",\"@id\":\"https:\/\/rfix.eu\/fi\/tuote\/r-point-45-aisi304\/\",\"url\":\"https:\/\/rfix.eu\/fi\/tuote\/r-point-45-aisi304\/\",\"name\":\"R-Point 45, AISI304 - Rfix.eu\",\"isPartOf\":{\"@id\":\"https:\/\/rfix.eu\/#website\"},\"primaryImageOfPage\":{\"@id\":\"https:\/\/rfix.eu\/fi\/tuote\/r-point-45-aisi304\/#primaryimage\"},\"image\":{\"@id\":\"https:\/\/rfix.eu\/fi\/tuote\/r-point-45-aisi304\/#primaryimage\"},\"thumbnailUrl\":\"https:\/\/rfix.eu\/wp-content\/uploads\/2019\/12\/R-Point_45.jpg\",\"datePublished\":\"2022-10-31T06:34:24+00:00\",\"dateModified\":\"2026-03-11T16:30:54+00:00\",\"breadcrumb\":{\"@id\":\"https:\/\/rfix.eu\/fi\/tuote\/r-point-45-aisi304\/#breadcrumb\"},\"inLanguage\":\"fi\",\"potentialAction\":[{\"@type\":\"ReadAction\",\"target\":[\"https:\/\/rfix.eu\/fi\/tuote\/r-point-45-aisi304\/\"]}]},{\"@type\":\"ImageObject\",\"inLanguage\":\"fi\",\"@id\":\"https:\/\/rfix.eu\/fi\/tuote\/r-point-45-aisi304\/#primaryimage\",\"url\":\"https:\/\/rfix.eu\/wp-content\/uploads\/2019\/12\/R-Point_45.jpg\",\"contentUrl\":\"https:\/\/rfix.eu\/wp-content\/uploads\/2019\/12\/R-Point_45.jpg\",\"width\":600,\"height\":600},{\"@type\":\"BreadcrumbList\",\"@id\":\"https:\/\/rfix.eu\/fi\/tuote\/r-point-45-aisi304\/#breadcrumb\",\"itemListElement\":[{\"@type\":\"ListItem\",\"position\":1,\"name\":\"Home\",\"item\":\"https:\/\/rfix.eu\/fi\/\"},{\"@type\":\"ListItem\",\"position\":2,\"name\":\"Tuotteet\",\"item\":\"https:\/\/rfix.eu\/fi\/tuotteet\/\"},{\"@type\":\"ListItem\",\"position\":3,\"name\":\"R-Point 45, AISI304\"}]},{\"@type\":\"WebSite\",\"@id\":\"https:\/\/rfix.eu\/#website\",\"url\":\"https:\/\/rfix.eu\/\",\"name\":\"Rfix.eu\",\"description\":\"Roostevabast terasest kinnitustarvikud professionaalile R-FIX Klaasikinnituste tootja: klaasikinnitused, klaaspiirded, t\u00f5mbid\",\"potentialAction\":[{\"@type\":\"SearchAction\",\"target\":{\"@type\":\"EntryPoint\",\"urlTemplate\":\"https:\/\/rfix.eu\/?s={search_term_string}\"},\"query-input\":{\"@type\":\"PropertyValueSpecification\",\"valueRequired\":true,\"valueName\":\"search_term_string\"}}],\"inLanguage\":\"fi\"}]}<\/script>\n<!-- \/ Yoast SEO plugin. -->","yoast_head_json":{"title":"R-Point 45, AISI304 - Rfix.eu","robots":{"index":"index","follow":"follow","max-snippet":"max-snippet:-1","max-image-preview":"max-image-preview:large","max-video-preview":"max-video-preview:-1"},"canonical":"https:\/\/rfix.eu\/fi\/tuote\/r-point-45-aisi304\/","og_locale":"fi_FI","og_type":"article","og_title":"R-Point 45, AISI304 - Rfix.eu","og_description":"R-Point 45 pistekiinnikkeet k\u00e4ytet\u00e4\u00e4n keskisuurten ja suurten lasien kiinnitt\u00e4miseen v\u00e4likattoon ja portaiden reisilankkuihin (kokolasiset kaiteet) tai muihin rakenteisiin.   Reik\u00e4 lasissa d = 22 mm  Lasin minimipaksuus 8 mm Kiinnityspultti: M10 \/ M10 puukierteinen (ei sis\u00e4lly pakettiin) Sallittu leikkauskuormitus 4 kN Sallittu vetokuormitus 8 kN","og_url":"https:\/\/rfix.eu\/fi\/tuote\/r-point-45-aisi304\/","og_site_name":"Rfix.eu","article_modified_time":"2026-03-11T16:30:54+00:00","og_image":[{"width":600,"height":600,"url":"https:\/\/rfix.eu\/wp-content\/uploads\/2019\/12\/R-Point_45.jpg","type":"image\/jpeg"}],"twitter_card":"summary_large_image","schema":{"@context":"https:\/\/schema.org","@graph":[{"@type":"WebPage","@id":"https:\/\/rfix.eu\/fi\/tuote\/r-point-45-aisi304\/","url":"https:\/\/rfix.eu\/fi\/tuote\/r-point-45-aisi304\/","name":"R-Point 45, AISI304 - Rfix.eu","isPartOf":{"@id":"https:\/\/rfix.eu\/#website"},"primaryImageOfPage":{"@id":"https:\/\/rfix.eu\/fi\/tuote\/r-point-45-aisi304\/#primaryimage"},"image":{"@id":"https:\/\/rfix.eu\/fi\/tuote\/r-point-45-aisi304\/#primaryimage"},"thumbnailUrl":"https:\/\/rfix.eu\/wp-content\/uploads\/2019\/12\/R-Point_45.jpg","datePublished":"2022-10-31T06:34:24+00:00","dateModified":"2026-03-11T16:30:54+00:00","breadcrumb":{"@id":"https:\/\/rfix.eu\/fi\/tuote\/r-point-45-aisi304\/#breadcrumb"},"inLanguage":"fi","potentialAction":[{"@type":"ReadAction","target":["https:\/\/rfix.eu\/fi\/tuote\/r-point-45-aisi304\/"]}]},{"@type":"ImageObject","inLanguage":"fi","@id":"https:\/\/rfix.eu\/fi\/tuote\/r-point-45-aisi304\/#primaryimage","url":"https:\/\/rfix.eu\/wp-content\/uploads\/2019\/12\/R-Point_45.jpg","contentUrl":"https:\/\/rfix.eu\/wp-content\/uploads\/2019\/12\/R-Point_45.jpg","width":600,"height":600},{"@type":"BreadcrumbList","@id":"https:\/\/rfix.eu\/fi\/tuote\/r-point-45-aisi304\/#breadcrumb","itemListElement":[{"@type":"ListItem","position":1,"name":"Home","item":"https:\/\/rfix.eu\/fi\/"},{"@type":"ListItem","position":2,"name":"Tuotteet","item":"https:\/\/rfix.eu\/fi\/tuotteet\/"},{"@type":"ListItem","position":3,"name":"R-Point 45, AISI304"}]},{"@type":"WebSite","@id":"https:\/\/rfix.eu\/#website","url":"https:\/\/rfix.eu\/","name":"Rfix.eu","description":"Roostevabast terasest kinnitustarvikud professionaalile R-FIX Klaasikinnituste tootja: klaasikinnitused, klaaspiirded, t\u00f5mbid","potentialAction":[{"@type":"SearchAction","target":{"@type":"EntryPoint","urlTemplate":"https:\/\/rfix.eu\/?s={search_term_string}"},"query-input":{"@type":"PropertyValueSpecification","valueRequired":true,"valueName":"search_term_string"}}],"inLanguage":"fi"}]}},"_links":{"self":[{"href":"https:\/\/rfix.eu\/fi\/wp-json\/wp\/v2\/product\/110140","targetHints":{"allow":["GET"]}}],"collection":[{"href":"https:\/\/rfix.eu\/fi\/wp-json\/wp\/v2\/product"}],"about":[{"href":"https:\/\/rfix.eu\/fi\/wp-json\/wp\/v2\/types\/product"}],"wp:featuredmedia":[{"embeddable":true,"href":"https:\/\/rfix.eu\/fi\/wp-json\/wp\/v2\/media\/122218"}],"wp:attachment":[{"href":"https:\/\/rfix.eu\/fi\/wp-json\/wp\/v2\/media?parent=110140"}],"wp:term":[{"taxonomy":"product_brand","embeddable":true,"href":"https:\/\/rfix.eu\/fi\/wp-json\/wp\/v2\/product_brand?post=110140"},{"taxonomy":"product_cat","embeddable":true,"href":"https:\/\/rfix.eu\/fi\/wp-json\/wp\/v2\/product_cat?post=110140"},{"taxonomy":"product_tag","embeddable":true,"href":"https:\/\/rfix.eu\/fi\/wp-json\/wp\/v2\/product_tag?post=110140"}],"curies":[{"name":"wp","href":"https:\/\/api.w.org\/{rel}","templated":true}]}}