{"id":108775,"date":"2022-10-31T08:15:01","date_gmt":"2022-10-31T06:15:01","guid":{"rendered":"https:\/\/rfix.eu\/toode\/paatypeite-gpr1-f-profiilille-vasen\/"},"modified":"2026-04-08T13:05:12","modified_gmt":"2026-04-08T10:05:12","slug":"paatypeite-gpr1-f-profiilille-vasen","status":"publish","type":"product","link":"https:\/\/rfix.eu\/fi\/tuote\/paatypeite-gpr1-f-profiilille-vasen\/","title":{"rendered":"P\u00e4\u00e4typeite GPR1.F profiilille, Vasen"},"content":{"rendered":"","protected":false},"excerpt":{"rendered":"<p>Materiaali: harjattu ruostumaton ter\u00e4s<br \/>\nH = 110 mm; T = 1 mm<\/p>\n","protected":false},"featured_media":122354,"template":"","meta":{"_acf_changed":false,"inline_featured_image":false},"product_brand":[],"product_cat":[254,351],"product_tag":[],"class_list":{"0":"post-108775","1":"product","2":"type-product","3":"status-publish","4":"has-post-thumbnail","6":"product_cat-kokolasikaiteet","7":"product_cat-saadettava-lasikaide-f-profiili-15kn-m","9":"first","10":"instock","11":"sale","12":"shipping-taxable","13":"purchasable","14":"product-type-simple"},"acf":[],"yoast_head":"<!-- This site is optimized with the Yoast SEO plugin v27.2 - https:\/\/yoast.com\/product\/yoast-seo-wordpress\/ -->\n<title>P\u00e4\u00e4typeite GPR1.F profiilille, Vasen - Rfix.eu<\/title>\n<meta name=\"robots\" content=\"index, follow, max-snippet:-1, max-image-preview:large, max-video-preview:-1\" \/>\n<link rel=\"canonical\" href=\"https:\/\/rfix.eu\/fi\/tuote\/paatypeite-gpr1-f-profiilille-vasen\/\" \/>\n<meta property=\"og:locale\" content=\"fi_FI\" \/>\n<meta property=\"og:type\" content=\"article\" \/>\n<meta property=\"og:title\" content=\"P\u00e4\u00e4typeite GPR1.F profiilille, Vasen - Rfix.eu\" \/>\n<meta property=\"og:description\" content=\"Materiaali: harjattu ruostumaton ter\u00e4s H = 110 mm; T = 1 mm\" \/>\n<meta property=\"og:url\" content=\"https:\/\/rfix.eu\/fi\/tuote\/paatypeite-gpr1-f-profiilille-vasen\/\" \/>\n<meta property=\"og:site_name\" content=\"Rfix.eu\" \/>\n<meta property=\"article:modified_time\" content=\"2026-04-08T10:05:12+00:00\" \/>\n<meta property=\"og:image\" content=\"https:\/\/rfix.eu\/wp-content\/uploads\/2022\/01\/GPR1F_otsaplaat_v.jpg\" \/>\n\t<meta property=\"og:image:width\" content=\"1000\" \/>\n\t<meta property=\"og:image:height\" content=\"1000\" \/>\n\t<meta property=\"og:image:type\" content=\"image\/jpeg\" \/>\n<meta name=\"twitter:card\" content=\"summary_large_image\" \/>\n<script type=\"application\/ld+json\" class=\"yoast-schema-graph\">{\"@context\":\"https:\/\/schema.org\",\"@graph\":[{\"@type\":\"WebPage\",\"@id\":\"https:\/\/rfix.eu\/fi\/tuote\/paatypeite-gpr1-f-profiilille-vasen\/\",\"url\":\"https:\/\/rfix.eu\/fi\/tuote\/paatypeite-gpr1-f-profiilille-vasen\/\",\"name\":\"P\u00e4\u00e4typeite GPR1.F profiilille, Vasen - Rfix.eu\",\"isPartOf\":{\"@id\":\"https:\/\/rfix.eu\/#website\"},\"primaryImageOfPage\":{\"@id\":\"https:\/\/rfix.eu\/fi\/tuote\/paatypeite-gpr1-f-profiilille-vasen\/#primaryimage\"},\"image\":{\"@id\":\"https:\/\/rfix.eu\/fi\/tuote\/paatypeite-gpr1-f-profiilille-vasen\/#primaryimage\"},\"thumbnailUrl\":\"https:\/\/rfix.eu\/wp-content\/uploads\/2022\/01\/GPR1F_otsaplaat_v.jpg\",\"datePublished\":\"2022-10-31T06:15:01+00:00\",\"dateModified\":\"2026-04-08T10:05:12+00:00\",\"breadcrumb\":{\"@id\":\"https:\/\/rfix.eu\/fi\/tuote\/paatypeite-gpr1-f-profiilille-vasen\/#breadcrumb\"},\"inLanguage\":\"fi\",\"potentialAction\":[{\"@type\":\"ReadAction\",\"target\":[\"https:\/\/rfix.eu\/fi\/tuote\/paatypeite-gpr1-f-profiilille-vasen\/\"]}]},{\"@type\":\"ImageObject\",\"inLanguage\":\"fi\",\"@id\":\"https:\/\/rfix.eu\/fi\/tuote\/paatypeite-gpr1-f-profiilille-vasen\/#primaryimage\",\"url\":\"https:\/\/rfix.eu\/wp-content\/uploads\/2022\/01\/GPR1F_otsaplaat_v.jpg\",\"contentUrl\":\"https:\/\/rfix.eu\/wp-content\/uploads\/2022\/01\/GPR1F_otsaplaat_v.jpg\",\"width\":1000,\"height\":1000},{\"@type\":\"BreadcrumbList\",\"@id\":\"https:\/\/rfix.eu\/fi\/tuote\/paatypeite-gpr1-f-profiilille-vasen\/#breadcrumb\",\"itemListElement\":[{\"@type\":\"ListItem\",\"position\":1,\"name\":\"Home\",\"item\":\"https:\/\/rfix.eu\/fi\/\"},{\"@type\":\"ListItem\",\"position\":2,\"name\":\"Tuotteet\",\"item\":\"https:\/\/rfix.eu\/fi\/tuotteet\/\"},{\"@type\":\"ListItem\",\"position\":3,\"name\":\"P\u00e4\u00e4typeite GPR1.F profiilille, Vasen\"}]},{\"@type\":\"WebSite\",\"@id\":\"https:\/\/rfix.eu\/#website\",\"url\":\"https:\/\/rfix.eu\/\",\"name\":\"Rfix.eu\",\"description\":\"Roostevabast terasest kinnitustarvikud professionaalile R-FIX Klaasikinnituste tootja: klaasikinnitused, klaaspiirded, t\u00f5mbid\",\"potentialAction\":[{\"@type\":\"SearchAction\",\"target\":{\"@type\":\"EntryPoint\",\"urlTemplate\":\"https:\/\/rfix.eu\/?s={search_term_string}\"},\"query-input\":{\"@type\":\"PropertyValueSpecification\",\"valueRequired\":true,\"valueName\":\"search_term_string\"}}],\"inLanguage\":\"fi\"}]}<\/script>\n<!-- \/ Yoast SEO plugin. -->","yoast_head_json":{"title":"P\u00e4\u00e4typeite GPR1.F profiilille, Vasen - Rfix.eu","robots":{"index":"index","follow":"follow","max-snippet":"max-snippet:-1","max-image-preview":"max-image-preview:large","max-video-preview":"max-video-preview:-1"},"canonical":"https:\/\/rfix.eu\/fi\/tuote\/paatypeite-gpr1-f-profiilille-vasen\/","og_locale":"fi_FI","og_type":"article","og_title":"P\u00e4\u00e4typeite GPR1.F profiilille, Vasen - Rfix.eu","og_description":"Materiaali: harjattu ruostumaton ter\u00e4s H = 110 mm; T = 1 mm","og_url":"https:\/\/rfix.eu\/fi\/tuote\/paatypeite-gpr1-f-profiilille-vasen\/","og_site_name":"Rfix.eu","article_modified_time":"2026-04-08T10:05:12+00:00","og_image":[{"width":1000,"height":1000,"url":"https:\/\/rfix.eu\/wp-content\/uploads\/2022\/01\/GPR1F_otsaplaat_v.jpg","type":"image\/jpeg"}],"twitter_card":"summary_large_image","schema":{"@context":"https:\/\/schema.org","@graph":[{"@type":"WebPage","@id":"https:\/\/rfix.eu\/fi\/tuote\/paatypeite-gpr1-f-profiilille-vasen\/","url":"https:\/\/rfix.eu\/fi\/tuote\/paatypeite-gpr1-f-profiilille-vasen\/","name":"P\u00e4\u00e4typeite GPR1.F profiilille, Vasen - Rfix.eu","isPartOf":{"@id":"https:\/\/rfix.eu\/#website"},"primaryImageOfPage":{"@id":"https:\/\/rfix.eu\/fi\/tuote\/paatypeite-gpr1-f-profiilille-vasen\/#primaryimage"},"image":{"@id":"https:\/\/rfix.eu\/fi\/tuote\/paatypeite-gpr1-f-profiilille-vasen\/#primaryimage"},"thumbnailUrl":"https:\/\/rfix.eu\/wp-content\/uploads\/2022\/01\/GPR1F_otsaplaat_v.jpg","datePublished":"2022-10-31T06:15:01+00:00","dateModified":"2026-04-08T10:05:12+00:00","breadcrumb":{"@id":"https:\/\/rfix.eu\/fi\/tuote\/paatypeite-gpr1-f-profiilille-vasen\/#breadcrumb"},"inLanguage":"fi","potentialAction":[{"@type":"ReadAction","target":["https:\/\/rfix.eu\/fi\/tuote\/paatypeite-gpr1-f-profiilille-vasen\/"]}]},{"@type":"ImageObject","inLanguage":"fi","@id":"https:\/\/rfix.eu\/fi\/tuote\/paatypeite-gpr1-f-profiilille-vasen\/#primaryimage","url":"https:\/\/rfix.eu\/wp-content\/uploads\/2022\/01\/GPR1F_otsaplaat_v.jpg","contentUrl":"https:\/\/rfix.eu\/wp-content\/uploads\/2022\/01\/GPR1F_otsaplaat_v.jpg","width":1000,"height":1000},{"@type":"BreadcrumbList","@id":"https:\/\/rfix.eu\/fi\/tuote\/paatypeite-gpr1-f-profiilille-vasen\/#breadcrumb","itemListElement":[{"@type":"ListItem","position":1,"name":"Home","item":"https:\/\/rfix.eu\/fi\/"},{"@type":"ListItem","position":2,"name":"Tuotteet","item":"https:\/\/rfix.eu\/fi\/tuotteet\/"},{"@type":"ListItem","position":3,"name":"P\u00e4\u00e4typeite GPR1.F profiilille, Vasen"}]},{"@type":"WebSite","@id":"https:\/\/rfix.eu\/#website","url":"https:\/\/rfix.eu\/","name":"Rfix.eu","description":"Roostevabast terasest kinnitustarvikud professionaalile R-FIX Klaasikinnituste tootja: klaasikinnitused, klaaspiirded, t\u00f5mbid","potentialAction":[{"@type":"SearchAction","target":{"@type":"EntryPoint","urlTemplate":"https:\/\/rfix.eu\/?s={search_term_string}"},"query-input":{"@type":"PropertyValueSpecification","valueRequired":true,"valueName":"search_term_string"}}],"inLanguage":"fi"}]}},"_links":{"self":[{"href":"https:\/\/rfix.eu\/fi\/wp-json\/wp\/v2\/product\/108775","targetHints":{"allow":["GET"]}}],"collection":[{"href":"https:\/\/rfix.eu\/fi\/wp-json\/wp\/v2\/product"}],"about":[{"href":"https:\/\/rfix.eu\/fi\/wp-json\/wp\/v2\/types\/product"}],"wp:featuredmedia":[{"embeddable":true,"href":"https:\/\/rfix.eu\/fi\/wp-json\/wp\/v2\/media\/122354"}],"wp:attachment":[{"href":"https:\/\/rfix.eu\/fi\/wp-json\/wp\/v2\/media?parent=108775"}],"wp:term":[{"taxonomy":"product_brand","embeddable":true,"href":"https:\/\/rfix.eu\/fi\/wp-json\/wp\/v2\/product_brand?post=108775"},{"taxonomy":"product_cat","embeddable":true,"href":"https:\/\/rfix.eu\/fi\/wp-json\/wp\/v2\/product_cat?post=108775"},{"taxonomy":"product_tag","embeddable":true,"href":"https:\/\/rfix.eu\/fi\/wp-json\/wp\/v2\/product_tag?post=108775"}],"curies":[{"name":"wp","href":"https:\/\/api.w.org\/{rel}","templated":true}]}}