{"id":33037,"date":"2019-11-11T09:42:12","date_gmt":"2019-11-11T07:42:12","guid":{"rendered":"https:\/\/rfix.eu\/erilahendused\/"},"modified":"2024-09-16T10:50:20","modified_gmt":"2024-09-16T07:50:20","slug":"erikoisratkaisut","status":"publish","type":"page","link":"https:\/\/rfix.eu\/fi\/erikoisratkaisut\/","title":{"rendered":"Erikoisratkaisut"},"content":{"rendered":"\n<p>R-FIX auttaa sinua toteuttamaan mutkikkaita tai suuria hankkeita tarjoamalla teknisi\u00e4 tukipalveluja sek\u00e4 hankekohtaisten tuotteiden suunnittelua ja valmistusta.<\/p>\n\n\n\n<p>Usein vakiotuote ei sovi k\u00e4ytt\u00f6\u00f6n erikoissuunnitelmissa hinnan, asennuksen hankaluuden tai kiinnitt\u00e4misen erikoisuuksien vuoksi. <\/p>\n\n\n\n<p>Yleens\u00e4 sellaisissa tapauksissa riitt\u00e4\u00e4, kun r\u00e4\u00e4t\u00e4l\u00f6i jonkin vakiotuotteen hankkeeseen sopivaksi.   Esimerkkein\u00e4 siit\u00e4 ovat erikoisilla kiinnitysrei\u2019ill\u00e4 varustetut tai erikoisella anodoinnilla pinnoitetut kaideprofiilit.  <\/p>\n\n\n\n<p>Suunnitelmissa esiintyy my\u00f6s sellaisia kiinnitysyksikk\u00f6j\u00e4, joiden tapauksessa pelkk\u00e4 vakiotuotteen muuttaminen ei riit\u00e4, jolloin tuleekin suunnitella erikoisratkaisu.<\/p>\n\n\n<div id=\"acf-block-block_89aa07550fe48b2dc633689411f14347\" class=\" acf-block-element block-bordered\">\n<div class=\"bordered-box text-center\"><img decoding=\"async\" src=\"https:\/\/rfix.eu\/wp-content\/uploads\/2019\/11\/anname-n-u.svg\" class=\"custom-svg\" alt=\"\" \/><h3> Annamme neuvoa suunnitteluvaiheessa, autamme tarkentamaan ty\u00f6suunnitelmia ja valitsemaan sopivia heloja.<\/h3><p>Olemme vuosien mittaan auttaneet sek\u00e4 suunnittelijoita ett\u00e4 rakentajia tuottamaan turvallisia ja kustannustehokkaita lasi-metallirakenteita, ja voimme t\u00e4m\u00e4n kokemuksen pohjalta antaa oikeita suosituksia.<\/p><\/div><\/div>\n\n\n<h2 class=\"wp-block-heading has-text-align-center\"><strong>Ty\u00f6prosessimme<\/strong><\/h2>\n\n\n<div id=\"acf-block-block_d9452e939ab7880f5eb9e12c3e32632f\" class=\"acf-block-element block-iconboxes\">\n<div class=\"gutenberg-iconboxes\"><div class=\"iconbox d-flex flex-wrap\"><div class=\"iconbox-icon\"><div class=\"d-flex flex-wrap align-items-center justify-content-center\"><img decoding=\"async\" src=\"https:\/\/rfix.eu\/wp-content\/uploads\/2019\/11\/samm-1.svg\" class=\"custom-svg\" alt=\"\" \/><\/div><\/div><div class=\"iconbox-content\"><h6 class=\"text-uppercase\">VAIHE 1<\/h6><div class=\"editor-content\"><p>Kartoitamme asiakkaan kanssa helatarpeet suunnitelman piirustusten ja vaatimusten mukaan. Kokeneet asiantuntijamme yritt\u00e4v\u00e4t l\u00f6yt\u00e4\u00e4 ratkaisun, joka on yht\u00e4 aikaa kaunis, turvallinen ja kilpailukykyinen.<\/p>\n<\/div><\/div><\/div><div class=\"iconbox d-flex flex-wrap\"><div class=\"iconbox-icon\"><div class=\"d-flex flex-wrap align-items-center justify-content-center\"><img decoding=\"async\" src=\"https:\/\/rfix.eu\/wp-content\/uploads\/2019\/11\/samm-2.svg\" class=\"custom-svg\" alt=\"\" \/><\/div><\/div><div class=\"iconbox-content\"><h6 class=\"text-uppercase\">VAIHE 2<\/h6><div class=\"editor-content\"><p>Valitsemme sopivat vakiotuotteet tai suunnittelemme hankekohtaiset tuotteet. Valitsemme asiakkaalle kustannustehokkaimmat ratkaisut.<br \/>\nSuunnitteluprosessissa suoritamme lasien ja helojen lujuuslaskelmat ottaen l\u00e4ht\u00f6kohdaksi lasin omapainon ja lasiin vaikuttavat kuormat, kuten k\u00e4ytt\u00f6rasituksen ja tuulikuorman. Hankkeen mutkikkuudesta riippuen teemme sek\u00e4 k\u00e4sinlaskelmia ett\u00e4 FEM (lopullisten elementtien menetelm\u00e4) -laskelmia Autodesk Nastran -ohjelmalla.<\/p>\n<\/div><\/div><\/div><div class=\"iconbox d-flex flex-wrap\"><div class=\"iconbox-icon\"><div class=\"d-flex flex-wrap align-items-center justify-content-center\"><img decoding=\"async\" src=\"https:\/\/rfix.eu\/wp-content\/uploads\/2019\/11\/samm-3.svg\" class=\"custom-svg\" alt=\"\" \/><\/div><\/div><div class=\"iconbox-content\"><h6 class=\"text-uppercase\">VAIHE 3<\/h6><div class=\"editor-content\"><p>Ehdotamme hankkeeseen sopivat kiinnikekokoonpanot ja annamme asiakkaan suunnittelijalle ohjeita, miten h\u00e4n voi k\u00e4ytt\u00e4\u00e4 tuotteitamme suunnitelmassaan oikein.<\/p>\n<\/div><\/div><\/div><div class=\"iconbox d-flex flex-wrap\"><div class=\"iconbox-icon\"><div class=\"d-flex flex-wrap align-items-center justify-content-center\"><img decoding=\"async\" src=\"https:\/\/rfix.eu\/wp-content\/uploads\/2019\/11\/samm-4.svg\" class=\"custom-svg\" alt=\"\" \/><\/div><\/div><div class=\"iconbox-content\"><h6 class=\"text-uppercase\">VAIHE 4<\/h6><div class=\"editor-content\"><p>Valmistamme suunnitelmassa hyv\u00e4ksytyt helat ja tarvittaessa suoritamme laboratoriossa kuormituskokeet varmistaaksemme niiden vaatimustenmukaisuuden.<\/p>\n<\/div><\/div><\/div><div class=\"iconbox d-flex flex-wrap\"><div class=\"iconbox-icon\"><div class=\"d-flex flex-wrap align-items-center justify-content-center\"><img decoding=\"async\" src=\"https:\/\/rfix.eu\/wp-content\/uploads\/2019\/11\/samm-5.svg\" class=\"custom-svg\" alt=\"\" \/><\/div><\/div><div class=\"iconbox-content\"><h6 class=\"text-uppercase\">VAIHE 5<\/h6><div class=\"editor-content\"><p>Toimitamme tuotteet sopimuksen mukaan joko ty\u00f6maalle tai asiakkaan tuotantolaitokselle. Tuotteiden mukana my\u00f6nn\u00e4mme hankkeessa tarvittavat asiakirjat \u2013 suoritustasoilmoitukset ja k\u00e4ytt\u00f6ohjeet.<\/p>\n<\/div><\/div><\/div><div class=\"iconbox d-flex flex-wrap\"><div class=\"iconbox-icon\"><div class=\"d-flex flex-wrap align-items-center justify-content-center\"><img decoding=\"async\" src=\"https:\/\/rfix.eu\/wp-content\/uploads\/2019\/11\/samm-6.svg\" class=\"custom-svg\" alt=\"\" \/><\/div><\/div><div class=\"iconbox-content\"><h6 class=\"text-uppercase\">VAIHE 6<\/h6><div class=\"editor-content\"><p>Olemme aina asiakkaan palveluksessa my\u00f6s myynnin j\u00e4lkeen ja autamme ratkaisemaan mahdollisia ongelmia. <\/p>\n<\/div><\/div><\/div><\/div><\/div>","protected":false},"excerpt":{"rendered":"<p>R-FIX auttaa sinua toteuttamaan mutkikkaita tai suuria hankkeita tarjoamalla teknisi\u00e4 tukipalveluja sek\u00e4 hankekohtaisten tuotteiden suunnittelua ja valmistusta. Usein vakiotuote ei&#8230;<\/p>\n","protected":false},"author":1,"featured_media":0,"parent":0,"menu_order":20,"comment_status":"closed","ping_status":"closed","template":"","meta":{"_acf_changed":false,"inline_featured_image":false,"footnotes":""},"class_list":["post-33037","page","type-page","status-publish","hentry"],"acf":[],"yoast_head":"<!-- This site is optimized with the Yoast SEO plugin v27.2 - https:\/\/yoast.com\/product\/yoast-seo-wordpress\/ -->\n<title>Klaaspiirete, -fassaadide ja -varikatuste erilahendused - R-FIX O\u00dc<\/title>\n<meta name=\"description\" content=\"Anname n\u00f5u projektide koostamise staadiumis, aitame t\u00e4psustada t\u00f6\u00f6projekte ning valida sobivaid kinnitustarvikuid. Loe siit l\u00e4hemalt!\" \/>\n<meta name=\"robots\" content=\"index, follow, max-snippet:-1, max-image-preview:large, max-video-preview:-1\" \/>\n<link rel=\"canonical\" href=\"https:\/\/rfix.eu\/fi\/erikoisratkaisut\/\" \/>\n<meta property=\"og:locale\" content=\"fi_FI\" \/>\n<meta property=\"og:type\" content=\"article\" \/>\n<meta property=\"og:title\" content=\"Klaaspiirete, -fassaadide ja -varikatuste erilahendused - R-FIX O\u00dc\" \/>\n<meta property=\"og:description\" content=\"Anname n\u00f5u projektide koostamise staadiumis, aitame t\u00e4psustada t\u00f6\u00f6projekte ning valida sobivaid kinnitustarvikuid. Loe siit l\u00e4hemalt!\" \/>\n<meta property=\"og:url\" content=\"https:\/\/rfix.eu\/fi\/erikoisratkaisut\/\" \/>\n<meta property=\"og:site_name\" content=\"Rfix.eu\" \/>\n<meta property=\"article:modified_time\" content=\"2024-09-16T07:50:20+00:00\" \/>\n<meta name=\"twitter:card\" content=\"summary_large_image\" \/>\n<meta name=\"twitter:label1\" content=\"Arvioitu lukuaika\" \/>\n\t<meta name=\"twitter:data1\" content=\"1 minuutti\" \/>\n<script type=\"application\/ld+json\" class=\"yoast-schema-graph\">{\"@context\":\"https:\/\/schema.org\",\"@graph\":[{\"@type\":\"WebPage\",\"@id\":\"https:\/\/rfix.eu\/fi\/erikoisratkaisut\/\",\"url\":\"https:\/\/rfix.eu\/fi\/erikoisratkaisut\/\",\"name\":\"Klaaspiirete, -fassaadide ja -varikatuste erilahendused - R-FIX O\u00dc\",\"isPartOf\":{\"@id\":\"https:\/\/rfix.eu\/#website\"},\"datePublished\":\"2019-11-11T07:42:12+00:00\",\"dateModified\":\"2024-09-16T07:50:20+00:00\",\"description\":\"Anname n\u00f5u projektide koostamise staadiumis, aitame t\u00e4psustada t\u00f6\u00f6projekte ning valida sobivaid kinnitustarvikuid. Loe siit l\u00e4hemalt!\",\"breadcrumb\":{\"@id\":\"https:\/\/rfix.eu\/fi\/erikoisratkaisut\/#breadcrumb\"},\"inLanguage\":\"fi\",\"potentialAction\":[{\"@type\":\"ReadAction\",\"target\":[\"https:\/\/rfix.eu\/fi\/erikoisratkaisut\/\"]}]},{\"@type\":\"BreadcrumbList\",\"@id\":\"https:\/\/rfix.eu\/fi\/erikoisratkaisut\/#breadcrumb\",\"itemListElement\":[{\"@type\":\"ListItem\",\"position\":1,\"name\":\"Home\",\"item\":\"https:\/\/rfix.eu\/fi\/\"},{\"@type\":\"ListItem\",\"position\":2,\"name\":\"Erikoisratkaisut\"}]},{\"@type\":\"WebSite\",\"@id\":\"https:\/\/rfix.eu\/#website\",\"url\":\"https:\/\/rfix.eu\/\",\"name\":\"Rfix.eu\",\"description\":\"Roostevabast terasest kinnitustarvikud professionaalile R-FIX Klaasikinnituste tootja: klaasikinnitused, klaaspiirded, t\u00f5mbid\",\"potentialAction\":[{\"@type\":\"SearchAction\",\"target\":{\"@type\":\"EntryPoint\",\"urlTemplate\":\"https:\/\/rfix.eu\/?s={search_term_string}\"},\"query-input\":{\"@type\":\"PropertyValueSpecification\",\"valueRequired\":true,\"valueName\":\"search_term_string\"}}],\"inLanguage\":\"fi\"}]}<\/script>\n<!-- \/ Yoast SEO plugin. -->","yoast_head_json":{"title":"Klaaspiirete, -fassaadide ja -varikatuste erilahendused - R-FIX O\u00dc","description":"Anname n\u00f5u projektide koostamise staadiumis, aitame t\u00e4psustada t\u00f6\u00f6projekte ning valida sobivaid kinnitustarvikuid. Loe siit l\u00e4hemalt!","robots":{"index":"index","follow":"follow","max-snippet":"max-snippet:-1","max-image-preview":"max-image-preview:large","max-video-preview":"max-video-preview:-1"},"canonical":"https:\/\/rfix.eu\/fi\/erikoisratkaisut\/","og_locale":"fi_FI","og_type":"article","og_title":"Klaaspiirete, -fassaadide ja -varikatuste erilahendused - R-FIX O\u00dc","og_description":"Anname n\u00f5u projektide koostamise staadiumis, aitame t\u00e4psustada t\u00f6\u00f6projekte ning valida sobivaid kinnitustarvikuid. Loe siit l\u00e4hemalt!","og_url":"https:\/\/rfix.eu\/fi\/erikoisratkaisut\/","og_site_name":"Rfix.eu","article_modified_time":"2024-09-16T07:50:20+00:00","twitter_card":"summary_large_image","twitter_misc":{"Arvioitu lukuaika":"1 minuutti"},"schema":{"@context":"https:\/\/schema.org","@graph":[{"@type":"WebPage","@id":"https:\/\/rfix.eu\/fi\/erikoisratkaisut\/","url":"https:\/\/rfix.eu\/fi\/erikoisratkaisut\/","name":"Klaaspiirete, -fassaadide ja -varikatuste erilahendused - R-FIX O\u00dc","isPartOf":{"@id":"https:\/\/rfix.eu\/#website"},"datePublished":"2019-11-11T07:42:12+00:00","dateModified":"2024-09-16T07:50:20+00:00","description":"Anname n\u00f5u projektide koostamise staadiumis, aitame t\u00e4psustada t\u00f6\u00f6projekte ning valida sobivaid kinnitustarvikuid. Loe siit l\u00e4hemalt!","breadcrumb":{"@id":"https:\/\/rfix.eu\/fi\/erikoisratkaisut\/#breadcrumb"},"inLanguage":"fi","potentialAction":[{"@type":"ReadAction","target":["https:\/\/rfix.eu\/fi\/erikoisratkaisut\/"]}]},{"@type":"BreadcrumbList","@id":"https:\/\/rfix.eu\/fi\/erikoisratkaisut\/#breadcrumb","itemListElement":[{"@type":"ListItem","position":1,"name":"Home","item":"https:\/\/rfix.eu\/fi\/"},{"@type":"ListItem","position":2,"name":"Erikoisratkaisut"}]},{"@type":"WebSite","@id":"https:\/\/rfix.eu\/#website","url":"https:\/\/rfix.eu\/","name":"Rfix.eu","description":"Roostevabast terasest kinnitustarvikud professionaalile R-FIX Klaasikinnituste tootja: klaasikinnitused, klaaspiirded, t\u00f5mbid","potentialAction":[{"@type":"SearchAction","target":{"@type":"EntryPoint","urlTemplate":"https:\/\/rfix.eu\/?s={search_term_string}"},"query-input":{"@type":"PropertyValueSpecification","valueRequired":true,"valueName":"search_term_string"}}],"inLanguage":"fi"}]}},"_links":{"self":[{"href":"https:\/\/rfix.eu\/fi\/wp-json\/wp\/v2\/pages\/33037","targetHints":{"allow":["GET"]}}],"collection":[{"href":"https:\/\/rfix.eu\/fi\/wp-json\/wp\/v2\/pages"}],"about":[{"href":"https:\/\/rfix.eu\/fi\/wp-json\/wp\/v2\/types\/page"}],"author":[{"embeddable":true,"href":"https:\/\/rfix.eu\/fi\/wp-json\/wp\/v2\/users\/1"}],"replies":[{"embeddable":true,"href":"https:\/\/rfix.eu\/fi\/wp-json\/wp\/v2\/comments?post=33037"}],"version-history":[{"count":2,"href":"https:\/\/rfix.eu\/fi\/wp-json\/wp\/v2\/pages\/33037\/revisions"}],"predecessor-version":[{"id":127695,"href":"https:\/\/rfix.eu\/fi\/wp-json\/wp\/v2\/pages\/33037\/revisions\/127695"}],"wp:attachment":[{"href":"https:\/\/rfix.eu\/fi\/wp-json\/wp\/v2\/media?parent=33037"}],"curies":[{"name":"wp","href":"https:\/\/api.w.org\/{rel}","templated":true}]}}