{"id":32996,"date":"2019-11-11T12:56:07","date_gmt":"2019-11-11T10:56:07","guid":{"rendered":"https:\/\/rfix.eu\/kalkulaator\/"},"modified":"2023-05-18T09:57:50","modified_gmt":"2023-05-18T06:57:50","slug":"laskuri","status":"publish","type":"page","link":"https:\/\/rfix.eu\/fi\/laskuri\/","title":{"rendered":"Lasikaiteen lasin paksuuden laskuri"},"content":{"rendered":"\n<p>Oikea lasin mitoitus on turvallisuussyist\u00e4 eritt\u00e4in t\u00e4rke\u00e4\u00e4, koska lasin paksuudesta riippuu kaiteen lujuus. Usein lasin paksuuden laskenta tuottaa kuitenkin rakentajille ja suunnittelijoille ongelmia, koska se vaatii erikoistietoa ja kokemuksia. T\u00e4st\u00e4 l\u00f6yd\u00e4t kokolasikaiteen lasin paksuuden laskurin, joka koskee GP- ja GPR-profiilij\u00e4rjestelmiemme k\u00e4ytt\u00f6\u00e4.<\/p>\n\n\n<div id=\"acf-block-block_8aebbfc9e71fba0a052d6781737c3f9a\" class=\"acf-block-narrow acf-block-element block-calculator\">\n    <div class=\"calculator-content\"><p class=\"text-center\"><strong>Valitse lasikaiteen korkeus (profiilin + lasin korkeus) ja suunnitelmassa vaadittu kaiteen viivakuorma, ja saat tiet\u00e4\u00e4 tarvittavan lasin paksuuden:<\/strong><\/p><form class=\"calculator_form\"><div class=\"row row-form\"><div class=\"col-12 col-md-6\"><fieldset><legend>Lasikaiteen korkeus<\/legend><div class=\"form-group\"><select required class=\"form-control\" id=\"rfix_calculator_korgus\"><option value=\"\">Valitse korkeus<\/option>    <option value=\"800\">800 mm<\/option>\n    <option value=\"900\">900 mm<\/option>\n    <option value=\"1000\">1000 mm<\/option>\n    <option value=\"1100\">1100 mm<\/option>\n    <option value=\"1200\">1200 mm<\/option>\n    <option value=\"1300\">1300 mm<\/option>\n    <option value=\"1400\">1400 mm<\/option>\n    <option value=\"1500\">1500 mm<\/option>\n    <\/select><\/div><\/fieldset><\/div><div class=\"col-12 col-md-6\"><fieldset><legend>Viivakuormitus <\/legend><div class=\"form-group\"><select required class=\"form-control\" id=\"rfix_calculator_joonkoormus\"><option value=\"\">Valitse viivakuormitus <\/option>    <option value=\"0.5\">0.5 kN\/m<\/option>\n    <option value=\"1\">1 kN\/m<\/option>\n    <option value=\"1.5\">1.5 kN\/m<\/option>\n    <option value=\"3\">3 kN\/m<\/option>\n    <\/select><\/div><\/fieldset><\/div><div class=\"col-12 text-center\"><button type=\"submit\" class=\"btn btn-primary\">Laske<svg xmlns=\"http:\/\/www.w3.org\/2000\/svg\" width=\"32\" height=\"16\" viewBox=\"0 0 32 16\"><path fill=\"#fff\" fill-rule=\"nonzero\" d=\"M27.967 3.773l3.81 3.703a.726.726 0 0 1 0 1.048l-3.81 3.703a.777.777 0 0 1-1.077 0 .726.726 0 0 1 0-1.047l2.539-2.47L1.6 8.712a.711.711 0 1 1 0-1.422h27.829l-2.54-2.469a.726.726 0 0 1 0-1.047.777.777 0 0 1 1.078 0z\"><\/path><\/svg><\/button><\/div><\/div><\/form><\/div><div class=\"bordered-box text-center\" style=\"display:none;\"><h3>Laskentatulos<\/h3><p id=\"rfix_calculator_result\">Vastavalt piirde k\u00f5rgusele ja joonkoormusele peab karastatud-lamineeritud klaasi paksus olema 5+5 mm ja ainult karastatud klaasi paksus 10 mm.<\/p><\/div><\/div>\n\n\n<p>Lasin paksuus on laskettu EN 16612:2019 -standardin sallimien taipumaj\u00e4nnitysten mukaan FEA-menetelm\u00e4ll\u00e4. Laskettaessa ei ole huomioitu lasikaiteen suurinta sallittua taipumaa, joka saattaa sis\u00e4lty\u00e4 joidenkin maiden rakentamism\u00e4\u00e4r\u00e4yksiin.<\/p>\n","protected":false},"excerpt":{"rendered":"<p>Oikea lasin mitoitus on turvallisuussyist\u00e4 eritt\u00e4in t\u00e4rke\u00e4\u00e4, koska lasin paksuudesta riippuu kaiteen lujuus. Usein lasin paksuuden laskenta tuottaa kuitenkin rakentajille&#8230;<\/p>\n","protected":false},"author":1,"featured_media":0,"parent":0,"menu_order":40,"comment_status":"closed","ping_status":"closed","template":"","meta":{"_acf_changed":false,"inline_featured_image":false,"footnotes":""},"class_list":["post-32996","page","type-page","status-publish","hentry"],"acf":[],"yoast_head":"<!-- This site is optimized with the Yoast SEO plugin v27.2 - https:\/\/yoast.com\/product\/yoast-seo-wordpress\/ -->\n<title>Klaasi paksuse kalkulaator - R-FIX O\u00dc<\/title>\n<meta name=\"description\" content=\"Siit leiate t\u00e4isklaaspiirde klaasi paksuse arvutamise kalkulaatori, mis on kehtiv meie GP profiili s\u00fcsteemiga.\" \/>\n<meta name=\"robots\" content=\"index, follow, max-snippet:-1, max-image-preview:large, max-video-preview:-1\" \/>\n<link rel=\"canonical\" href=\"https:\/\/rfix.eu\/kalkulaator\/\" \/>\n<meta property=\"og:locale\" content=\"fi_FI\" \/>\n<meta property=\"og:type\" content=\"article\" \/>\n<meta property=\"og:title\" content=\"Klaasi paksuse kalkulaator - R-FIX O\u00dc\" \/>\n<meta property=\"og:description\" content=\"Siit leiate t\u00e4isklaaspiirde klaasi paksuse arvutamise kalkulaatori, mis on kehtiv meie GP profiili s\u00fcsteemiga.\" \/>\n<meta property=\"og:url\" content=\"https:\/\/rfix.eu\/kalkulaator\/\" \/>\n<meta property=\"og:site_name\" content=\"Rfix.eu\" \/>\n<meta property=\"article:modified_time\" content=\"2023-05-18T06:57:50+00:00\" \/>\n<meta name=\"twitter:card\" content=\"summary_large_image\" \/>\n<meta name=\"twitter:label1\" content=\"Arvioitu lukuaika\" \/>\n\t<meta name=\"twitter:data1\" content=\"1 minuutti\" \/>\n<script type=\"application\/ld+json\" class=\"yoast-schema-graph\">{\"@context\":\"https:\/\/schema.org\",\"@graph\":[{\"@type\":\"WebPage\",\"@id\":\"https:\/\/rfix.eu\/kalkulaator\/\",\"url\":\"https:\/\/rfix.eu\/kalkulaator\/\",\"name\":\"Klaasi paksuse kalkulaator - R-FIX O\u00dc\",\"isPartOf\":{\"@id\":\"https:\/\/rfix.eu\/#website\"},\"datePublished\":\"2019-11-11T10:56:07+00:00\",\"dateModified\":\"2023-05-18T06:57:50+00:00\",\"description\":\"Siit leiate t\u00e4isklaaspiirde klaasi paksuse arvutamise kalkulaatori, mis on kehtiv meie GP profiili s\u00fcsteemiga.\",\"breadcrumb\":{\"@id\":\"https:\/\/rfix.eu\/kalkulaator\/#breadcrumb\"},\"inLanguage\":\"fi\",\"potentialAction\":[{\"@type\":\"ReadAction\",\"target\":[\"https:\/\/rfix.eu\/kalkulaator\/\"]}]},{\"@type\":\"BreadcrumbList\",\"@id\":\"https:\/\/rfix.eu\/kalkulaator\/#breadcrumb\",\"itemListElement\":[{\"@type\":\"ListItem\",\"position\":1,\"name\":\"Home\",\"item\":\"https:\/\/rfix.eu\/fi\/\"},{\"@type\":\"ListItem\",\"position\":2,\"name\":\"Lasikaiteen lasin paksuuden laskuri\"}]},{\"@type\":\"WebSite\",\"@id\":\"https:\/\/rfix.eu\/#website\",\"url\":\"https:\/\/rfix.eu\/\",\"name\":\"Rfix.eu\",\"description\":\"Roostevabast terasest kinnitustarvikud professionaalile R-FIX Klaasikinnituste tootja: klaasikinnitused, klaaspiirded, t\u00f5mbid\",\"potentialAction\":[{\"@type\":\"SearchAction\",\"target\":{\"@type\":\"EntryPoint\",\"urlTemplate\":\"https:\/\/rfix.eu\/?s={search_term_string}\"},\"query-input\":{\"@type\":\"PropertyValueSpecification\",\"valueRequired\":true,\"valueName\":\"search_term_string\"}}],\"inLanguage\":\"fi\"}]}<\/script>\n<!-- \/ Yoast SEO plugin. -->","yoast_head_json":{"title":"Klaasi paksuse kalkulaator - R-FIX O\u00dc","description":"Siit leiate t\u00e4isklaaspiirde klaasi paksuse arvutamise kalkulaatori, mis on kehtiv meie GP profiili s\u00fcsteemiga.","robots":{"index":"index","follow":"follow","max-snippet":"max-snippet:-1","max-image-preview":"max-image-preview:large","max-video-preview":"max-video-preview:-1"},"canonical":"https:\/\/rfix.eu\/kalkulaator\/","og_locale":"fi_FI","og_type":"article","og_title":"Klaasi paksuse kalkulaator - R-FIX O\u00dc","og_description":"Siit leiate t\u00e4isklaaspiirde klaasi paksuse arvutamise kalkulaatori, mis on kehtiv meie GP profiili s\u00fcsteemiga.","og_url":"https:\/\/rfix.eu\/kalkulaator\/","og_site_name":"Rfix.eu","article_modified_time":"2023-05-18T06:57:50+00:00","twitter_card":"summary_large_image","twitter_misc":{"Arvioitu lukuaika":"1 minuutti"},"schema":{"@context":"https:\/\/schema.org","@graph":[{"@type":"WebPage","@id":"https:\/\/rfix.eu\/kalkulaator\/","url":"https:\/\/rfix.eu\/kalkulaator\/","name":"Klaasi paksuse kalkulaator - R-FIX O\u00dc","isPartOf":{"@id":"https:\/\/rfix.eu\/#website"},"datePublished":"2019-11-11T10:56:07+00:00","dateModified":"2023-05-18T06:57:50+00:00","description":"Siit leiate t\u00e4isklaaspiirde klaasi paksuse arvutamise kalkulaatori, mis on kehtiv meie GP profiili s\u00fcsteemiga.","breadcrumb":{"@id":"https:\/\/rfix.eu\/kalkulaator\/#breadcrumb"},"inLanguage":"fi","potentialAction":[{"@type":"ReadAction","target":["https:\/\/rfix.eu\/kalkulaator\/"]}]},{"@type":"BreadcrumbList","@id":"https:\/\/rfix.eu\/kalkulaator\/#breadcrumb","itemListElement":[{"@type":"ListItem","position":1,"name":"Home","item":"https:\/\/rfix.eu\/fi\/"},{"@type":"ListItem","position":2,"name":"Lasikaiteen lasin paksuuden laskuri"}]},{"@type":"WebSite","@id":"https:\/\/rfix.eu\/#website","url":"https:\/\/rfix.eu\/","name":"Rfix.eu","description":"Roostevabast terasest kinnitustarvikud professionaalile R-FIX Klaasikinnituste tootja: klaasikinnitused, klaaspiirded, t\u00f5mbid","potentialAction":[{"@type":"SearchAction","target":{"@type":"EntryPoint","urlTemplate":"https:\/\/rfix.eu\/?s={search_term_string}"},"query-input":{"@type":"PropertyValueSpecification","valueRequired":true,"valueName":"search_term_string"}}],"inLanguage":"fi"}]}},"_links":{"self":[{"href":"https:\/\/rfix.eu\/fi\/wp-json\/wp\/v2\/pages\/32996","targetHints":{"allow":["GET"]}}],"collection":[{"href":"https:\/\/rfix.eu\/fi\/wp-json\/wp\/v2\/pages"}],"about":[{"href":"https:\/\/rfix.eu\/fi\/wp-json\/wp\/v2\/types\/page"}],"author":[{"embeddable":true,"href":"https:\/\/rfix.eu\/fi\/wp-json\/wp\/v2\/users\/1"}],"replies":[{"embeddable":true,"href":"https:\/\/rfix.eu\/fi\/wp-json\/wp\/v2\/comments?post=32996"}],"version-history":[{"count":0,"href":"https:\/\/rfix.eu\/fi\/wp-json\/wp\/v2\/pages\/32996\/revisions"}],"wp:attachment":[{"href":"https:\/\/rfix.eu\/fi\/wp-json\/wp\/v2\/media?parent=32996"}],"curies":[{"name":"wp","href":"https:\/\/api.w.org\/{rel}","templated":true}]}}