{"id":130344,"date":"2025-03-03T12:25:00","date_gmt":"2025-03-03T10:25:00","guid":{"rendered":"https:\/\/rfix.eu\/?page_id=130344"},"modified":"2025-03-11T13:19:07","modified_gmt":"2025-03-11T11:19:07","slug":"konfiguraattori","status":"publish","type":"page","link":"https:\/\/rfix.eu\/fi\/konfiguraattori\/","title":{"rendered":"Konfiguraattori"},"content":{"rendered":"\n<p>Painamalla alla olevaa linkki\u00e4 p\u00e4\u00e4set uuten konfiguraattoriimme, jossa p\u00e4\u00e4set suunnittelemaan juuri sinun tarpeitasi vastaavan lasikaiteen. Tulemme lis\u00e4\u00e4m\u00e4\u00e4n konfiguraattoriimme mahdollisimman pian my\u00f6s muita suosittuja tuotteitamme.<\/p>\n\n\n\n<div class=\"wp-block-buttons is-content-justification-center is-layout-flex wp-container-core-buttons-is-layout-16018d1d wp-block-buttons-is-layout-flex\">\n<div class=\"wp-block-button\"><a class=\"wp-block-button__link wp-element-button\" href=\"https:\/\/rfix-configure.web.app\/configurator?lang=fi\" target=\"_blank\" rel=\"noreferrer noopener\">Siirry konfiguraattoriin painamalla T\u00c4ST\u00c4<\/a><\/div>\n<\/div>\n\n\n\n<p>Uskomme, ett\u00e4 kyseess\u00e4 on markkinoiden paras kaidekonfiguraattori, joka auttaa s\u00e4\u00e4st\u00e4m\u00e4\u00e4n asiakkaidemme arvokasta aikaa ja visualisoimaan lopputuloksen fotorealistisella tasolla. Vaikka olemme testanneet konfiguraattoriamme lukemattomia tunteja, niin uusi ohjelmisto saattaa joskus tuoda tuttuun tapaan mukanaan my\u00f6s yll\u00e4tyksi\u00e4. Pyyd\u00e4mme siis malttia uuden asian \u00e4\u00e4rell\u00e4.<\/p>\n\n\n\n<p>Konfiguraattorin k\u00e4ytt\u00f6 onnistuu niin vieraana kuin my\u00f6s kirjautuneena kanta-asiakkaana.<\/p>\n\n\n\n<ul class=\"wp-block-list\">\n<li><strong>Vieraana<\/strong> pystyt konfiguroimaan kaiteen ja l\u00e4hett\u00e4m\u00e4\u00e4n sen meille tarjouspyynt\u00f6n\u00e4. Et kuitenkaan n\u00e4e hintoja, etk\u00e4 voi tallentaa ja palata projekteihin en\u00e4\u00e4 my\u00f6hemmin.<\/li>\n\n\n\n<li><strong>Sis\u00e4\u00e4nkirjautuneena kanta-asiakkaana<\/strong> n\u00e4et reaaliaikaisesti konfiguroinnin mukaan p\u00e4ivittyv\u00e4n hinnan koko projektillesi. Lis\u00e4ksi voit tallentaa luodut projektit my\u00f6hemp\u00e4\u00e4 muokkausta ja tarkastelua varten. Konfiguraattorissa toimii sama k\u00e4ytt\u00e4j\u00e4tunnus ja salasana kuin meid\u00e4n j\u00e4lleenmyyjille tarkoitetussa verkkokaupassa. Mik\u00e4li et ole viel\u00e4 rekister\u00f6itynyt kanta-asiakkaaksemme ja haluat ryhty\u00e4 R-FIXin j\u00e4lleenmyyj\u00e4ksi, niin voit luoda tilin ja l\u00e4hett\u00e4\u00e4 hakemuslomakkeen <a href=\"https:\/\/rfix.eu\/fi\/kanta-asiakkaalle\/\">rekister\u00f6itymis-sivullamme<\/a>.<\/li>\n<\/ul>\n\n\n\n<p>Toivotamme mukavaa k\u00e4ytt\u00f6kokemusta tuotteidemme parissa ja otathan rohkeasti yhteytt\u00e4, mik\u00e4li jotain kysytt\u00e4v\u00e4\u00e4 her\u00e4\u00e4!<\/p>\n\n\n\n<p><em>Konfiguraattori on saanut Euroopan unionin NextGenerationEU kehysrahoitusta.<\/em><\/p>\n\n\n\n<figure class=\"wp-block-image size-full\"><img loading=\"lazy\" decoding=\"async\" width=\"914\" height=\"692\" src=\"https:\/\/rfix.eu\/wp-content\/uploads\/2025\/03\/kaidekonfiguraattori-NextGenerationEU.jpg\" alt=\"lasikaidekonfiguraattori-NextGenerationEU\" class=\"wp-image-130435\" srcset=\"https:\/\/rfix.eu\/wp-content\/uploads\/2025\/03\/kaidekonfiguraattori-NextGenerationEU.jpg 914w, https:\/\/rfix.eu\/wp-content\/uploads\/2025\/03\/kaidekonfiguraattori-NextGenerationEU-768x581.jpg 768w, https:\/\/rfix.eu\/wp-content\/uploads\/2025\/03\/kaidekonfiguraattori-NextGenerationEU-64x48.jpg 64w\" sizes=\"auto, (max-width: 914px) 100vw, 914px\" \/><\/figure>\n","protected":false},"excerpt":{"rendered":"<p>Painamalla alla olevaa linkki\u00e4 p\u00e4\u00e4set uuten konfiguraattoriimme, jossa p\u00e4\u00e4set suunnittelemaan juuri sinun tarpeitasi vastaavan lasikaiteen. Tulemme lis\u00e4\u00e4m\u00e4\u00e4n konfiguraattoriimme mahdollisimman pian&#8230;<\/p>\n","protected":false},"author":363,"featured_media":0,"parent":0,"menu_order":0,"comment_status":"closed","ping_status":"closed","template":"","meta":{"_acf_changed":false,"inline_featured_image":false,"footnotes":""},"class_list":["post-130344","page","type-page","status-publish","hentry"],"acf":[],"yoast_head":"<!-- This site is optimized with the Yoast SEO plugin v27.2 - https:\/\/yoast.com\/product\/yoast-seo-wordpress\/ -->\n<title>Konfiguraattori - Rfix.eu<\/title>\n<meta name=\"description\" content=\"R-FIXin Kaidekonfiguraattori. Kokeille uutta helppok\u00e4ytt\u00f6ist\u00e4 ty\u00f6kalua kustomoidun projektisi visualisoimiseksi 3D:n\u00e4!\" \/>\n<meta name=\"robots\" content=\"index, follow, max-snippet:-1, max-image-preview:large, max-video-preview:-1\" \/>\n<link rel=\"canonical\" href=\"https:\/\/rfix.eu\/fi\/konfiguraattori\/\" \/>\n<meta property=\"og:locale\" content=\"fi_FI\" \/>\n<meta property=\"og:type\" content=\"article\" \/>\n<meta property=\"og:title\" content=\"Konfiguraattori - Rfix.eu\" \/>\n<meta property=\"og:description\" content=\"R-FIXin Kaidekonfiguraattori. Kokeille uutta helppok\u00e4ytt\u00f6ist\u00e4 ty\u00f6kalua kustomoidun projektisi visualisoimiseksi 3D:n\u00e4!\" \/>\n<meta property=\"og:url\" content=\"https:\/\/rfix.eu\/fi\/konfiguraattori\/\" \/>\n<meta property=\"og:site_name\" content=\"Rfix.eu\" \/>\n<meta property=\"article:modified_time\" content=\"2025-03-11T11:19:07+00:00\" \/>\n<meta property=\"og:image\" content=\"https:\/\/rfix.eu\/wp-content\/uploads\/2025\/03\/kaidekonfiguraattori-NextGenerationEU.jpg\" \/>\n\t<meta property=\"og:image:width\" content=\"914\" \/>\n\t<meta property=\"og:image:height\" content=\"692\" \/>\n\t<meta property=\"og:image:type\" content=\"image\/jpeg\" \/>\n<meta name=\"twitter:card\" content=\"summary_large_image\" \/>\n<meta name=\"twitter:label1\" content=\"Arvioitu lukuaika\" \/>\n\t<meta name=\"twitter:data1\" content=\"1 minuutti\" \/>\n<script type=\"application\/ld+json\" class=\"yoast-schema-graph\">{\"@context\":\"https:\/\/schema.org\",\"@graph\":[{\"@type\":\"WebPage\",\"@id\":\"https:\/\/rfix.eu\/fi\/konfiguraattori\/\",\"url\":\"https:\/\/rfix.eu\/fi\/konfiguraattori\/\",\"name\":\"Konfiguraattori - Rfix.eu\",\"isPartOf\":{\"@id\":\"https:\/\/rfix.eu\/#website\"},\"primaryImageOfPage\":{\"@id\":\"https:\/\/rfix.eu\/fi\/konfiguraattori\/#primaryimage\"},\"image\":{\"@id\":\"https:\/\/rfix.eu\/fi\/konfiguraattori\/#primaryimage\"},\"thumbnailUrl\":\"https:\/\/rfix.eu\/wp-content\/uploads\/2025\/03\/kaidekonfiguraattori-NextGenerationEU.jpg\",\"datePublished\":\"2025-03-03T10:25:00+00:00\",\"dateModified\":\"2025-03-11T11:19:07+00:00\",\"description\":\"R-FIXin Kaidekonfiguraattori. Kokeille uutta helppok\u00e4ytt\u00f6ist\u00e4 ty\u00f6kalua kustomoidun projektisi visualisoimiseksi 3D:n\u00e4!\",\"breadcrumb\":{\"@id\":\"https:\/\/rfix.eu\/fi\/konfiguraattori\/#breadcrumb\"},\"inLanguage\":\"fi\",\"potentialAction\":[{\"@type\":\"ReadAction\",\"target\":[\"https:\/\/rfix.eu\/fi\/konfiguraattori\/\"]}]},{\"@type\":\"ImageObject\",\"inLanguage\":\"fi\",\"@id\":\"https:\/\/rfix.eu\/fi\/konfiguraattori\/#primaryimage\",\"url\":\"https:\/\/rfix.eu\/wp-content\/uploads\/2025\/03\/kaidekonfiguraattori-NextGenerationEU.jpg\",\"contentUrl\":\"https:\/\/rfix.eu\/wp-content\/uploads\/2025\/03\/kaidekonfiguraattori-NextGenerationEU.jpg\"},{\"@type\":\"BreadcrumbList\",\"@id\":\"https:\/\/rfix.eu\/fi\/konfiguraattori\/#breadcrumb\",\"itemListElement\":[{\"@type\":\"ListItem\",\"position\":1,\"name\":\"Home\",\"item\":\"https:\/\/rfix.eu\/fi\/\"},{\"@type\":\"ListItem\",\"position\":2,\"name\":\"Konfiguraattori\"}]},{\"@type\":\"WebSite\",\"@id\":\"https:\/\/rfix.eu\/#website\",\"url\":\"https:\/\/rfix.eu\/\",\"name\":\"Rfix.eu\",\"description\":\"Roostevabast terasest kinnitustarvikud professionaalile R-FIX Klaasikinnituste tootja: klaasikinnitused, klaaspiirded, t\u00f5mbid\",\"potentialAction\":[{\"@type\":\"SearchAction\",\"target\":{\"@type\":\"EntryPoint\",\"urlTemplate\":\"https:\/\/rfix.eu\/?s={search_term_string}\"},\"query-input\":{\"@type\":\"PropertyValueSpecification\",\"valueRequired\":true,\"valueName\":\"search_term_string\"}}],\"inLanguage\":\"fi\"}]}<\/script>\n<!-- \/ Yoast SEO plugin. -->","yoast_head_json":{"title":"Konfiguraattori - Rfix.eu","description":"R-FIXin Kaidekonfiguraattori. Kokeille uutta helppok\u00e4ytt\u00f6ist\u00e4 ty\u00f6kalua kustomoidun projektisi visualisoimiseksi 3D:n\u00e4!","robots":{"index":"index","follow":"follow","max-snippet":"max-snippet:-1","max-image-preview":"max-image-preview:large","max-video-preview":"max-video-preview:-1"},"canonical":"https:\/\/rfix.eu\/fi\/konfiguraattori\/","og_locale":"fi_FI","og_type":"article","og_title":"Konfiguraattori - Rfix.eu","og_description":"R-FIXin Kaidekonfiguraattori. Kokeille uutta helppok\u00e4ytt\u00f6ist\u00e4 ty\u00f6kalua kustomoidun projektisi visualisoimiseksi 3D:n\u00e4!","og_url":"https:\/\/rfix.eu\/fi\/konfiguraattori\/","og_site_name":"Rfix.eu","article_modified_time":"2025-03-11T11:19:07+00:00","og_image":[{"width":914,"height":692,"url":"https:\/\/rfix.eu\/wp-content\/uploads\/2025\/03\/kaidekonfiguraattori-NextGenerationEU.jpg","type":"image\/jpeg"}],"twitter_card":"summary_large_image","twitter_misc":{"Arvioitu lukuaika":"1 minuutti"},"schema":{"@context":"https:\/\/schema.org","@graph":[{"@type":"WebPage","@id":"https:\/\/rfix.eu\/fi\/konfiguraattori\/","url":"https:\/\/rfix.eu\/fi\/konfiguraattori\/","name":"Konfiguraattori - Rfix.eu","isPartOf":{"@id":"https:\/\/rfix.eu\/#website"},"primaryImageOfPage":{"@id":"https:\/\/rfix.eu\/fi\/konfiguraattori\/#primaryimage"},"image":{"@id":"https:\/\/rfix.eu\/fi\/konfiguraattori\/#primaryimage"},"thumbnailUrl":"https:\/\/rfix.eu\/wp-content\/uploads\/2025\/03\/kaidekonfiguraattori-NextGenerationEU.jpg","datePublished":"2025-03-03T10:25:00+00:00","dateModified":"2025-03-11T11:19:07+00:00","description":"R-FIXin Kaidekonfiguraattori. Kokeille uutta helppok\u00e4ytt\u00f6ist\u00e4 ty\u00f6kalua kustomoidun projektisi visualisoimiseksi 3D:n\u00e4!","breadcrumb":{"@id":"https:\/\/rfix.eu\/fi\/konfiguraattori\/#breadcrumb"},"inLanguage":"fi","potentialAction":[{"@type":"ReadAction","target":["https:\/\/rfix.eu\/fi\/konfiguraattori\/"]}]},{"@type":"ImageObject","inLanguage":"fi","@id":"https:\/\/rfix.eu\/fi\/konfiguraattori\/#primaryimage","url":"https:\/\/rfix.eu\/wp-content\/uploads\/2025\/03\/kaidekonfiguraattori-NextGenerationEU.jpg","contentUrl":"https:\/\/rfix.eu\/wp-content\/uploads\/2025\/03\/kaidekonfiguraattori-NextGenerationEU.jpg"},{"@type":"BreadcrumbList","@id":"https:\/\/rfix.eu\/fi\/konfiguraattori\/#breadcrumb","itemListElement":[{"@type":"ListItem","position":1,"name":"Home","item":"https:\/\/rfix.eu\/fi\/"},{"@type":"ListItem","position":2,"name":"Konfiguraattori"}]},{"@type":"WebSite","@id":"https:\/\/rfix.eu\/#website","url":"https:\/\/rfix.eu\/","name":"Rfix.eu","description":"Roostevabast terasest kinnitustarvikud professionaalile R-FIX Klaasikinnituste tootja: klaasikinnitused, klaaspiirded, t\u00f5mbid","potentialAction":[{"@type":"SearchAction","target":{"@type":"EntryPoint","urlTemplate":"https:\/\/rfix.eu\/?s={search_term_string}"},"query-input":{"@type":"PropertyValueSpecification","valueRequired":true,"valueName":"search_term_string"}}],"inLanguage":"fi"}]}},"_links":{"self":[{"href":"https:\/\/rfix.eu\/fi\/wp-json\/wp\/v2\/pages\/130344","targetHints":{"allow":["GET"]}}],"collection":[{"href":"https:\/\/rfix.eu\/fi\/wp-json\/wp\/v2\/pages"}],"about":[{"href":"https:\/\/rfix.eu\/fi\/wp-json\/wp\/v2\/types\/page"}],"author":[{"embeddable":true,"href":"https:\/\/rfix.eu\/fi\/wp-json\/wp\/v2\/users\/363"}],"replies":[{"embeddable":true,"href":"https:\/\/rfix.eu\/fi\/wp-json\/wp\/v2\/comments?post=130344"}],"version-history":[{"count":2,"href":"https:\/\/rfix.eu\/fi\/wp-json\/wp\/v2\/pages\/130344\/revisions"}],"predecessor-version":[{"id":130440,"href":"https:\/\/rfix.eu\/fi\/wp-json\/wp\/v2\/pages\/130344\/revisions\/130440"}],"wp:attachment":[{"href":"https:\/\/rfix.eu\/fi\/wp-json\/wp\/v2\/media?parent=130344"}],"curies":[{"name":"wp","href":"https:\/\/api.w.org\/{rel}","templated":true}]}}