{"id":33028,"date":"2019-11-11T09:42:12","date_gmt":"2019-11-11T07:42:12","guid":{"rendered":"https:\/\/rfix.eu\/erilahendused\/"},"modified":"2024-09-15T20:45:41","modified_gmt":"2024-09-15T17:45:41","slug":"custom-solutions","status":"publish","type":"page","link":"https:\/\/rfix.eu\/en\/custom-solutions\/","title":{"rendered":"Custom solutions"},"content":{"rendered":"\n<p>R-FIX helps you carry out complex or large projects by providing technical support and design and production of project-based products.<\/p>\n\n\n\n<p>Often, a standard product is not suitable for use in specific projects either because of price, complexity of the installation or the specificity of the fastening.  <\/p>\n\n\n\n<p>In such cases, customisation of a standard product to fit a project usually helps, for example, by using specific fixing apertures or by using railing profiles with special anodisation. <\/p>\n\n\n\n<p>In some projects there are fixing assemblies, in which case it is not enough to change a standard product. In such cases a custom solution must be designed. <\/p>\n\n\n<div id=\"acf-block-block_ca9210bc8685f64c3909481d6961d038\" class=\" acf-block-element block-bordered\">\n<div class=\"bordered-box text-center\"><img decoding=\"async\" src=\"https:\/\/rfix.eu\/wp-content\/uploads\/2019\/11\/anname-n-u.svg\" class=\"custom-svg\" alt=\"\" \/><h3>We provide advice at the project preparation stage, help to refine work designs and select suitable fastening fittings.<\/h3><p>Over many years, we have helped both designers and builders create safe and cost-effective glass-metal structures, and we can make the right recommendations based on this experience.<\/p><\/div><\/div>\n\n\n<h2 class=\"wp-block-heading has-text-align-center\"><strong>Our work process<\/strong><\/h2>\n\n\n<div id=\"acf-block-block_68fa382c5bbe1090ecc2910c1e7a672d\" class=\"acf-block-element block-iconboxes\">\n<div class=\"gutenberg-iconboxes\"><div class=\"iconbox d-flex flex-wrap\"><div class=\"iconbox-icon\"><div class=\"d-flex flex-wrap align-items-center justify-content-center\"><img decoding=\"async\" src=\"https:\/\/rfix.eu\/wp-content\/uploads\/2019\/11\/samm-1.svg\" class=\"custom-svg\" alt=\"\" \/><\/div><\/div><div class=\"iconbox-content\"><h6 class=\"text-uppercase\">STEP 1<\/h6><div class=\"editor-content\"><p>Together with the customer, we map the requirements of the fastening fittings according to the project drawings and requirements. From our side, specialists with extensive experience are involved in finding a solution that is beautiful, safe and competitive at the same time.<\/p>\n<\/div><\/div><\/div><div class=\"iconbox d-flex flex-wrap\"><div class=\"iconbox-icon\"><div class=\"d-flex flex-wrap align-items-center justify-content-center\"><img decoding=\"async\" src=\"https:\/\/rfix.eu\/wp-content\/uploads\/2019\/11\/samm-2.svg\" class=\"custom-svg\" alt=\"\" \/><\/div><\/div><div class=\"iconbox-content\"><h6 class=\"text-uppercase\">STEP 2<\/h6><div class=\"editor-content\"><p>We choose suitable standard products or design project-based products. We choose the most cost-effective solutions for the customer.<br \/>\nIn the design process, we perform strength calculations on the glass and fastening fittings based on the weight of the glass pane and the loads imposed on the glass, such as the operating load and wind load. Based on the complexity of the design, we perform manual calculations as well as FEM calculations with Autodesk Nastran.<\/p>\n<\/div><\/div><\/div><div class=\"iconbox d-flex flex-wrap\"><div class=\"iconbox-icon\"><div class=\"d-flex flex-wrap align-items-center justify-content-center\"><img decoding=\"async\" src=\"https:\/\/rfix.eu\/wp-content\/uploads\/2019\/11\/samm-3.svg\" class=\"custom-svg\" alt=\"\" \/><\/div><\/div><div class=\"iconbox-content\"><h6 class=\"text-uppercase\">STEP 3<\/h6><div class=\"editor-content\"><p>We suggest suitable fixing assemblies for the design and provide the customer\u2019s designer with instructions on how to use our products correctly in the design.<\/p>\n<\/div><\/div><\/div><div class=\"iconbox d-flex flex-wrap\"><div class=\"iconbox-icon\"><div class=\"d-flex flex-wrap align-items-center justify-content-center\"><img decoding=\"async\" src=\"https:\/\/rfix.eu\/wp-content\/uploads\/2019\/11\/samm-4.svg\" class=\"custom-svg\" alt=\"\" \/><\/div><\/div><div class=\"iconbox-content\"><h6 class=\"text-uppercase\">STEP 4<\/h6><div class=\"editor-content\"><p>We produce the fastening fittings approved for the project and, if necessary, we will carry out load tests in the laboratory to demonstrate their compliance with the requirements.<\/p>\n<\/div><\/div><\/div><div class=\"iconbox d-flex flex-wrap\"><div class=\"iconbox-icon\"><div class=\"d-flex flex-wrap align-items-center justify-content-center\"><img decoding=\"async\" src=\"https:\/\/rfix.eu\/wp-content\/uploads\/2019\/11\/samm-5.svg\" class=\"custom-svg\" alt=\"\" \/><\/div><\/div><div class=\"iconbox-content\"><h6 class=\"text-uppercase\">STEP 5<\/h6><div class=\"editor-content\"><p>We deliver the products as agreed, either to the site or to the customer&#8217;s production facility. We issue the documentation needed for the project with the products \u2013 DoP certificates and user manuals.<\/p>\n<\/div><\/div><\/div><div class=\"iconbox d-flex flex-wrap\"><div class=\"iconbox-icon\"><div class=\"d-flex flex-wrap align-items-center justify-content-center\"><img decoding=\"async\" src=\"https:\/\/rfix.eu\/wp-content\/uploads\/2019\/11\/samm-6.svg\" class=\"custom-svg\" alt=\"\" \/><\/div><\/div><div class=\"iconbox-content\"><h6 class=\"text-uppercase\">STEP 6<\/h6><div class=\"editor-content\"><p>We will always be there for the customer after the sale, and we will help resolve possible issues. <\/p>\n<\/div><\/div><\/div><\/div><\/div>","protected":false},"excerpt":{"rendered":"<p>R-FIX helps you carry out complex or large projects by providing technical support and design and production of project-based products&#8230;.<\/p>\n","protected":false},"author":1,"featured_media":0,"parent":0,"menu_order":20,"comment_status":"closed","ping_status":"closed","template":"","meta":{"_acf_changed":false,"inline_featured_image":false,"footnotes":""},"class_list":["post-33028","page","type-page","status-publish","hentry"],"acf":[],"yoast_head":"<!-- This site is optimized with the Yoast SEO plugin v27.2 - https:\/\/yoast.com\/product\/yoast-seo-wordpress\/ -->\n<title>Klaaspiirete, -fassaadide ja -varikatuste erilahendused - R-FIX O\u00dc<\/title>\n<meta name=\"description\" content=\"Anname n\u00f5u projektide koostamise staadiumis, aitame t\u00e4psustada t\u00f6\u00f6projekte ning valida sobivaid kinnitustarvikuid. Loe siit l\u00e4hemalt!\" \/>\n<meta name=\"robots\" content=\"index, follow, max-snippet:-1, max-image-preview:large, max-video-preview:-1\" \/>\n<link rel=\"canonical\" href=\"https:\/\/rfix.eu\/en\/custom-solutions\/\" \/>\n<meta property=\"og:locale\" content=\"en_US\" \/>\n<meta property=\"og:type\" content=\"article\" \/>\n<meta property=\"og:title\" content=\"Klaaspiirete, -fassaadide ja -varikatuste erilahendused - R-FIX O\u00dc\" \/>\n<meta property=\"og:description\" content=\"Anname n\u00f5u projektide koostamise staadiumis, aitame t\u00e4psustada t\u00f6\u00f6projekte ning valida sobivaid kinnitustarvikuid. Loe siit l\u00e4hemalt!\" \/>\n<meta property=\"og:url\" content=\"https:\/\/rfix.eu\/en\/custom-solutions\/\" \/>\n<meta property=\"og:site_name\" content=\"Rfix.eu\" \/>\n<meta property=\"article:modified_time\" content=\"2024-09-15T17:45:41+00:00\" \/>\n<meta name=\"twitter:card\" content=\"summary_large_image\" \/>\n<meta name=\"twitter:label1\" content=\"Est. reading time\" \/>\n\t<meta name=\"twitter:data1\" content=\"1 minute\" \/>\n<script type=\"application\/ld+json\" class=\"yoast-schema-graph\">{\"@context\":\"https:\/\/schema.org\",\"@graph\":[{\"@type\":\"WebPage\",\"@id\":\"https:\/\/rfix.eu\/en\/custom-solutions\/\",\"url\":\"https:\/\/rfix.eu\/en\/custom-solutions\/\",\"name\":\"Klaaspiirete, -fassaadide ja -varikatuste erilahendused - R-FIX O\u00dc\",\"isPartOf\":{\"@id\":\"https:\/\/rfix.eu\/#website\"},\"datePublished\":\"2019-11-11T07:42:12+00:00\",\"dateModified\":\"2024-09-15T17:45:41+00:00\",\"description\":\"Anname n\u00f5u projektide koostamise staadiumis, aitame t\u00e4psustada t\u00f6\u00f6projekte ning valida sobivaid kinnitustarvikuid. Loe siit l\u00e4hemalt!\",\"breadcrumb\":{\"@id\":\"https:\/\/rfix.eu\/en\/custom-solutions\/#breadcrumb\"},\"inLanguage\":\"en-US\",\"potentialAction\":[{\"@type\":\"ReadAction\",\"target\":[\"https:\/\/rfix.eu\/en\/custom-solutions\/\"]}]},{\"@type\":\"BreadcrumbList\",\"@id\":\"https:\/\/rfix.eu\/en\/custom-solutions\/#breadcrumb\",\"itemListElement\":[{\"@type\":\"ListItem\",\"position\":1,\"name\":\"Home\",\"item\":\"https:\/\/rfix.eu\/en\/\"},{\"@type\":\"ListItem\",\"position\":2,\"name\":\"Custom solutions\"}]},{\"@type\":\"WebSite\",\"@id\":\"https:\/\/rfix.eu\/#website\",\"url\":\"https:\/\/rfix.eu\/\",\"name\":\"Rfix.eu\",\"description\":\"Roostevabast terasest kinnitustarvikud professionaalile R-FIX Klaasikinnituste tootja: klaasikinnitused, klaaspiirded, t\u00f5mbid\",\"potentialAction\":[{\"@type\":\"SearchAction\",\"target\":{\"@type\":\"EntryPoint\",\"urlTemplate\":\"https:\/\/rfix.eu\/?s={search_term_string}\"},\"query-input\":{\"@type\":\"PropertyValueSpecification\",\"valueRequired\":true,\"valueName\":\"search_term_string\"}}],\"inLanguage\":\"en-US\"}]}<\/script>\n<!-- \/ Yoast SEO plugin. -->","yoast_head_json":{"title":"Klaaspiirete, -fassaadide ja -varikatuste erilahendused - R-FIX O\u00dc","description":"Anname n\u00f5u projektide koostamise staadiumis, aitame t\u00e4psustada t\u00f6\u00f6projekte ning valida sobivaid kinnitustarvikuid. Loe siit l\u00e4hemalt!","robots":{"index":"index","follow":"follow","max-snippet":"max-snippet:-1","max-image-preview":"max-image-preview:large","max-video-preview":"max-video-preview:-1"},"canonical":"https:\/\/rfix.eu\/en\/custom-solutions\/","og_locale":"en_US","og_type":"article","og_title":"Klaaspiirete, -fassaadide ja -varikatuste erilahendused - R-FIX O\u00dc","og_description":"Anname n\u00f5u projektide koostamise staadiumis, aitame t\u00e4psustada t\u00f6\u00f6projekte ning valida sobivaid kinnitustarvikuid. Loe siit l\u00e4hemalt!","og_url":"https:\/\/rfix.eu\/en\/custom-solutions\/","og_site_name":"Rfix.eu","article_modified_time":"2024-09-15T17:45:41+00:00","twitter_card":"summary_large_image","twitter_misc":{"Est. reading time":"1 minute"},"schema":{"@context":"https:\/\/schema.org","@graph":[{"@type":"WebPage","@id":"https:\/\/rfix.eu\/en\/custom-solutions\/","url":"https:\/\/rfix.eu\/en\/custom-solutions\/","name":"Klaaspiirete, -fassaadide ja -varikatuste erilahendused - R-FIX O\u00dc","isPartOf":{"@id":"https:\/\/rfix.eu\/#website"},"datePublished":"2019-11-11T07:42:12+00:00","dateModified":"2024-09-15T17:45:41+00:00","description":"Anname n\u00f5u projektide koostamise staadiumis, aitame t\u00e4psustada t\u00f6\u00f6projekte ning valida sobivaid kinnitustarvikuid. Loe siit l\u00e4hemalt!","breadcrumb":{"@id":"https:\/\/rfix.eu\/en\/custom-solutions\/#breadcrumb"},"inLanguage":"en-US","potentialAction":[{"@type":"ReadAction","target":["https:\/\/rfix.eu\/en\/custom-solutions\/"]}]},{"@type":"BreadcrumbList","@id":"https:\/\/rfix.eu\/en\/custom-solutions\/#breadcrumb","itemListElement":[{"@type":"ListItem","position":1,"name":"Home","item":"https:\/\/rfix.eu\/en\/"},{"@type":"ListItem","position":2,"name":"Custom solutions"}]},{"@type":"WebSite","@id":"https:\/\/rfix.eu\/#website","url":"https:\/\/rfix.eu\/","name":"Rfix.eu","description":"Roostevabast terasest kinnitustarvikud professionaalile R-FIX Klaasikinnituste tootja: klaasikinnitused, klaaspiirded, t\u00f5mbid","potentialAction":[{"@type":"SearchAction","target":{"@type":"EntryPoint","urlTemplate":"https:\/\/rfix.eu\/?s={search_term_string}"},"query-input":{"@type":"PropertyValueSpecification","valueRequired":true,"valueName":"search_term_string"}}],"inLanguage":"en-US"}]}},"_links":{"self":[{"href":"https:\/\/rfix.eu\/en\/wp-json\/wp\/v2\/pages\/33028","targetHints":{"allow":["GET"]}}],"collection":[{"href":"https:\/\/rfix.eu\/en\/wp-json\/wp\/v2\/pages"}],"about":[{"href":"https:\/\/rfix.eu\/en\/wp-json\/wp\/v2\/types\/page"}],"author":[{"embeddable":true,"href":"https:\/\/rfix.eu\/en\/wp-json\/wp\/v2\/users\/1"}],"replies":[{"embeddable":true,"href":"https:\/\/rfix.eu\/en\/wp-json\/wp\/v2\/comments?post=33028"}],"version-history":[{"count":2,"href":"https:\/\/rfix.eu\/en\/wp-json\/wp\/v2\/pages\/33028\/revisions"}],"predecessor-version":[{"id":127674,"href":"https:\/\/rfix.eu\/en\/wp-json\/wp\/v2\/pages\/33028\/revisions\/127674"}],"wp:attachment":[{"href":"https:\/\/rfix.eu\/en\/wp-json\/wp\/v2\/media?parent=33028"}],"curies":[{"name":"wp","href":"https:\/\/api.w.org\/{rel}","templated":true}]}}