{"id":32861,"date":"2019-11-11T12:56:07","date_gmt":"2019-11-11T10:56:07","guid":{"rendered":"https:\/\/rfix.eu\/kalkulaator\/"},"modified":"2021-09-30T11:34:30","modified_gmt":"2021-09-30T08:34:30","slug":"calculator","status":"publish","type":"page","link":"https:\/\/rfix.eu\/en\/calculator\/","title":{"rendered":"Glass thickness calculator for glass railing"},"content":{"rendered":"\n<p>Finding the right dimensions for glass is very important from the standpoint of safety, as the strength of the glass railing depends directly on the thickness of the glass. Often, calculating the thickness of glass causes problems for builders and designers because it requires specific knowledge and experience. Here you will find a calculator for calculating the thickness of glass railings, applicable to our GP and GPR profiles systems.<\/p>\n\n\n<div id=\"acf-block-block_5dc9400d43e14\" class=\"acf-block-narrow acf-block-element block-calculator\">\n    <div class=\"calculator-content\"><p class=\"text-center\"><strong>Please choose the height of the glass railing (height of the profile + glass) and the linear load of the railing required in the design and you will get the required glass thickness:<\/strong><\/p><form class=\"calculator_form\"><div class=\"row row-form\"><div class=\"col-12 col-md-6\"><fieldset><legend>Height of the glass railing<\/legend><div class=\"form-group\"><select required class=\"form-control\" id=\"rfix_calculator_korgus\"><option value=\"\">Select height<\/option>    <option value=\"800\">800 mm<\/option>\n    <option value=\"900\">900 mm<\/option>\n    <option value=\"1000\">1000 mm<\/option>\n    <option value=\"1100\">1100 mm<\/option>\n    <option value=\"1200\">1200 mm<\/option>\n    <option value=\"1300\">1300 mm<\/option>\n    <option value=\"1400\">1400 mm<\/option>\n    <option value=\"1500\">1500 mm<\/option>\n    <\/select><\/div><\/fieldset><\/div><div class=\"col-12 col-md-6\"><fieldset><legend>Line load<\/legend><div class=\"form-group\"><select required class=\"form-control\" id=\"rfix_calculator_joonkoormus\"><option value=\"\">Select line load<\/option>    <option value=\"0.5\">0.5 kN\/m<\/option>\n    <option value=\"1\">1 kN\/m<\/option>\n    <option value=\"1.5\">1.5 kN\/m<\/option>\n    <option value=\"3\">3 kN\/m<\/option>\n    <\/select><\/div><\/fieldset><\/div><div class=\"col-12 text-center\"><button type=\"submit\" class=\"btn btn-primary\">Calculate<svg xmlns=\"http:\/\/www.w3.org\/2000\/svg\" width=\"32\" height=\"16\" viewBox=\"0 0 32 16\"><path fill=\"#fff\" fill-rule=\"nonzero\" d=\"M27.967 3.773l3.81 3.703a.726.726 0 0 1 0 1.048l-3.81 3.703a.777.777 0 0 1-1.077 0 .726.726 0 0 1 0-1.047l2.539-2.47L1.6 8.712a.711.711 0 1 1 0-1.422h27.829l-2.54-2.469a.726.726 0 0 1 0-1.047.777.777 0 0 1 1.078 0z\"><\/path><\/svg><\/button><\/div><\/div><\/form><\/div><div class=\"bordered-box text-center\" style=\"display:none;\"><h3>Calculation result<\/h3><p id=\"rfix_calculator_result\">Vastavalt piirde k\u00f5rgusele ja joonkoormusele peab karastatud-lamineeritud klaasi paksus olema 5+5 mm ja ainult karastatud klaasi paksus 10 mm.<\/p><\/div><\/div>\n\n\n<p>The thickness of the glass is calculated using the FEA method according to maximum allowed stress on the glass under EN 16612:2019. The maximum permissible deflection of the glass railing, which may be stipulated in national local standards, is not taken into account in the calculation.<\/p>\n","protected":false},"excerpt":{"rendered":"<p>Finding the right dimensions for glass is very important from the standpoint of safety, as the strength of the glass&#8230;<\/p>\n","protected":false},"author":1,"featured_media":0,"parent":0,"menu_order":40,"comment_status":"closed","ping_status":"closed","template":"","meta":{"_acf_changed":false,"inline_featured_image":false,"footnotes":""},"class_list":["post-32861","page","type-page","status-publish","hentry"],"acf":[],"yoast_head":"<!-- This site is optimized with the Yoast SEO plugin v27.2 - https:\/\/yoast.com\/product\/yoast-seo-wordpress\/ -->\n<title>Klaasi paksuse kalkulaator - R-FIX O\u00dc<\/title>\n<meta name=\"description\" content=\"Siit leiate t\u00e4isklaaspiirde klaasi paksuse arvutamise kalkulaatori, mis on kehtiv meie GP profiili s\u00fcsteemiga.\" \/>\n<meta name=\"robots\" content=\"index, follow, max-snippet:-1, max-image-preview:large, max-video-preview:-1\" \/>\n<link rel=\"canonical\" href=\"https:\/\/rfix.eu\/en\/calculator\/\" \/>\n<meta property=\"og:locale\" content=\"en_US\" \/>\n<meta property=\"og:type\" content=\"article\" \/>\n<meta property=\"og:title\" content=\"Klaasi paksuse kalkulaator - R-FIX O\u00dc\" \/>\n<meta property=\"og:description\" content=\"Siit leiate t\u00e4isklaaspiirde klaasi paksuse arvutamise kalkulaatori, mis on kehtiv meie GP profiili s\u00fcsteemiga.\" \/>\n<meta property=\"og:url\" content=\"https:\/\/rfix.eu\/en\/calculator\/\" \/>\n<meta property=\"og:site_name\" content=\"Rfix.eu\" \/>\n<meta property=\"article:modified_time\" content=\"2021-09-30T08:34:30+00:00\" \/>\n<meta name=\"twitter:card\" content=\"summary_large_image\" \/>\n<meta name=\"twitter:label1\" content=\"Est. reading time\" \/>\n\t<meta name=\"twitter:data1\" content=\"1 minute\" \/>\n<script type=\"application\/ld+json\" class=\"yoast-schema-graph\">{\"@context\":\"https:\/\/schema.org\",\"@graph\":[{\"@type\":\"WebPage\",\"@id\":\"https:\/\/rfix.eu\/en\/calculator\/\",\"url\":\"https:\/\/rfix.eu\/en\/calculator\/\",\"name\":\"Klaasi paksuse kalkulaator - R-FIX O\u00dc\",\"isPartOf\":{\"@id\":\"https:\/\/rfix.eu\/#website\"},\"datePublished\":\"2019-11-11T10:56:07+00:00\",\"dateModified\":\"2021-09-30T08:34:30+00:00\",\"description\":\"Siit leiate t\u00e4isklaaspiirde klaasi paksuse arvutamise kalkulaatori, mis on kehtiv meie GP profiili s\u00fcsteemiga.\",\"breadcrumb\":{\"@id\":\"https:\/\/rfix.eu\/en\/calculator\/#breadcrumb\"},\"inLanguage\":\"en-US\",\"potentialAction\":[{\"@type\":\"ReadAction\",\"target\":[\"https:\/\/rfix.eu\/en\/calculator\/\"]}]},{\"@type\":\"BreadcrumbList\",\"@id\":\"https:\/\/rfix.eu\/en\/calculator\/#breadcrumb\",\"itemListElement\":[{\"@type\":\"ListItem\",\"position\":1,\"name\":\"Home\",\"item\":\"https:\/\/rfix.eu\/en\/\"},{\"@type\":\"ListItem\",\"position\":2,\"name\":\"Glass thickness calculator for glass railing\"}]},{\"@type\":\"WebSite\",\"@id\":\"https:\/\/rfix.eu\/#website\",\"url\":\"https:\/\/rfix.eu\/\",\"name\":\"Rfix.eu\",\"description\":\"Roostevabast terasest kinnitustarvikud professionaalile R-FIX Klaasikinnituste tootja: klaasikinnitused, klaaspiirded, t\u00f5mbid\",\"potentialAction\":[{\"@type\":\"SearchAction\",\"target\":{\"@type\":\"EntryPoint\",\"urlTemplate\":\"https:\/\/rfix.eu\/?s={search_term_string}\"},\"query-input\":{\"@type\":\"PropertyValueSpecification\",\"valueRequired\":true,\"valueName\":\"search_term_string\"}}],\"inLanguage\":\"en-US\"}]}<\/script>\n<!-- \/ Yoast SEO plugin. -->","yoast_head_json":{"title":"Klaasi paksuse kalkulaator - R-FIX O\u00dc","description":"Siit leiate t\u00e4isklaaspiirde klaasi paksuse arvutamise kalkulaatori, mis on kehtiv meie GP profiili s\u00fcsteemiga.","robots":{"index":"index","follow":"follow","max-snippet":"max-snippet:-1","max-image-preview":"max-image-preview:large","max-video-preview":"max-video-preview:-1"},"canonical":"https:\/\/rfix.eu\/en\/calculator\/","og_locale":"en_US","og_type":"article","og_title":"Klaasi paksuse kalkulaator - R-FIX O\u00dc","og_description":"Siit leiate t\u00e4isklaaspiirde klaasi paksuse arvutamise kalkulaatori, mis on kehtiv meie GP profiili s\u00fcsteemiga.","og_url":"https:\/\/rfix.eu\/en\/calculator\/","og_site_name":"Rfix.eu","article_modified_time":"2021-09-30T08:34:30+00:00","twitter_card":"summary_large_image","twitter_misc":{"Est. reading time":"1 minute"},"schema":{"@context":"https:\/\/schema.org","@graph":[{"@type":"WebPage","@id":"https:\/\/rfix.eu\/en\/calculator\/","url":"https:\/\/rfix.eu\/en\/calculator\/","name":"Klaasi paksuse kalkulaator - R-FIX O\u00dc","isPartOf":{"@id":"https:\/\/rfix.eu\/#website"},"datePublished":"2019-11-11T10:56:07+00:00","dateModified":"2021-09-30T08:34:30+00:00","description":"Siit leiate t\u00e4isklaaspiirde klaasi paksuse arvutamise kalkulaatori, mis on kehtiv meie GP profiili s\u00fcsteemiga.","breadcrumb":{"@id":"https:\/\/rfix.eu\/en\/calculator\/#breadcrumb"},"inLanguage":"en-US","potentialAction":[{"@type":"ReadAction","target":["https:\/\/rfix.eu\/en\/calculator\/"]}]},{"@type":"BreadcrumbList","@id":"https:\/\/rfix.eu\/en\/calculator\/#breadcrumb","itemListElement":[{"@type":"ListItem","position":1,"name":"Home","item":"https:\/\/rfix.eu\/en\/"},{"@type":"ListItem","position":2,"name":"Glass thickness calculator for glass railing"}]},{"@type":"WebSite","@id":"https:\/\/rfix.eu\/#website","url":"https:\/\/rfix.eu\/","name":"Rfix.eu","description":"Roostevabast terasest kinnitustarvikud professionaalile R-FIX Klaasikinnituste tootja: klaasikinnitused, klaaspiirded, t\u00f5mbid","potentialAction":[{"@type":"SearchAction","target":{"@type":"EntryPoint","urlTemplate":"https:\/\/rfix.eu\/?s={search_term_string}"},"query-input":{"@type":"PropertyValueSpecification","valueRequired":true,"valueName":"search_term_string"}}],"inLanguage":"en-US"}]}},"_links":{"self":[{"href":"https:\/\/rfix.eu\/en\/wp-json\/wp\/v2\/pages\/32861","targetHints":{"allow":["GET"]}}],"collection":[{"href":"https:\/\/rfix.eu\/en\/wp-json\/wp\/v2\/pages"}],"about":[{"href":"https:\/\/rfix.eu\/en\/wp-json\/wp\/v2\/types\/page"}],"author":[{"embeddable":true,"href":"https:\/\/rfix.eu\/en\/wp-json\/wp\/v2\/users\/1"}],"replies":[{"embeddable":true,"href":"https:\/\/rfix.eu\/en\/wp-json\/wp\/v2\/comments?post=32861"}],"version-history":[{"count":0,"href":"https:\/\/rfix.eu\/en\/wp-json\/wp\/v2\/pages\/32861\/revisions"}],"wp:attachment":[{"href":"https:\/\/rfix.eu\/en\/wp-json\/wp\/v2\/media?parent=32861"}],"curies":[{"name":"wp","href":"https:\/\/api.w.org\/{rel}","templated":true}]}}